{"id":1182,"date":"2021-05-27T16:56:22","date_gmt":"2021-05-27T08:11:22","guid":{"rendered":"https:\/\/kloesters.nl\/datenschutzerklaerung\/"},"modified":"2021-05-27T16:56:23","modified_gmt":"2021-05-27T08:11:23","slug":"datenschutzerklaerung","status":"publish","type":"page","link":"https:\/\/www.kloesters.nl\/de\/datenschutzerklaerung\/","title":{"rendered":"Datenschutzerkl\u00e4rung"},"content":{"rendered":"<div class=\"wpb-content-wrapper\"><p>[vc_row css_animation=&#8220;&#8220; row_type=&#8220;row&#8220; use_row_as_full_screen_section=&#8220;no&#8220; type=&#8220;grid&#8220; angled_section=&#8220;no&#8220; text_align=&#8220;left&#8220; background_image_as_pattern=&#8220;without_pattern&#8220; z_index=&#8220;&#8220; css=&#8220;.vc_custom_1592218872412{padding-top: 2em !important;padding-bottom: 5em !important;}&#8220;][vc_column width=&#8220;1\/6&#8243;][\/vc_column][vc_column width=&#8220;2\/3&#8243;][vc_column_text]<\/p>\n<p>Josef Kl\u00f6sters Kies &amp; Beton GmbH mit Sitz in der Kempenerstra\u00dfe 100 in Wachtendonk ist f\u00fcr die Verarbeitung personenbezogener Daten, wie in dieser Datenschutzerkl\u00e4rung beschrieben, verantwortlich.<\/p>\n<p>&nbsp;<\/p>\n<p><strong>Kontaktdaten:<\/strong><br \/>www.kloesters.nl<br \/>Kempenerstra\u00dfe 100<br \/>Wachtendonk<br \/>+49 2836\u00a09111137<\/p>\n<p>Datenschutzbeauftragter der Josef Kl\u00f6sters Kies &amp; Beton GmbH ist Marco Driessen, erreichbar unter driessen@kloesters.de.<\/p>\n<p>&nbsp;<\/p>\n<h2>VON UNS VERARBEITETE PERSONENBEZOGENE DATEN<\/h2>\n<p>Josef Kl\u00f6sters Kies &amp; Beton GmbH verarbeitet personenbezogene Daten, die durch Ihre Nutzung unserer Dienstleistungen erhoben werden und\/oder die Sie uns selbst \u00fcbermittelt haben.<br \/>Wir verarbeiten die folgenden Kategorien personenbezogener Daten:<br \/>\u2013 Vor- und Nachname<br \/>\u2013 Adressdaten<br \/>\u2013 Telefonnummer<\/p>\n<p>\u2013 E-Mail-Adresse<\/p>\n<p>&nbsp;<\/p>\n<h2>VON UNS VERARBEITETE BESONDERE UND\/ODER SENSIBLE PERSONENBEZOGENE DATEN<\/h2>\n<p>Wir beabsichtigen mit unserer Website und unseren Dienstleistungen nicht, Daten \u00fcber Websitebesucher unter 16 Jahren zu erheben, es sei denn, die Erziehungsberechtigten haben ihre Einwilligung dazu erteilt. Wir k\u00f6nnen jedoch nicht kontrollieren, ob ein Besucher unserer Website das 16. Lebensjahr vollendet hat. Wir empfehlen den Erziehungsberechtigten daher, die Online-Aktivit\u00e4ten ihrer Kinder zu kontrollieren um sicherzustellen, dass ohne ihre Einwilligung keine Daten \u00fcber ihre Kinder erhoben werden. Wenn Sie sicher sind, dass wir ohne diese Einwilligung personenbezogene Daten eines minderj\u00e4hrigen Kindes erhoben haben, teilen Sie uns dies bitte unter driessen@kloesters.de mit; wir werden die betreffenden Daten dann l\u00f6schen.<\/p>\n<p>&nbsp;<\/p>\n<h2>GRUNDLAGE UND ZWECK DER VERARBEITUNG PERSONENBEZOGENER DATEN<\/h2>\n<p>Josef Kl\u00f6sters Kies &amp; Beton GmbH verarbeitet Ihre personenbezogenen Daten f\u00fcr die folgenden Zwecke:<br \/>\u2013 um Ihre Zahlung abzuwickeln;<br \/>\u2013 um Sie \u00fcber \u00c4nderungen unserer Dienstleistungen oder Produkte zu informieren;<\/p>\n<p>\u2013 um Ihnen Produkte oder Dienstleistungen zu liefern.<\/p>\n<p>&nbsp;<\/p>\n<h2>KEINE AUTOMATISIERTE ENTSCHEIDUNGSFINDUNG<\/h2>\n<p>Josef Kl\u00f6sters Kies &amp; Beton GmbH trifft auf der Grundlage automatisierter Verarbeitungen [Entscheidungen \/ keine Entscheidungen] \u00fcber Angelegenheiten, die (wesentliche) Folgen f\u00fcr Personen haben k\u00f6nnen. Dies betrifft Entscheidungen, die ohne Mitwirkung eines Menschen (beispielsweise eines Mitarbeiters von Josef Kl\u00f6sters Kies &amp; Beton GmbH) von Computerprogrammen oder -systemen getroffen werden. Josef Kl\u00f6sters Kies &amp; Beton GmbH macht von den folgenden Computerprogrammen und -systemen Gebrauch:<\/p>\n<p>&nbsp;<\/p>\n<p>&nbsp;<\/p>\n<h2>DAUER DER AUFBEWAHRUNG PERSONENBEZOGENER DATEN<\/h2>\n<p>Josef Kl\u00f6sters Kies &amp; Beton GmbH verwahrt Ihre personenbezogenen Daten nicht l\u00e4nger, als es zur Realisierung des Zwecks, f\u00fcr den die Daten erhoben wurden, unbedingt notwendig ist. F\u00fcr die folgenden (Kategorien von) personenbezogenen Daten gelten bei uns die nachstehenden Aufbewahrungsfristen:<\/p>\n<p>&nbsp;<\/p>\n<h2>WEITERGABE PERSONENBEZOGENER DATEN AN DRITTE<\/h2>\n<p>Josef Kl\u00f6sters Kies &amp; Beton GmbH gibt ausschlie\u00dflich dann personenbezogene Daten an Dritte weiter, wenn dies f\u00fcr die Ausf\u00fchrung unseres Vertrags mit Ihnen oder zur Erf\u00fcllung einer rechtlichen Verpflichtung notwendig ist.<\/p>\n<p>&nbsp;<\/p>\n<h2>COOKIES UND VERGLEICHBARE VON UNS EINGESETZTE TECHNIKEN<\/h2>\n<p>Google Analytics<\/p>\n<ul>\n<li>Wir machen von Cookies von Google Analytics Gebrauch.<\/li>\n<li>Wir haben mit Google einen Auftragsverarbeitungsvertrag geschlossen;<\/li>\n<li>das letzte Oktett der IP-Adresse wird maskiert;<\/li>\n<li>die Datenfreigabe wurde deaktiviert;<\/li>\n<li>wir machen in Kombination mit Google-Analytics-Cookies keinen Gebrauch von anderen Google-Diensten.<\/li>\n<\/ul>\n<p>&nbsp;<\/p>\n<h2>AUSKUNFT, \u00c4NDERUNG UND L\u00d6SCHUNG<\/h2>\n<p>Sie haben das Recht auf Auskunft \u00fcber Ihre personenbezogenen Daten sowie auf deren Berichtigung und L\u00f6schung. Dar\u00fcber hinaus haben Sie das Recht, Ihre eventuelle Einwilligung in die Verarbeitung personenbezogener Daten zu widerrufen und gegen deren Verarbeitung durch die Josef Kl\u00f6sters Kies &amp; Beton GmbH Widerspruch einzulegen; au\u00dferdem haben Sie ein Recht auf Daten\u00fcbertragbarkeit. Das bedeutet, dass Sie uns auffordern k\u00f6nnen, die personenbezogenen Daten, die uns von Ihnen vorliegen, in Form einer Computerdatei an Sie oder eine von Ihnen benannte Organisation zu \u00fcbermitteln. Senden Sie Ihren Antrag auf Auskunft, Berichtigung, L\u00f6schung oder \u00dcbertragung Ihrer personenbezogenen Daten, den Widerruf Ihrer Einwilligung oder Ihren Widerspruch gegen die Verarbeitung Ihrer personenbezogenen Daten an <a href=\"mailto:driessen@kloesters.de\">driessen@kloesters.de<\/a>. Damit wir uns davon \u00fcberzeugen k\u00f6nnen, dass der Antrag tats\u00e4chlich von Ihnen selbst gestellt wurde, senden Sie bitte eine Kopie Ihres Ausweises oder Passes mit, in der Sie Ihr Passfoto, die maschinenlesbare Zone (Zeilen im unteren Bereich der Karte) und die Ausweisnummer geschw\u00e4rzt haben. Auf diese Weise sch\u00fctzen Sie Ihre Privatsph\u00e4re. Wir werden Ihrem Antrag schnellstm\u00f6glich, auf jeden Fall aber innerhalb von vier Wochen Folge leisten. Im \u00dcbrigen weist Josef Kl\u00f6sters Kies &amp; Beton GmbH darauf hin, dass Sie die M\u00f6glichkeit haben, eine Beschwerde bei der niederl\u00e4ndischen Datenschutzbeh\u00f6rde (Autoriteit Persoonsgegevens) einzureichen. Verwenden Sie hierzu den folgenden Link: <a href=\"https:\/\/autoriteitpersoonsgegevens.nl\/nl\/contact-met-de-autoriteit-persoonsgegevens\/tip-ons\">https:\/\/autoriteitpersoonsgegevens.nl\/nl\/contact-met-de-autoriteit-persoonsgegevens\/tip-ons<\/a>.<\/p>\n<p>&nbsp;<\/p>\n<h2>WIE WIR PERSONENBEZOGENE DATEN SICHERN<\/h2>\n<p>Josef Kl\u00f6sters Kies &amp; Beton GmbH nimmt den Schutz Ihrer Daten ernst und trifft geeignete Ma\u00dfnahmen gegen Missbrauch, Verlust, unerlaubten Zugang, unerw\u00fcnschte Ver\u00f6ffentlichung und unautorisierte \u00c4nderungen. Wenn Sie den Eindruck haben, Ihre Daten seien nicht gut gesichert, oder wenn Ihnen Hinweise auf einen Missbrauch vorliegen, setzen Sie sich bitte \u00fcber unseren Kundendienst oder per E-Mail an <a href=\"mailto:driessen@kloesters.de\">driessen@kloesters.de<\/a> mit uns in Verbindung.<\/p>\n<p>[\/vc_column_text][\/vc_column][vc_column width=&#8220;1\/6&#8243;][\/vc_column][\/vc_row]<\/p>\n<\/div>","protected":false},"excerpt":{"rendered":"<p>[vc_row css_animation=&#8220;&#8220; row_type=&#8220;row&#8220; use_row_as_full_screen_section=&#8220;no&#8220; type=&#8220;grid&#8220; angled_section=&#8220;no&#8220; text_align=&#8220;left&#8220; background_image_as_pattern=&#8220;without_pattern&#8220; z_index=&#8220;&#8220; css=&#8220;.vc_custom_1592218872412{padding-top: 2em !important;padding-bottom: 5em !important;}&#8220;][vc_column width=&#8220;1\/6&#8243;][\/vc_column][vc_column width=&#8220;2\/3&#8243;][vc_column_text] Josef Kl\u00f6sters Kies &amp; Beton GmbH mit Sitz in der Kempenerstra\u00dfe 100 in Wachtendonk ist f\u00fcr die Verarbeitung personenbezogener Daten, wie in dieser Datenschutzerkl\u00e4rung beschrieben, verantwortlich. &nbsp; Kontaktdaten:www.kloesters.nlKempenerstra\u00dfe 100Wachtendonk+49&#8230;<\/p>\n","protected":false},"author":1,"featured_media":0,"parent":0,"menu_order":0,"comment_status":"closed","ping_status":"open","template":"","meta":{"footnotes":""},"class_list":["post-1182","page","type-page","status-publish","hentry"],"yoast_head":"<!-- This site is optimized with the Yoast SEO plugin v27.4 - https:\/\/yoast.com\/product\/yoast-seo-wordpress\/ -->\n<title>Datenschutzerkl\u00e4rung - Kl\u00f6sters Beton<\/title>\n<meta name=\"robots\" content=\"index, follow, max-snippet:-1, max-image-preview:large, max-video-preview:-1\" \/>\n<link rel=\"canonical\" href=\"https:\/\/www.kloesters.nl\/de\/datenschutzerklaerung\/\" \/>\n<meta property=\"og:locale\" content=\"de_DE\" \/>\n<meta property=\"og:type\" content=\"article\" \/>\n<meta property=\"og:title\" content=\"Datenschutzerkl\u00e4rung - Kl\u00f6sters Beton\" \/>\n<meta property=\"og:description\" content=\"[vc_row css_animation=&#8220;&#8220; row_type=&#8220;row&#8220; use_row_as_full_screen_section=&#8220;no&#8220; type=&#8220;grid&#8220; angled_section=&#8220;no&#8220; text_align=&#8220;left&#8220; background_image_as_pattern=&#8220;without_pattern&#8220; z_index=&#8220;&#8220; css=&#8220;.vc_custom_1592218872412{padding-top: 2em !important;padding-bottom: 5em !important;}&#8220;][vc_column width=&#8220;1\/6&#8243;][\/vc_column][vc_column width=&#8220;2\/3&#8243;][vc_column_text] Josef Kl\u00f6sters Kies &amp; Beton GmbH mit Sitz in der Kempenerstra\u00dfe 100 in Wachtendonk ist f\u00fcr die Verarbeitung personenbezogener Daten, wie in dieser Datenschutzerkl\u00e4rung beschrieben, verantwortlich. &nbsp; Kontaktdaten:www.kloesters.nlKempenerstra\u00dfe 100Wachtendonk+49...\" \/>\n<meta property=\"og:url\" content=\"https:\/\/www.kloesters.nl\/de\/datenschutzerklaerung\/\" \/>\n<meta property=\"og:site_name\" content=\"Kl\u00f6sters Beton\" \/>\n<meta property=\"article:modified_time\" content=\"2021-05-27T08:11:23+00:00\" \/>\n<meta name=\"twitter:card\" content=\"summary_large_image\" \/>\n<meta name=\"twitter:label1\" content=\"Gesch\u00e4tzte Lesezeit\" \/>\n\t<meta name=\"twitter:data1\" content=\"4\u00a0Minuten\" \/>\n<script type=\"application\/ld+json\" class=\"yoast-schema-graph\">{\"@context\":\"https:\\\/\\\/schema.org\",\"@graph\":[{\"@type\":\"WebPage\",\"@id\":\"https:\\\/\\\/www.kloesters.nl\\\/de\\\/datenschutzerklaerung\\\/\",\"url\":\"https:\\\/\\\/www.kloesters.nl\\\/de\\\/datenschutzerklaerung\\\/\",\"name\":\"Datenschutzerkl\u00e4rung - Kl\u00f6sters Beton\",\"isPartOf\":{\"@id\":\"https:\\\/\\\/www.kloesters.nl\\\/de\\\/#website\"},\"datePublished\":\"2021-05-27T08:11:22+00:00\",\"dateModified\":\"2021-05-27T08:11:23+00:00\",\"breadcrumb\":{\"@id\":\"https:\\\/\\\/www.kloesters.nl\\\/de\\\/datenschutzerklaerung\\\/#breadcrumb\"},\"inLanguage\":\"de\",\"potentialAction\":[{\"@type\":\"ReadAction\",\"target\":[\"https:\\\/\\\/www.kloesters.nl\\\/de\\\/datenschutzerklaerung\\\/\"]}]},{\"@type\":\"BreadcrumbList\",\"@id\":\"https:\\\/\\\/www.kloesters.nl\\\/de\\\/datenschutzerklaerung\\\/#breadcrumb\",\"itemListElement\":[{\"@type\":\"ListItem\",\"position\":1,\"name\":\"Home\",\"item\":\"https:\\\/\\\/www.kloesters.nl\\\/de\\\/\"},{\"@type\":\"ListItem\",\"position\":2,\"name\":\"Datenschutzerkl\u00e4rung\"}]},{\"@type\":\"WebSite\",\"@id\":\"https:\\\/\\\/www.kloesters.nl\\\/de\\\/#website\",\"url\":\"https:\\\/\\\/www.kloesters.nl\\\/de\\\/\",\"name\":\"Kl\u00f6sters Beton\",\"description\":\"Welkom bij Kl\u00f6sters Beton\",\"potentialAction\":[{\"@type\":\"SearchAction\",\"target\":{\"@type\":\"EntryPoint\",\"urlTemplate\":\"https:\\\/\\\/www.kloesters.nl\\\/de\\\/?s={search_term_string}\"},\"query-input\":{\"@type\":\"PropertyValueSpecification\",\"valueRequired\":true,\"valueName\":\"search_term_string\"}}],\"inLanguage\":\"de\"}]}<\/script>\n<!-- \/ Yoast SEO plugin. -->","yoast_head_json":{"title":"Datenschutzerkl\u00e4rung - Kl\u00f6sters Beton","robots":{"index":"index","follow":"follow","max-snippet":"max-snippet:-1","max-image-preview":"max-image-preview:large","max-video-preview":"max-video-preview:-1"},"canonical":"https:\/\/www.kloesters.nl\/de\/datenschutzerklaerung\/","og_locale":"de_DE","og_type":"article","og_title":"Datenschutzerkl\u00e4rung - Kl\u00f6sters Beton","og_description":"[vc_row css_animation=&#8220;&#8220; row_type=&#8220;row&#8220; use_row_as_full_screen_section=&#8220;no&#8220; type=&#8220;grid&#8220; angled_section=&#8220;no&#8220; text_align=&#8220;left&#8220; background_image_as_pattern=&#8220;without_pattern&#8220; z_index=&#8220;&#8220; css=&#8220;.vc_custom_1592218872412{padding-top: 2em !important;padding-bottom: 5em !important;}&#8220;][vc_column width=&#8220;1\/6&#8243;][\/vc_column][vc_column width=&#8220;2\/3&#8243;][vc_column_text] Josef Kl\u00f6sters Kies &amp; Beton GmbH mit Sitz in der Kempenerstra\u00dfe 100 in Wachtendonk ist f\u00fcr die Verarbeitung personenbezogener Daten, wie in dieser Datenschutzerkl\u00e4rung beschrieben, verantwortlich. &nbsp; Kontaktdaten:www.kloesters.nlKempenerstra\u00dfe 100Wachtendonk+49...","og_url":"https:\/\/www.kloesters.nl\/de\/datenschutzerklaerung\/","og_site_name":"Kl\u00f6sters Beton","article_modified_time":"2021-05-27T08:11:23+00:00","twitter_card":"summary_large_image","twitter_misc":{"Gesch\u00e4tzte Lesezeit":"4\u00a0Minuten"},"schema":{"@context":"https:\/\/schema.org","@graph":[{"@type":"WebPage","@id":"https:\/\/www.kloesters.nl\/de\/datenschutzerklaerung\/","url":"https:\/\/www.kloesters.nl\/de\/datenschutzerklaerung\/","name":"Datenschutzerkl\u00e4rung - Kl\u00f6sters Beton","isPartOf":{"@id":"https:\/\/www.kloesters.nl\/de\/#website"},"datePublished":"2021-05-27T08:11:22+00:00","dateModified":"2021-05-27T08:11:23+00:00","breadcrumb":{"@id":"https:\/\/www.kloesters.nl\/de\/datenschutzerklaerung\/#breadcrumb"},"inLanguage":"de","potentialAction":[{"@type":"ReadAction","target":["https:\/\/www.kloesters.nl\/de\/datenschutzerklaerung\/"]}]},{"@type":"BreadcrumbList","@id":"https:\/\/www.kloesters.nl\/de\/datenschutzerklaerung\/#breadcrumb","itemListElement":[{"@type":"ListItem","position":1,"name":"Home","item":"https:\/\/www.kloesters.nl\/de\/"},{"@type":"ListItem","position":2,"name":"Datenschutzerkl\u00e4rung"}]},{"@type":"WebSite","@id":"https:\/\/www.kloesters.nl\/de\/#website","url":"https:\/\/www.kloesters.nl\/de\/","name":"Kl\u00f6sters Beton","description":"Welkom bij Kl\u00f6sters Beton","potentialAction":[{"@type":"SearchAction","target":{"@type":"EntryPoint","urlTemplate":"https:\/\/www.kloesters.nl\/de\/?s={search_term_string}"},"query-input":{"@type":"PropertyValueSpecification","valueRequired":true,"valueName":"search_term_string"}}],"inLanguage":"de"}]}},"_links":{"self":[{"href":"https:\/\/www.kloesters.nl\/de\/wp-json\/wp\/v2\/pages\/1182","targetHints":{"allow":["GET"]}}],"collection":[{"href":"https:\/\/www.kloesters.nl\/de\/wp-json\/wp\/v2\/pages"}],"about":[{"href":"https:\/\/www.kloesters.nl\/de\/wp-json\/wp\/v2\/types\/page"}],"author":[{"embeddable":true,"href":"https:\/\/www.kloesters.nl\/de\/wp-json\/wp\/v2\/users\/1"}],"replies":[{"embeddable":true,"href":"https:\/\/www.kloesters.nl\/de\/wp-json\/wp\/v2\/comments?post=1182"}],"version-history":[{"count":2,"href":"https:\/\/www.kloesters.nl\/de\/wp-json\/wp\/v2\/pages\/1182\/revisions"}],"predecessor-version":[{"id":1184,"href":"https:\/\/www.kloesters.nl\/de\/wp-json\/wp\/v2\/pages\/1182\/revisions\/1184"}],"wp:attachment":[{"href":"https:\/\/www.kloesters.nl\/de\/wp-json\/wp\/v2\/media?parent=1182"}],"curies":[{"name":"wp","href":"https:\/\/api.w.org\/{rel}","templated":true}]}}