{"id":1185,"date":"2021-05-27T17:04:49","date_gmt":"2021-05-27T08:19:49","guid":{"rendered":"https:\/\/kloesters.nl\/transportbeton\/"},"modified":"2021-05-27T20:31:11","modified_gmt":"2021-05-27T11:46:11","slug":"transportbeton","status":"publish","type":"page","link":"https:\/\/www.kloesters.nl\/de\/transportbeton\/","title":{"rendered":"Transportbeton"},"content":{"rendered":"<div class=\"wpb-content-wrapper\"><p>[vc_row css_animation=&#8220;&#8220; row_type=&#8220;row&#8220; use_row_as_full_screen_section=&#8220;no&#8220; type=&#8220;grid&#8220; angled_section=&#8220;no&#8220; text_align=&#8220;left&#8220; background_image_as_pattern=&#8220;without_pattern&#8220; css=&#8220;.vc_custom_1591951805052{padding-top: 5em !important;padding-bottom: 5em !important;}&#8220; z_index=&#8220;&#8220;][vc_column][vc_row_inner row_type=&#8220;row&#8220; type=&#8220;full_width&#8220; text_align=&#8220;left&#8220; css_animation=&#8220;&#8220;][vc_column_inner width=&#8220;1\/2&#8243;][vc_column_text]<\/p>\n<p>Unseren Transportbeton produzieren wir in unseren Betonwerken an der deutsch-niederl\u00e4ndischen Grenze zu. Dort stellen wir Transportbeton her, der die Normen NEN-EN 206-1 und NEN 8005 erf\u00fcllt.<\/p>\n<p>[\/vc_column_text][vc_empty_space height=&#8220;2em&#8220;][vc_column_text]<\/p>\n<h2>TRANSPORTBETON<\/h2>\n<p>[\/vc_column_text][vc_empty_space height=&#8220;1em&#8220;][vc_column_text]<\/p>\n<p>Unser gebrauchsfertiger Betonm\u00f6rtel eignet sich f\u00fcr eine Vielzahl von Anwendungen, beispielsweise f\u00fcr die Herstellung von Estrichen oder Gr\u00fcndungen. Dank unserer fortw\u00e4hrenden Untersuchungen zu Beton und seinen Anwendungen k\u00f6nnen wir Betonm\u00f6rtel in nachhaltigster Qualit\u00e4t liefern.<\/p>\n<p>[\/vc_column_text][vc_empty_space height=&#8220;2em&#8220;][\/vc_column_inner][vc_column_inner width=&#8220;1\/2&#8243;][vc_single_image image=&#8220;723&#8243; img_size=&#8220;full&#8220; qode_css_animation=&#8220;&#8220;][\/vc_column_inner][\/vc_row_inner][\/vc_column][\/vc_row][vc_row css_animation=&#8220;&#8220; row_type=&#8220;row&#8220; use_row_as_full_screen_section=&#8220;no&#8220; type=&#8220;grid&#8220; angled_section=&#8220;no&#8220; text_align=&#8220;left&#8220; background_image_as_pattern=&#8220;without_pattern&#8220; css=&#8220;.vc_custom_1591951811796{padding-top: 5em !important;padding-bottom: 5em !important;background-color: rgba(0,144,181,0.07) !important;*background-color: rgb(0,144,181) !important;}&#8220; z_index=&#8220;&#8220;][vc_column][vc_row_inner row_type=&#8220;row&#8220; type=&#8220;full_width&#8220; text_align=&#8220;left&#8220; css_animation=&#8220;&#8220;][vc_column_inner width=&#8220;1\/2&#8243;][vc_single_image image=&#8220;726&#8243; img_size=&#8220;full&#8220; qode_css_animation=&#8220;&#8220;][vc_empty_space height=&#8220;2em&#8220;][\/vc_column_inner][vc_column_inner width=&#8220;1\/2&#8243;][vc_column_text]<\/p>\n<h2>TRANSPORTBETON BESTELLEN<\/h2>\n<p>[\/vc_column_text][vc_empty_space height=&#8220;1em&#8220;][vc_column_text]<\/p>\n<p>Wenn Sie mehr \u00fcber Transportbeton und unsere Preise wissen m\u00f6chten, setzen Sie sich einfach mit uns in <a href=\"https:\/\/kloesters.nl\/de\/kontakt\/\">Verbindung<\/a>. Sind Sie nicht sicher, welche Art von Beton sich f\u00fcr Ihre Anwendung am besten eignet? Besprechen Sie Ihre W\u00fcnsche dann zun\u00e4chst mit einem Planer.<\/p>\n<p>M\u00f6chten Sie gleich Transportbeton bestellen? \u00dcbermitteln Sie uns dann bitte die folgenden Daten:<\/p>\n<p>[\/vc_column_text][vc_empty_space height=&#8220;1em&#8220;][vc_column_text]<\/p>\n<ul>\n<li>Festigkeitsklasse&nbsp;<\/li>\n<li>Expositionsklasse&nbsp;<\/li>\n<li>Konsistenzklasse&nbsp;<\/li>\n<li>Gr\u00f6\u00dftkorn (D<sub>max<\/sub>)&nbsp;<\/li>\n<li>Menge in Kubikmetern&nbsp;<\/li>\n<\/ul>\n<p>[\/vc_column_text][vc_empty_space height=&#8220;1em&#8220;][vc_column_text]<\/p>\n<p>Wir liefern den Transportbeton innerhalb von vier Werktagen mit dem Betonmischer auf die Baustelle. Nat\u00fcrlich k\u00f6nnen Sie den Transportbeton mit einem Anh\u00e4nger oder Lkw auch selbst bei einem unserer Betonwerke abholen.<\/p>\n<p>[\/vc_column_text][vc_empty_space height=&#8220;2em&#8220;]<a  itemprop=\"url\" href=\"\/de\/beton-bestellen\/\" target=\"_self\"  class=\"qbutton  default\" style=\"\">Transportbeton bestellen<i class=\"qode_icon_font_awesome fa fa-arrow-right qode_button_icon_element\"><\/i><\/a>[\/vc_column_inner][\/vc_row_inner][\/vc_column][\/vc_row]<\/p>\n<\/div>","protected":false},"excerpt":{"rendered":"<p>[vc_row css_animation=&#8220;&#8220; row_type=&#8220;row&#8220; use_row_as_full_screen_section=&#8220;no&#8220; type=&#8220;grid&#8220; angled_section=&#8220;no&#8220; text_align=&#8220;left&#8220; background_image_as_pattern=&#8220;without_pattern&#8220; css=&#8220;.vc_custom_1591951805052{padding-top: 5em !important;padding-bottom: 5em !important;}&#8220; z_index=&#8220;&#8220;][vc_column][vc_row_inner row_type=&#8220;row&#8220; type=&#8220;full_width&#8220; text_align=&#8220;left&#8220; css_animation=&#8220;&#8220;][vc_column_inner width=&#8220;1\/2&#8243;][vc_column_text] Unseren Transportbeton produzieren wir in unseren Betonwerken an der deutsch-niederl\u00e4ndischen Grenze zu. Dort stellen wir Transportbeton her, der die Normen NEN-EN 206-1 und NEN 8005 erf\u00fcllt&#8230;.<\/p>\n","protected":false},"author":1,"featured_media":0,"parent":0,"menu_order":0,"comment_status":"closed","ping_status":"closed","template":"full_width.php","meta":{"footnotes":""},"class_list":["post-1185","page","type-page","status-publish","hentry"],"yoast_head":"<!-- This site is optimized with the Yoast SEO plugin v27.4 - https:\/\/yoast.com\/product\/yoast-seo-wordpress\/ -->\n<title>Transportbeton: betonmortel kant-en-klaar<\/title>\n<meta name=\"description\" content=\"Kant-en-klare betonmortel is geschikt voor uiteenlopende toepassingen. Bijvoorbeeld werkvloeren of funderingen. Betonmortel van de meest duurzame kwaliteit.\" \/>\n<meta name=\"robots\" content=\"index, follow, max-snippet:-1, max-image-preview:large, max-video-preview:-1\" \/>\n<link rel=\"canonical\" href=\"https:\/\/www.kloesters.nl\/de\/transportbeton\/\" \/>\n<meta property=\"og:locale\" content=\"de_DE\" \/>\n<meta property=\"og:type\" content=\"article\" \/>\n<meta property=\"og:title\" content=\"Transportbeton: betonmortel kant-en-klaar\" \/>\n<meta property=\"og:description\" content=\"Kant-en-klare betonmortel is geschikt voor uiteenlopende toepassingen. Bijvoorbeeld werkvloeren of funderingen. Betonmortel van de meest duurzame kwaliteit.\" \/>\n<meta property=\"og:url\" content=\"https:\/\/www.kloesters.nl\/de\/transportbeton\/\" \/>\n<meta property=\"og:site_name\" content=\"Kl\u00f6sters Beton\" \/>\n<meta property=\"article:modified_time\" content=\"2021-05-27T11:46:11+00:00\" \/>\n<meta name=\"twitter:card\" content=\"summary_large_image\" \/>\n<meta name=\"twitter:label1\" content=\"Gesch\u00e4tzte Lesezeit\" \/>\n\t<meta name=\"twitter:data1\" content=\"2\u00a0Minuten\" \/>\n<script type=\"application\/ld+json\" class=\"yoast-schema-graph\">{\"@context\":\"https:\\\/\\\/schema.org\",\"@graph\":[{\"@type\":\"WebPage\",\"@id\":\"https:\\\/\\\/www.kloesters.nl\\\/de\\\/transportbeton\\\/\",\"url\":\"https:\\\/\\\/www.kloesters.nl\\\/de\\\/transportbeton\\\/\",\"name\":\"Transportbeton: betonmortel kant-en-klaar\",\"isPartOf\":{\"@id\":\"https:\\\/\\\/www.kloesters.nl\\\/de\\\/#website\"},\"datePublished\":\"2021-05-27T08:19:49+00:00\",\"dateModified\":\"2021-05-27T11:46:11+00:00\",\"description\":\"Kant-en-klare betonmortel is geschikt voor uiteenlopende toepassingen. Bijvoorbeeld werkvloeren of funderingen. Betonmortel van de meest duurzame kwaliteit.\",\"breadcrumb\":{\"@id\":\"https:\\\/\\\/www.kloesters.nl\\\/de\\\/transportbeton\\\/#breadcrumb\"},\"inLanguage\":\"de\",\"potentialAction\":[{\"@type\":\"ReadAction\",\"target\":[\"https:\\\/\\\/www.kloesters.nl\\\/de\\\/transportbeton\\\/\"]}]},{\"@type\":\"BreadcrumbList\",\"@id\":\"https:\\\/\\\/www.kloesters.nl\\\/de\\\/transportbeton\\\/#breadcrumb\",\"itemListElement\":[{\"@type\":\"ListItem\",\"position\":1,\"name\":\"Home\",\"item\":\"https:\\\/\\\/www.kloesters.nl\\\/de\\\/\"},{\"@type\":\"ListItem\",\"position\":2,\"name\":\"Transportbeton\"}]},{\"@type\":\"WebSite\",\"@id\":\"https:\\\/\\\/www.kloesters.nl\\\/de\\\/#website\",\"url\":\"https:\\\/\\\/www.kloesters.nl\\\/de\\\/\",\"name\":\"Kl\u00f6sters Beton\",\"description\":\"Welkom bij Kl\u00f6sters Beton\",\"potentialAction\":[{\"@type\":\"SearchAction\",\"target\":{\"@type\":\"EntryPoint\",\"urlTemplate\":\"https:\\\/\\\/www.kloesters.nl\\\/de\\\/?s={search_term_string}\"},\"query-input\":{\"@type\":\"PropertyValueSpecification\",\"valueRequired\":true,\"valueName\":\"search_term_string\"}}],\"inLanguage\":\"de\"}]}<\/script>\n<!-- \/ Yoast SEO plugin. -->","yoast_head_json":{"title":"Transportbeton: betonmortel kant-en-klaar","description":"Kant-en-klare betonmortel is geschikt voor uiteenlopende toepassingen. Bijvoorbeeld werkvloeren of funderingen. Betonmortel van de meest duurzame kwaliteit.","robots":{"index":"index","follow":"follow","max-snippet":"max-snippet:-1","max-image-preview":"max-image-preview:large","max-video-preview":"max-video-preview:-1"},"canonical":"https:\/\/www.kloesters.nl\/de\/transportbeton\/","og_locale":"de_DE","og_type":"article","og_title":"Transportbeton: betonmortel kant-en-klaar","og_description":"Kant-en-klare betonmortel is geschikt voor uiteenlopende toepassingen. Bijvoorbeeld werkvloeren of funderingen. Betonmortel van de meest duurzame kwaliteit.","og_url":"https:\/\/www.kloesters.nl\/de\/transportbeton\/","og_site_name":"Kl\u00f6sters Beton","article_modified_time":"2021-05-27T11:46:11+00:00","twitter_card":"summary_large_image","twitter_misc":{"Gesch\u00e4tzte Lesezeit":"2\u00a0Minuten"},"schema":{"@context":"https:\/\/schema.org","@graph":[{"@type":"WebPage","@id":"https:\/\/www.kloesters.nl\/de\/transportbeton\/","url":"https:\/\/www.kloesters.nl\/de\/transportbeton\/","name":"Transportbeton: betonmortel kant-en-klaar","isPartOf":{"@id":"https:\/\/www.kloesters.nl\/de\/#website"},"datePublished":"2021-05-27T08:19:49+00:00","dateModified":"2021-05-27T11:46:11+00:00","description":"Kant-en-klare betonmortel is geschikt voor uiteenlopende toepassingen. Bijvoorbeeld werkvloeren of funderingen. Betonmortel van de meest duurzame kwaliteit.","breadcrumb":{"@id":"https:\/\/www.kloesters.nl\/de\/transportbeton\/#breadcrumb"},"inLanguage":"de","potentialAction":[{"@type":"ReadAction","target":["https:\/\/www.kloesters.nl\/de\/transportbeton\/"]}]},{"@type":"BreadcrumbList","@id":"https:\/\/www.kloesters.nl\/de\/transportbeton\/#breadcrumb","itemListElement":[{"@type":"ListItem","position":1,"name":"Home","item":"https:\/\/www.kloesters.nl\/de\/"},{"@type":"ListItem","position":2,"name":"Transportbeton"}]},{"@type":"WebSite","@id":"https:\/\/www.kloesters.nl\/de\/#website","url":"https:\/\/www.kloesters.nl\/de\/","name":"Kl\u00f6sters Beton","description":"Welkom bij Kl\u00f6sters Beton","potentialAction":[{"@type":"SearchAction","target":{"@type":"EntryPoint","urlTemplate":"https:\/\/www.kloesters.nl\/de\/?s={search_term_string}"},"query-input":{"@type":"PropertyValueSpecification","valueRequired":true,"valueName":"search_term_string"}}],"inLanguage":"de"}]}},"_links":{"self":[{"href":"https:\/\/www.kloesters.nl\/de\/wp-json\/wp\/v2\/pages\/1185","targetHints":{"allow":["GET"]}}],"collection":[{"href":"https:\/\/www.kloesters.nl\/de\/wp-json\/wp\/v2\/pages"}],"about":[{"href":"https:\/\/www.kloesters.nl\/de\/wp-json\/wp\/v2\/types\/page"}],"author":[{"embeddable":true,"href":"https:\/\/www.kloesters.nl\/de\/wp-json\/wp\/v2\/users\/1"}],"replies":[{"embeddable":true,"href":"https:\/\/www.kloesters.nl\/de\/wp-json\/wp\/v2\/comments?post=1185"}],"version-history":[{"count":5,"href":"https:\/\/www.kloesters.nl\/de\/wp-json\/wp\/v2\/pages\/1185\/revisions"}],"predecessor-version":[{"id":1323,"href":"https:\/\/www.kloesters.nl\/de\/wp-json\/wp\/v2\/pages\/1185\/revisions\/1323"}],"wp:attachment":[{"href":"https:\/\/www.kloesters.nl\/de\/wp-json\/wp\/v2\/media?parent=1185"}],"curies":[{"name":"wp","href":"https:\/\/api.w.org\/{rel}","templated":true}]}}