{"id":1203,"date":"2021-05-27T17:22:31","date_gmt":"2021-05-27T08:37:31","guid":{"rendered":"https:\/\/kloesters.nl\/beton-bestellen\/"},"modified":"2021-05-27T18:45:36","modified_gmt":"2021-05-27T10:00:36","slug":"beton-bestellen","status":"publish","type":"page","link":"https:\/\/www.kloesters.nl\/de\/beton-bestellen\/","title":{"rendered":"Beton bestellen"},"content":{"rendered":"<div class=\"wpb-content-wrapper\"><p>[vc_row css_animation=&#8220;&#8220; row_type=&#8220;row&#8220; use_row_as_full_screen_section=&#8220;no&#8220; type=&#8220;grid&#8220; angled_section=&#8220;no&#8220; text_align=&#8220;left&#8220; background_image_as_pattern=&#8220;without_pattern&#8220; css=&#8220;.vc_custom_1591951805052{padding-top: 5em !important;padding-bottom: 5em !important;}&#8220; z_index=&#8220;&#8220;][vc_column][vc_row_inner row_type=&#8220;row&#8220; type=&#8220;full_width&#8220; text_align=&#8220;left&#8220; css_animation=&#8220;&#8220;][vc_column_inner width=&#8220;1\/2&#8243;][vc_column_text]<\/p>\n<h2>BETON GANZ EINFACH BESTELLEN<\/h2>\n<p>[\/vc_column_text][vc_empty_space height=&#8220;1em&#8220;][vc_column_text]<\/p>\n<p><strong>Wenn Sie Beton bestellen m\u00f6chten, sind Sie bei Kl\u00f6sters an der richtigen Adresse. Wir liefern f\u00fcr jeden Zweck Beton h\u00f6chster Qualit\u00e4t sowohl an gewerbliche als auch an private Abnehmer.<\/strong><\/p>\n<p>Und immer gem\u00e4\u00df der europ\u00e4ischen Norm NEN-EN 206-1 und der niederl\u00e4ndischen Erg\u00e4nzung NEN 8005. Beton eignet sich f\u00fcr die unterschiedlichsten Anwendungen.<\/p>\n<p>[\/vc_column_text][vc_empty_space height=&#8220;2em&#8220;][vc_column_text]<\/p>\n<h2>BETONKAUF<\/h2>\n<p>[\/vc_column_text][vc_empty_space height=&#8220;1em&#8220;][vc_column_text]<\/p>\n<p>M\u00f6chten Sie Beton kaufen? Fordern Sie bei Kl\u00f6sters ein unverbindliches Angebot an! Wir werden Ihnen dann innerhalb von 1 bis 2 Tagen ein attraktives Preisangebot vorlegen.<\/p>\n<p>Unsere Preise h\u00e4ngen unter anderem von der gew\u00fcnschten Betonart, der Zusammensetzung und Korngr\u00f6\u00dfe, der ben\u00f6tigten Menge, der beabsichtigten Verwendung sowie von eventuellen besonderen Liefertagen oder -zeiten und gegebenenfalls den Frachtkosten ab.<\/p>\n<p>[\/vc_column_text][vc_empty_space height=&#8220;2em&#8220;][\/vc_column_inner][vc_column_inner el_class=&#8220;form-invert&#8220; width=&#8220;1\/2&#8243; css=&#8220;.vc_custom_1594110853202{padding-top: 5% !important;padding-right: 5% !important;padding-bottom: 5% !important;padding-left: 5% !important;background-color: #f7f6f3 !important;}&#8220;][vc_column_text]<\/p>\n<h2>ANGEBOT ANFORDERN<\/h2>\n<p>[\/vc_column_text][vc_empty_space height=&#8220;1em&#8220;][vc_column_text]<\/p>\n<p><em><strong>Fordern Sie gleich ein attraktives Angebot f\u00fcr unseren Qualit\u00e4tsbeton an!<\/strong><\/em><\/p>\n<p>[\/vc_column_text][vc_empty_space height=&#8220;2em&#8220;]\n<div class=\"wpcf7 no-js\" id=\"wpcf7-f1280-o1\" lang=\"de-DE\" dir=\"ltr\" data-wpcf7-id=\"1280\">\n<div class=\"screen-reader-response\"><p role=\"status\" aria-live=\"polite\" aria-atomic=\"true\"><\/p> <ul><\/ul><\/div>\n<form action=\"\/de\/wp-json\/wp\/v2\/pages\/1203#wpcf7-f1280-o1\" method=\"post\" class=\"wpcf7-form init default wpcf7-acceptance-as-validation\" aria-label=\"Kontaktformular\" novalidate=\"novalidate\" data-status=\"init\">\n<fieldset class=\"hidden-fields-container\"><input type=\"hidden\" name=\"_wpcf7\" value=\"1280\" \/><input type=\"hidden\" name=\"_wpcf7_version\" value=\"6.1.5\" \/><input type=\"hidden\" name=\"_wpcf7_locale\" value=\"de_DE\" \/><input type=\"hidden\" name=\"_wpcf7_unit_tag\" value=\"wpcf7-f1280-o1\" \/><input type=\"hidden\" name=\"_wpcf7_container_post\" value=\"0\" \/><input type=\"hidden\" name=\"_wpcf7_posted_data_hash\" value=\"\" \/><input type=\"hidden\" name=\"_wpcf7_recaptcha_response\" value=\"\" \/>\n<\/fieldset>\n<div>\n\t<p><span class=\"wpcf7-form-control-wrap\" data-name=\"naam\"><input size=\"40\" maxlength=\"400\" class=\"wpcf7-form-control wpcf7-text wpcf7-validates-as-required\" aria-required=\"true\" aria-invalid=\"false\" placeholder=\"Name *\" value=\"\" type=\"text\" name=\"naam\" \/><\/span>\n\t<\/p>\n<\/div>\n<div>\n\t<p><span class=\"wpcf7-form-control-wrap\" data-name=\"telefoonnummer\"><input size=\"40\" maxlength=\"400\" class=\"wpcf7-form-control wpcf7-text wpcf7-validates-as-required\" aria-required=\"true\" aria-invalid=\"false\" placeholder=\"Telefonnummer*\" value=\"\" type=\"text\" name=\"telefoonnummer\" \/><\/span>\n\t<\/p>\n<\/div>\n<div>\n\t<p><span class=\"wpcf7-form-control-wrap\" data-name=\"emailadres\"><input size=\"40\" maxlength=\"400\" class=\"wpcf7-form-control wpcf7-email wpcf7-validates-as-required wpcf7-text wpcf7-validates-as-email\" aria-required=\"true\" aria-invalid=\"false\" placeholder=\"E-Mail-Addresse *\" value=\"\" type=\"email\" name=\"emailadres\" \/><\/span>\n\t<\/p>\n<\/div>\n<div>\n\t<p><span class=\"wpcf7-form-control-wrap\" data-name=\"straat\"><input size=\"40\" maxlength=\"400\" class=\"wpcf7-form-control wpcf7-text wpcf7-validates-as-required\" aria-required=\"true\" aria-invalid=\"false\" placeholder=\"Stra\u00dfe *\" value=\"\" type=\"text\" name=\"straat\" \/><\/span>\n\t<\/p>\n<\/div>\n<div>\n\t<p><span class=\"wpcf7-form-control-wrap\" data-name=\"huisnummer\"><input size=\"40\" maxlength=\"400\" class=\"wpcf7-form-control wpcf7-text wpcf7-validates-as-required\" aria-required=\"true\" aria-invalid=\"false\" placeholder=\"Hausnummer *\" value=\"\" type=\"text\" name=\"huisnummer\" \/><\/span>\n\t<\/p>\n<\/div>\n<div>\n\t<p><span class=\"wpcf7-form-control-wrap\" data-name=\"postcode\"><input size=\"40\" maxlength=\"400\" class=\"wpcf7-form-control wpcf7-text wpcf7-validates-as-required\" aria-required=\"true\" aria-invalid=\"false\" placeholder=\"Postleitzahl *\" value=\"\" type=\"text\" name=\"postcode\" \/><\/span>\n\t<\/p>\n<\/div>\n<div>\n\t<p><span class=\"wpcf7-form-control-wrap\" data-name=\"woonplaats\"><input size=\"40\" maxlength=\"400\" class=\"wpcf7-form-control wpcf7-text wpcf7-validates-as-required\" aria-required=\"true\" aria-invalid=\"false\" placeholder=\"Residenz *\" value=\"\" type=\"text\" name=\"woonplaats\" \/><\/span>\n\t<\/p>\n<\/div>\n<div>\n\t<p><span class=\"wpcf7-form-control-wrap\" data-name=\"opmerkingen\"><textarea cols=\"40\" rows=\"10\" maxlength=\"2000\" class=\"wpcf7-form-control wpcf7-textarea wpcf7-validates-as-required\" aria-required=\"true\" aria-invalid=\"false\" placeholder=\"Bemerkungen *\" name=\"opmerkingen\"><\/textarea><\/span>\n\t<\/p>\n<\/div>\n<div>\n\t<p><span class=\"wpcf7-form-control-wrap\" data-name=\"levering\"><span class=\"wpcf7-form-control wpcf7-radio\"><span class=\"wpcf7-list-item first\"><label><input type=\"radio\" name=\"levering\" value=\"Zu Hause geliefert\" checked=\"checked\" \/><span class=\"wpcf7-list-item-label\">Zu Hause geliefert<\/span><\/label><\/span><span class=\"wpcf7-list-item last\"><label><input type=\"radio\" name=\"levering\" value=\"abholen\" \/><span class=\"wpcf7-list-item-label\">abholen<\/span><\/label><\/span><\/span><\/span>\n\t<\/p>\n<\/div>\n<p><span class=\"wpcf7-form-control-wrap\" data-name=\"privacyverklaring\"><span class=\"wpcf7-form-control wpcf7-acceptance\"><span class=\"wpcf7-list-item\"><label><input type=\"checkbox\" name=\"privacyverklaring\" value=\"1\" aria-invalid=\"false\" \/><span class=\"wpcf7-list-item-label\">Ich habe die <b> <a href=\"https:\/\/kloesters.nl\/de\/datenschutzerklaerung\/\" target=\"_blank\"> Datenschutzerkl\u00e4rung <\/a> <\/ b> gelesen und bin damit einverstanden. *<\/span><\/label><\/span><\/span><\/span><br \/>\n<input class=\"wpcf7-form-control wpcf7-submit has-spinner\" type=\"submit\" value=\"Senden\" \/>\n<\/p>\n<p><i><small>Diese Website ist durch reCAPTCHA und die Google <a href=\"https:\/\/policies.google.com\/privacy\" target=\"_blank\">Datenschutzerkl\u00e4rung<\/a> und <a href =\"https:\/\/policies.google.com\/terms\" target=\"_blank\">Nutzungsbedingungen<\/a> gelten.<\/small><\/i>\n<\/p><div class=\"wpcf7-response-output\" aria-hidden=\"true\"><\/div>\n<\/form>\n<\/div>\n[\/vc_column_inner][\/vc_row_inner][\/vc_column][\/vc_row][vc_row css_animation=&#8220;&#8220; row_type=&#8220;row&#8220; use_row_as_full_screen_section=&#8220;no&#8220; type=&#8220;grid&#8220; angled_section=&#8220;no&#8220; text_align=&#8220;left&#8220; background_image_as_pattern=&#8220;without_pattern&#8220; css=&#8220;.vc_custom_1591951811796{padding-top: 5em !important;padding-bottom: 5em !important;background-color: rgba(0,144,181,0.07) !important;*background-color: rgb(0,144,181) !important;}&#8220; z_index=&#8220;&#8220;][vc_column][vc_row_inner row_type=&#8220;row&#8220; type=&#8220;full_width&#8220; text_align=&#8220;left&#8220; css_animation=&#8220;&#8220;][vc_column_inner width=&#8220;1\/3&#8243;][vc_single_image image=&#8220;753&#8243; img_size=&#8220;full&#8220; qode_css_animation=&#8220;&#8220;][vc_empty_space height=&#8220;2em&#8220;][\/vc_column_inner][vc_column_inner width=&#8220;2\/3&#8243;][vc_column_text]<\/p>\n<h2>M\u00d6CHTEN SIE IHREN BETON LIEBER SELBST IN UNSEREM BETONWERK ABHOLEN?<\/h2>\n<p>[\/vc_column_text][vc_empty_space height=&#8220;1em&#8220;][vc_column_text]<\/p>\n<p>Bei Abholung gilt eine Mindestabnahmemenge von 0,5 Kubikmetern. Die Abholung ist in unseren Betonwerken in Limburg und an unseren deutschen Standorten in Wachtendonk, Neukirchen-Vluyn und Kaarst m\u00f6glich.<\/p>\n<p>[\/vc_column_text][vc_empty_space height=&#8220;2em&#8220;]<a  itemprop=\"url\" href=\"https:\/\/www.google.com\/maps\/place\/Kempener+Str.+100,+47669+Wachtendonk,+Duitsland\/@51.403995,6.353932,16z\/data=!4m5!3m4!1s0x47c75897a2f3c30f:0xfb2f65a005a5906!8m2!3d51.4039945!4d6.353932?hl=nl-NL\" target=\"_blank\"  class=\"qbutton  default\" style=\"\">Anfahrtsbeschreibung <\/a>[\/vc_column_inner][\/vc_row_inner][\/vc_column][\/vc_row][vc_row css_animation=&#8220;&#8220; row_type=&#8220;row&#8220; use_row_as_full_screen_section=&#8220;no&#8220; type=&#8220;grid&#8220; angled_section=&#8220;no&#8220; text_align=&#8220;left&#8220; background_image_as_pattern=&#8220;without_pattern&#8220; css=&#8220;.vc_custom_1592215322933{padding-top: 5em !important;padding-bottom: 5em !important;}&#8220; z_index=&#8220;&#8220;][vc_column width=&#8220;1\/6&#8243;][\/vc_column][vc_column width=&#8220;2\/3&#8243;][vc_gallery type=&#8220;image_grid&#8220; images=&#8220;771,743,773&#8243; img_size=&#8220;medium&#8220; onclick=&#8220;&#8220; column_number=&#8220;3&#8243; grayscale=&#8220;no&#8220; images_space=&#8220;gallery_without_space&#8220;][vc_empty_space height=&#8220;3em&#8220;][vc_column_text]<\/p>\n<h2>BETONPREISE JE M\u00b3<\/h2>\n<p>[\/vc_column_text][vc_empty_space height=&#8220;1em&#8220;][vc_column_text]<\/p>\n<p>Unsere Experten informieren Sie gern \u00fcber die Kubikmeterpreise unseres Betons. Angesichts der fluktuierenden Betonpreise empfehlen wir Ihnen, sich jeweils bei uns nach den aktuellen Preisen zu erkundigen. So wissen Sie immer genau, mit welchen Gesamtkosten Sie rechnen m\u00fcssen. Da wir keine Transportkosten haben, kann Kl\u00f6sters Ihnen wettbewerbsf\u00e4hige Preise bieten. Wir beziehen die Ausgangsstoffe f\u00fcr die Betonherstellung n\u00e4mlich direkt von der Quelle. F\u00fcr die folgenden Leistungen wird ein Aufpreis berechnet:<\/p>\n<p>[\/vc_column_text][vc_empty_space height=&#8220;1em&#8220;][vc_column_text]<\/p>\n<ul>\n<li>Bestellungen unter 7 m\u00b3 (Kleinladungszuschlag)<\/li>\n<li>Verwendung eines Plastifizierers<\/li>\n<li>Verwendung einer anderen Zementart<\/li>\n<li>Entladen per Schubkarre<\/li>\n<li>Herstellung von Warmbeton (bei Temperaturen unter 0 \u00b0C um 6.00 Uhr morgens)<\/li>\n<li>l\u00e4ngere Entladezeit<\/li>\n<\/ul>\n<p>[\/vc_column_text][vc_empty_space height=&#8220;1em&#8220;][vc_column_text]<\/p>\n<p>Bei Kl\u00f6sters k\u00f6nnen Sie sicher sein, hochwertige Qualit\u00e4t zum g\u00fcnstigen Preis je m\u00b3 zu erhalten. Dank unserer umfangreichen Laborkapazit\u00e4t k\u00f6nnen wir mit modernster Ausstattung Betonuntersuchungen unter anderem zu den mechanischen, plastischen und \u00e4sthetischen Werkstoffeigenschaften ausf\u00fchren. Die Laborergebnisse bringen wir in der Praxis zur Anwendung, wodurch der Ihnen gelieferte Beton nicht nur garantiert alle aktuellen Normen und Richtlinien erf\u00fcllt, sondern auch die neuesten Technologien beinhaltet.\u00a0Josef Kl\u00f6sters Kies &amp; Beton ist somit Ihr idealer <a href=\"https:\/\/kloesters.nl\/de\/de-beton-limburg\/\">Betonlieferant in Limburg<\/a>!<\/p>\n<p>[\/vc_column_text][vc_empty_space height=&#8220;3em&#8220;][vc_column_text]<\/p>\n<h2>GEMEINSAM MIT IHNEN ZUR BESTEN L\u00d6SUNG<\/h2>\n<p>[\/vc_column_text][vc_empty_space height=&#8220;1em&#8220;][vc_column_text]<\/p>\n<p>Wenn Sie bei Kl\u00f6sters <a href=\"https:\/\/kloesters.nl\/de\/beton-einbauen-giessen\/\">Beton bestellen<\/a> m\u00f6chten, denken wir gern gemeinsam mit Ihnen \u00fcber die f\u00fcr Ihren Bedarf am besten geeignete L\u00f6sung nach. Bei diesem Wissensaustausch spielt die Betontechnologie eine wesentliche Rolle Unsere Betontechnologen sind sehr praxisorientiert und stehen in engem Kontakt mit Forschungslabors und Technischen Universit\u00e4ten. In unserem Lieferprogramm finden Sie darum au\u00dfer Standardbeton auch eine breite Palette von Spezial- und selbst entwickelten Produkten. Mit fundierten Kenntnissen und langj\u00e4hriger Erfahrung k\u00f6nnen wir Sie ausgezeichnet unterst\u00fctzen und Sie beispielsweise \u00fcber die zu bestellenden Betonmengen beraten. Bestellen Sie auf jeden Fall nicht zu wenig, um teure Nachlieferungen zu vermeiden!<\/p>\n<p>[\/vc_column_text][\/vc_column][vc_column width=&#8220;1\/6&#8243;][\/vc_column][\/vc_row]<\/p>\n<\/div>","protected":false},"excerpt":{"rendered":"<p>[vc_row css_animation=&#8220;&#8220; row_type=&#8220;row&#8220; use_row_as_full_screen_section=&#8220;no&#8220; type=&#8220;grid&#8220; angled_section=&#8220;no&#8220; text_align=&#8220;left&#8220; background_image_as_pattern=&#8220;without_pattern&#8220; css=&#8220;.vc_custom_1591951805052{padding-top: 5em !important;padding-bottom: 5em !important;}&#8220; z_index=&#8220;&#8220;][vc_column][vc_row_inner row_type=&#8220;row&#8220; type=&#8220;full_width&#8220; text_align=&#8220;left&#8220; css_animation=&#8220;&#8220;][vc_column_inner width=&#8220;1\/2&#8243;][vc_column_text] BETON GANZ EINFACH BESTELLEN [\/vc_column_text][vc_empty_space height=&#8220;1em&#8220;][vc_column_text] Wenn Sie Beton bestellen m\u00f6chten, sind Sie bei Kl\u00f6sters an der richtigen Adresse. Wir liefern f\u00fcr jeden Zweck Beton h\u00f6chster&#8230;<\/p>\n","protected":false},"author":1,"featured_media":0,"parent":0,"menu_order":0,"comment_status":"closed","ping_status":"closed","template":"full_width.php","meta":{"footnotes":""},"class_list":["post-1203","page","type-page","status-publish","hentry"],"yoast_head":"<!-- This site is optimized with the Yoast SEO plugin v27.4 - https:\/\/yoast.com\/product\/yoast-seo-wordpress\/ -->\n<title>Beton bestellen - Kl\u00f6sters Beton<\/title>\n<meta name=\"description\" content=\"Wij leveren beton van de allerhoogste kwaliteit aan zowel particulieren als bedrijven.\" \/>\n<meta name=\"robots\" content=\"index, follow, max-snippet:-1, max-image-preview:large, max-video-preview:-1\" \/>\n<link rel=\"canonical\" href=\"https:\/\/www.kloesters.nl\/de\/beton-bestellen\/\" \/>\n<meta property=\"og:locale\" content=\"de_DE\" \/>\n<meta property=\"og:type\" content=\"article\" \/>\n<meta property=\"og:title\" content=\"Beton bestellen - Kl\u00f6sters Beton\" \/>\n<meta property=\"og:description\" content=\"Wij leveren beton van de allerhoogste kwaliteit aan zowel particulieren als bedrijven.\" \/>\n<meta property=\"og:url\" content=\"https:\/\/www.kloesters.nl\/de\/beton-bestellen\/\" \/>\n<meta property=\"og:site_name\" content=\"Kl\u00f6sters Beton\" \/>\n<meta property=\"article:modified_time\" content=\"2021-05-27T10:00:36+00:00\" \/>\n<meta name=\"twitter:card\" content=\"summary_large_image\" \/>\n<meta name=\"twitter:label1\" content=\"Gesch\u00e4tzte Lesezeit\" \/>\n\t<meta name=\"twitter:data1\" content=\"5\u00a0Minuten\" \/>\n<script type=\"application\/ld+json\" class=\"yoast-schema-graph\">{\"@context\":\"https:\\\/\\\/schema.org\",\"@graph\":[{\"@type\":\"WebPage\",\"@id\":\"https:\\\/\\\/www.kloesters.nl\\\/de\\\/beton-bestellen\\\/\",\"url\":\"https:\\\/\\\/www.kloesters.nl\\\/de\\\/beton-bestellen\\\/\",\"name\":\"Beton bestellen - Kl\u00f6sters Beton\",\"isPartOf\":{\"@id\":\"https:\\\/\\\/www.kloesters.nl\\\/de\\\/#website\"},\"datePublished\":\"2021-05-27T08:37:31+00:00\",\"dateModified\":\"2021-05-27T10:00:36+00:00\",\"description\":\"Wij leveren beton van de allerhoogste kwaliteit aan zowel particulieren als bedrijven.\",\"breadcrumb\":{\"@id\":\"https:\\\/\\\/www.kloesters.nl\\\/de\\\/beton-bestellen\\\/#breadcrumb\"},\"inLanguage\":\"de\",\"potentialAction\":[{\"@type\":\"ReadAction\",\"target\":[\"https:\\\/\\\/www.kloesters.nl\\\/de\\\/beton-bestellen\\\/\"]}]},{\"@type\":\"BreadcrumbList\",\"@id\":\"https:\\\/\\\/www.kloesters.nl\\\/de\\\/beton-bestellen\\\/#breadcrumb\",\"itemListElement\":[{\"@type\":\"ListItem\",\"position\":1,\"name\":\"Home\",\"item\":\"https:\\\/\\\/www.kloesters.nl\\\/de\\\/\"},{\"@type\":\"ListItem\",\"position\":2,\"name\":\"Beton bestellen\"}]},{\"@type\":\"WebSite\",\"@id\":\"https:\\\/\\\/www.kloesters.nl\\\/de\\\/#website\",\"url\":\"https:\\\/\\\/www.kloesters.nl\\\/de\\\/\",\"name\":\"Kl\u00f6sters Beton\",\"description\":\"Welkom bij Kl\u00f6sters Beton\",\"potentialAction\":[{\"@type\":\"SearchAction\",\"target\":{\"@type\":\"EntryPoint\",\"urlTemplate\":\"https:\\\/\\\/www.kloesters.nl\\\/de\\\/?s={search_term_string}\"},\"query-input\":{\"@type\":\"PropertyValueSpecification\",\"valueRequired\":true,\"valueName\":\"search_term_string\"}}],\"inLanguage\":\"de\"}]}<\/script>\n<!-- \/ Yoast SEO plugin. -->","yoast_head_json":{"title":"Beton bestellen - Kl\u00f6sters Beton","description":"Wij leveren beton van de allerhoogste kwaliteit aan zowel particulieren als bedrijven.","robots":{"index":"index","follow":"follow","max-snippet":"max-snippet:-1","max-image-preview":"max-image-preview:large","max-video-preview":"max-video-preview:-1"},"canonical":"https:\/\/www.kloesters.nl\/de\/beton-bestellen\/","og_locale":"de_DE","og_type":"article","og_title":"Beton bestellen - Kl\u00f6sters Beton","og_description":"Wij leveren beton van de allerhoogste kwaliteit aan zowel particulieren als bedrijven.","og_url":"https:\/\/www.kloesters.nl\/de\/beton-bestellen\/","og_site_name":"Kl\u00f6sters Beton","article_modified_time":"2021-05-27T10:00:36+00:00","twitter_card":"summary_large_image","twitter_misc":{"Gesch\u00e4tzte Lesezeit":"5\u00a0Minuten"},"schema":{"@context":"https:\/\/schema.org","@graph":[{"@type":"WebPage","@id":"https:\/\/www.kloesters.nl\/de\/beton-bestellen\/","url":"https:\/\/www.kloesters.nl\/de\/beton-bestellen\/","name":"Beton bestellen - Kl\u00f6sters Beton","isPartOf":{"@id":"https:\/\/www.kloesters.nl\/de\/#website"},"datePublished":"2021-05-27T08:37:31+00:00","dateModified":"2021-05-27T10:00:36+00:00","description":"Wij leveren beton van de allerhoogste kwaliteit aan zowel particulieren als bedrijven.","breadcrumb":{"@id":"https:\/\/www.kloesters.nl\/de\/beton-bestellen\/#breadcrumb"},"inLanguage":"de","potentialAction":[{"@type":"ReadAction","target":["https:\/\/www.kloesters.nl\/de\/beton-bestellen\/"]}]},{"@type":"BreadcrumbList","@id":"https:\/\/www.kloesters.nl\/de\/beton-bestellen\/#breadcrumb","itemListElement":[{"@type":"ListItem","position":1,"name":"Home","item":"https:\/\/www.kloesters.nl\/de\/"},{"@type":"ListItem","position":2,"name":"Beton bestellen"}]},{"@type":"WebSite","@id":"https:\/\/www.kloesters.nl\/de\/#website","url":"https:\/\/www.kloesters.nl\/de\/","name":"Kl\u00f6sters Beton","description":"Welkom bij Kl\u00f6sters Beton","potentialAction":[{"@type":"SearchAction","target":{"@type":"EntryPoint","urlTemplate":"https:\/\/www.kloesters.nl\/de\/?s={search_term_string}"},"query-input":{"@type":"PropertyValueSpecification","valueRequired":true,"valueName":"search_term_string"}}],"inLanguage":"de"}]}},"_links":{"self":[{"href":"https:\/\/www.kloesters.nl\/de\/wp-json\/wp\/v2\/pages\/1203","targetHints":{"allow":["GET"]}}],"collection":[{"href":"https:\/\/www.kloesters.nl\/de\/wp-json\/wp\/v2\/pages"}],"about":[{"href":"https:\/\/www.kloesters.nl\/de\/wp-json\/wp\/v2\/types\/page"}],"author":[{"embeddable":true,"href":"https:\/\/www.kloesters.nl\/de\/wp-json\/wp\/v2\/users\/1"}],"replies":[{"embeddable":true,"href":"https:\/\/www.kloesters.nl\/de\/wp-json\/wp\/v2\/comments?post=1203"}],"version-history":[{"count":5,"href":"https:\/\/www.kloesters.nl\/de\/wp-json\/wp\/v2\/pages\/1203\/revisions"}],"predecessor-version":[{"id":1258,"href":"https:\/\/www.kloesters.nl\/de\/wp-json\/wp\/v2\/pages\/1203\/revisions\/1258"}],"wp:attachment":[{"href":"https:\/\/www.kloesters.nl\/de\/wp-json\/wp\/v2\/media?parent=1203"}],"curies":[{"name":"wp","href":"https:\/\/api.w.org\/{rel}","templated":true}]}}