{"id":1215,"date":"2021-05-27T17:52:57","date_gmt":"2021-05-27T09:07:57","guid":{"rendered":"https:\/\/kloesters.nl\/de-beton-limburg\/"},"modified":"2021-05-27T17:55:11","modified_gmt":"2021-05-27T09:10:11","slug":"de-beton-limburg","status":"publish","type":"page","link":"https:\/\/www.kloesters.nl\/de\/de-beton-limburg\/","title":{"rendered":"Die ideale Adresse f\u00fcr Beton in Limburg"},"content":{"rendered":"<div class=\"wpb-content-wrapper\"><p>[vc_row css_animation=&#8220;&#8220; row_type=&#8220;row&#8220; use_row_as_full_screen_section=&#8220;no&#8220; type=&#8220;grid&#8220; angled_section=&#8220;no&#8220; text_align=&#8220;left&#8220; background_image_as_pattern=&#8220;without_pattern&#8220; css=&#8220;.vc_custom_1591951805052{padding-top: 5em !important;padding-bottom: 5em !important;}&#8220; z_index=&#8220;&#8220;][vc_column][vc_row_inner row_type=&#8220;row&#8220; type=&#8220;full_width&#8220; text_align=&#8220;left&#8220; css_animation=&#8220;&#8220;][vc_column_inner width=&#8220;1\/2&#8243;][vc_column_text]<\/p>\n<h2>BETON LIMBURG\/NORDBRABANT<\/h2>\n<p>[\/vc_column_text][vc_empty_space height=&#8220;1em&#8220;][vc_column_text]<\/p>\n<p><strong>Kl\u00f6sters ist einer der gr\u00f6\u00dften Betonhersteller im Ruhrgebiet. Wir bedienen aber auch den niederl\u00e4ndischen Markt. All unsere Aktivit\u00e4ten in der Betonbranche werden von Wachtendonk aus \u2013 unweit der niederl\u00e4ndischen Grenze bei Venlo \u2013 koordiniert.<\/strong><\/p>\n<p>Die Betonwerke, in denen wir unseren Beton herstellen, stehen in Limburg in den Grenzgebieten. Damit erstreckt sich unser Transportgebiet von Roermond bis Nimwegen und westlich bis Eindhoven. Wir liefern also nach Weert, Venlo und Venray ebenso wie nach Helmond, Mill und Boxmeer.<\/p>\n<p>[\/vc_column_text][vc_empty_space height=&#8220;2em&#8220;][vc_column_text]<\/p>\n<h2>LIEFERUNG AUF DIE BAUSTELLE ODER ABHOLUNG IN EINEM UNSERER BETONWERKE<\/h2>\n<p>[\/vc_column_text][vc_empty_space height=&#8220;1em&#8220;][vc_column_text]<\/p>\n<p>Wenn Sie Beton f\u00fcr die Gr\u00fcndung eines Anbaus, f\u00fcr einen Swimmingpool oder einen Estrich ben\u00f6tigen, liefern wir Ihnen diesen gern genau an den gew\u00fcnschten Ort, sofern die Baustelle gut erreichbar ist und gen\u00fcgend Platz f\u00fcr den Betonmischer zur Verf\u00fcgung steht. Sie k\u00f6nnen den Beton aber nat\u00fcrlich auch mit einem Lkw oder einem Pkw-Anh\u00e4nger bei uns abholen. Die Lieferung und Abholung ist auch am Samstagvormittag m\u00f6glich.<\/p>\n<p>&nbsp;<\/p>\n<p>Nach Ihrer Bestellung k\u00f6nnen Sie den Beton innerhalb von 4 bis 5 Tagen am angegebenen Lieferort erwarten. Die Mindestabnahme betr\u00e4gt 0,5 Kubikmeter bei Abholung und 1 Kubikmeter bei Lieferung. Die Abholung ist in unseren Betonwerken in Limburg und an unseren deutschen Standorten in Wachtendonk, Neukirchen-Vluyn, Kaarst und Essen m\u00f6glich.<\/p>\n<p>[\/vc_column_text][vc_empty_space height=&#8220;2em&#8220;][\/vc_column_inner][vc_column_inner el_class=&#8220;form-invert&#8220; width=&#8220;1\/2&#8243; css=&#8220;.vc_custom_1592217733929{padding-top: 5% !important;padding-right: 5% !important;padding-bottom: 5% !important;padding-left: 5% !important;background-color: #f7f6f3 !important;}&#8220;][vc_column_text]<\/p>\n<h2>Angebot anfordern<\/h2>\n<p>[\/vc_column_text][vc_empty_space height=&#8220;1em&#8220;][vc_column_text]<\/p>\n<p><em><strong>Fordern Sie gleich ein attraktives Angebot f\u00fcr unseren Qualit\u00e4tsbeton an!<\/strong><\/em><\/p>\n<p>[\/vc_column_text][vc_empty_space height=&#8220;2em&#8220;]\n<div class=\"wpcf7 no-js\" id=\"wpcf7-f1280-o1\" lang=\"de-DE\" dir=\"ltr\" data-wpcf7-id=\"1280\">\n<div class=\"screen-reader-response\"><p role=\"status\" aria-live=\"polite\" aria-atomic=\"true\"><\/p> <ul><\/ul><\/div>\n<form action=\"\/de\/wp-json\/wp\/v2\/pages\/1215#wpcf7-f1280-o1\" method=\"post\" class=\"wpcf7-form init default wpcf7-acceptance-as-validation\" aria-label=\"Kontaktformular\" novalidate=\"novalidate\" data-status=\"init\">\n<fieldset class=\"hidden-fields-container\"><input type=\"hidden\" name=\"_wpcf7\" value=\"1280\" \/><input type=\"hidden\" name=\"_wpcf7_version\" value=\"6.1.5\" \/><input type=\"hidden\" name=\"_wpcf7_locale\" value=\"de_DE\" \/><input type=\"hidden\" name=\"_wpcf7_unit_tag\" value=\"wpcf7-f1280-o1\" \/><input type=\"hidden\" name=\"_wpcf7_container_post\" value=\"0\" \/><input type=\"hidden\" name=\"_wpcf7_posted_data_hash\" value=\"\" \/><input type=\"hidden\" name=\"_wpcf7_recaptcha_response\" value=\"\" \/>\n<\/fieldset>\n<div>\n\t<p><span class=\"wpcf7-form-control-wrap\" data-name=\"naam\"><input size=\"40\" maxlength=\"400\" class=\"wpcf7-form-control wpcf7-text wpcf7-validates-as-required\" aria-required=\"true\" aria-invalid=\"false\" placeholder=\"Name *\" value=\"\" type=\"text\" name=\"naam\" \/><\/span>\n\t<\/p>\n<\/div>\n<div>\n\t<p><span class=\"wpcf7-form-control-wrap\" data-name=\"telefoonnummer\"><input size=\"40\" maxlength=\"400\" class=\"wpcf7-form-control wpcf7-text wpcf7-validates-as-required\" aria-required=\"true\" aria-invalid=\"false\" placeholder=\"Telefonnummer*\" value=\"\" type=\"text\" name=\"telefoonnummer\" \/><\/span>\n\t<\/p>\n<\/div>\n<div>\n\t<p><span class=\"wpcf7-form-control-wrap\" data-name=\"emailadres\"><input size=\"40\" maxlength=\"400\" class=\"wpcf7-form-control wpcf7-email wpcf7-validates-as-required wpcf7-text wpcf7-validates-as-email\" aria-required=\"true\" aria-invalid=\"false\" placeholder=\"E-Mail-Addresse *\" value=\"\" type=\"email\" name=\"emailadres\" \/><\/span>\n\t<\/p>\n<\/div>\n<div>\n\t<p><span class=\"wpcf7-form-control-wrap\" data-name=\"straat\"><input size=\"40\" maxlength=\"400\" class=\"wpcf7-form-control wpcf7-text wpcf7-validates-as-required\" aria-required=\"true\" aria-invalid=\"false\" placeholder=\"Stra\u00dfe *\" value=\"\" type=\"text\" name=\"straat\" \/><\/span>\n\t<\/p>\n<\/div>\n<div>\n\t<p><span class=\"wpcf7-form-control-wrap\" data-name=\"huisnummer\"><input size=\"40\" maxlength=\"400\" class=\"wpcf7-form-control wpcf7-text wpcf7-validates-as-required\" aria-required=\"true\" aria-invalid=\"false\" placeholder=\"Hausnummer *\" value=\"\" type=\"text\" name=\"huisnummer\" \/><\/span>\n\t<\/p>\n<\/div>\n<div>\n\t<p><span class=\"wpcf7-form-control-wrap\" data-name=\"postcode\"><input size=\"40\" maxlength=\"400\" class=\"wpcf7-form-control wpcf7-text wpcf7-validates-as-required\" aria-required=\"true\" aria-invalid=\"false\" placeholder=\"Postleitzahl *\" value=\"\" type=\"text\" name=\"postcode\" \/><\/span>\n\t<\/p>\n<\/div>\n<div>\n\t<p><span class=\"wpcf7-form-control-wrap\" data-name=\"woonplaats\"><input size=\"40\" maxlength=\"400\" class=\"wpcf7-form-control wpcf7-text wpcf7-validates-as-required\" aria-required=\"true\" aria-invalid=\"false\" placeholder=\"Residenz *\" value=\"\" type=\"text\" name=\"woonplaats\" \/><\/span>\n\t<\/p>\n<\/div>\n<div>\n\t<p><span class=\"wpcf7-form-control-wrap\" data-name=\"opmerkingen\"><textarea cols=\"40\" rows=\"10\" maxlength=\"2000\" class=\"wpcf7-form-control wpcf7-textarea wpcf7-validates-as-required\" aria-required=\"true\" aria-invalid=\"false\" placeholder=\"Bemerkungen *\" name=\"opmerkingen\"><\/textarea><\/span>\n\t<\/p>\n<\/div>\n<div>\n\t<p><span class=\"wpcf7-form-control-wrap\" data-name=\"levering\"><span class=\"wpcf7-form-control wpcf7-radio\"><span class=\"wpcf7-list-item first\"><label><input type=\"radio\" name=\"levering\" value=\"Zu Hause geliefert\" checked=\"checked\" \/><span class=\"wpcf7-list-item-label\">Zu Hause geliefert<\/span><\/label><\/span><span class=\"wpcf7-list-item last\"><label><input type=\"radio\" name=\"levering\" value=\"abholen\" \/><span class=\"wpcf7-list-item-label\">abholen<\/span><\/label><\/span><\/span><\/span>\n\t<\/p>\n<\/div>\n<p><span class=\"wpcf7-form-control-wrap\" data-name=\"privacyverklaring\"><span class=\"wpcf7-form-control wpcf7-acceptance\"><span class=\"wpcf7-list-item\"><label><input type=\"checkbox\" name=\"privacyverklaring\" value=\"1\" aria-invalid=\"false\" \/><span class=\"wpcf7-list-item-label\">Ich habe die <b> <a href=\"https:\/\/kloesters.nl\/de\/datenschutzerklaerung\/\" target=\"_blank\"> Datenschutzerkl\u00e4rung <\/a> <\/ b> gelesen und bin damit einverstanden. *<\/span><\/label><\/span><\/span><\/span><br \/>\n<input class=\"wpcf7-form-control wpcf7-submit has-spinner\" type=\"submit\" value=\"Senden\" \/>\n<\/p>\n<p><i><small>Diese Website ist durch reCAPTCHA und die Google <a href=\"https:\/\/policies.google.com\/privacy\" target=\"_blank\">Datenschutzerkl\u00e4rung<\/a> und <a href =\"https:\/\/policies.google.com\/terms\" target=\"_blank\">Nutzungsbedingungen<\/a> gelten.<\/small><\/i>\n<\/p><div class=\"wpcf7-response-output\" aria-hidden=\"true\"><\/div>\n<\/form>\n<\/div>\n[\/vc_column_inner][\/vc_row_inner][\/vc_column][\/vc_row][vc_row css_animation=&#8220;&#8220; row_type=&#8220;row&#8220; use_row_as_full_screen_section=&#8220;no&#8220; type=&#8220;grid&#8220; angled_section=&#8220;no&#8220; text_align=&#8220;left&#8220; background_image_as_pattern=&#8220;without_pattern&#8220; css=&#8220;.vc_custom_1591951811796{padding-top: 5em !important;padding-bottom: 5em !important;background-color: rgba(0,144,181,0.07) !important;*background-color: rgb(0,144,181) !important;}&#8220; z_index=&#8220;&#8220;][vc_column][vc_row_inner row_type=&#8220;row&#8220; type=&#8220;full_width&#8220; text_align=&#8220;left&#8220; css_animation=&#8220;&#8220;][vc_column_inner width=&#8220;1\/3&#8243;][vc_single_image image=&#8220;701&#8243; img_size=&#8220;full&#8220; qode_css_animation=&#8220;&#8220;][vc_empty_space height=&#8220;2em&#8220;][\/vc_column_inner][vc_column_inner width=&#8220;2\/3&#8243;][vc_column_text]<\/p>\n<h2>M\u00d6CHTEN SIE IHREN BETON LIEBER SELBST IN UNSEREM BETONWERK ABHOLEN?<\/h2>\n<p>[\/vc_column_text][vc_empty_space height=&#8220;1em&#8220;][vc_column_text]<\/p>\n<p>Bei Abholung gilt eine Mindestabnahmemenge von 0,5 Kubikmetern. Die Abholung ist in unseren Betonwerken in Limburg und an unseren deutschen Standorten in Wachtendonk, Neukirchen-Vluyn, Kaarst und Essen m\u00f6glich.<\/p>\n<p>[\/vc_column_text][vc_empty_space height=&#8220;2em&#8220;]<a  itemprop=\"url\" href=\"https:\/\/www.google.com\/maps\/place\/Kempener+Str.+100,+47669+Wachtendonk,+Duitsland\/@51.403995,6.353932,16z\/data=!4m5!3m4!1s0x47c75897a2f3c30f:0xfb2f65a005a5906!8m2!3d51.4039945!4d6.353932?hl=nl-NL\" target=\"_blank\"  class=\"qbutton  default\" style=\"\">Anfahrtbeschreibung <\/a>[\/vc_column_inner][\/vc_row_inner][\/vc_column][\/vc_row][vc_row css_animation=&#8220;&#8220; row_type=&#8220;row&#8220; use_row_as_full_screen_section=&#8220;no&#8220; type=&#8220;grid&#8220; angled_section=&#8220;no&#8220; text_align=&#8220;left&#8220; background_image_as_pattern=&#8220;without_pattern&#8220; css=&#8220;.vc_custom_1592215322933{padding-top: 5em !important;padding-bottom: 5em !important;}&#8220; z_index=&#8220;&#8220;][vc_column width=&#8220;1\/6&#8243;][\/vc_column][vc_column width=&#8220;2\/3&#8243;][vc_gallery type=&#8220;image_grid&#8220; images=&#8220;746,758,760&#8243; img_size=&#8220;medium&#8220; onclick=&#8220;&#8220; column_number=&#8220;3&#8243; grayscale=&#8220;no&#8220; images_space=&#8220;gallery_without_space&#8220;][vc_empty_space height=&#8220;3em&#8220;][vc_column_text]<\/p>\n<h2>ZERTIFIZIERTE WERKSTOFFE<\/h2>\n<p>[\/vc_column_text][vc_empty_space height=&#8220;1em&#8220;][vc_column_text]<\/p>\n<p>Lieferungen von Beton zu Ihrer Baustelle erfolgen aus unserem eigenen Trockenbetonwerk. Alle Ausgangsstoffe f\u00fcr unseren Beton \u2013 Sand, Kies und Zement \u2013 sind KIWA-zertifiziert. Wir entladen den Beton standardm\u00e4\u00dfig \u00fcber eine Rinne am Heck des Lastkraftwagens, mit der wir Stellen bis einige Meter hinter und neben dem Lkw erreichen k\u00f6nnen. Wenn sich auf diese Weise der <a href=\"https:\/\/kloesters.nl\/de\/beton-einbauen-giessen\/\">Einbauort<\/a> des Betons doch nicht erreichen l\u00e4sst, kann der Beton gegen Aufpreis mit Schubkarren weiterbef\u00f6rdert werden.<\/p>\n<p>[\/vc_column_text][vc_empty_space height=&#8220;3em&#8220;][vc_column_text]<\/p>\n<h2>GLEICH BETON BESTELLEN IN DER REGION LIMBURG\/NORDBRABANT<\/h2>\n<p>[\/vc_column_text][vc_empty_space height=&#8220;1em&#8220;][vc_column_text]<\/p>\n<p>M\u00f6chten Sie in Nederweert, Echt, Heinsberg, Horst, Maaseik oder Roermond Beton bestellen? Oder m\u00f6chten Sie sich Betonm\u00f6rtel oder Beton an einen anderen Ort im Raum Limburg\/Brabant liefern lassen? Fordern Sie dann gleich ein Angebot an! Wir werden Ihnen dann innerhalb von 1 bis 2 Tagen ein Preisangebot zuschicken, einschlie\u00dflich eventueller Mehrkosten, beispielsweise f\u00fcr Verwendung eines Plastifizierers. Es stehen die Korngr\u00f6\u00dfen 8, 16 und 32 mm sowie verschiedene Festigkeits-, Expositions- und Konsistenzklassen zur Verf\u00fcgung.<\/p>\n<p>&nbsp;<\/p>\n<p>Unsere Geschichte begann vor rund 50 Jahren, als wir das Potenzial in der Region erkannten und begannen, verschiedene Sand- und Kiesgruben zu bewirtschaften. Unser Standort erm\u00f6glicht es uns, ein gro\u00dfes Gebiet zu bedienen. Dar\u00fcber hinaus f\u00fchren wir viele Betonuntersuchungen vor Ort aus. Wir testen beispielsweise die mechanischen Eigenschaften, neue Ausgangsstoffe und die M\u00f6glichkeiten f\u00fcr die Reduzierung der Umweltbelastung.<\/p>\n<p>&nbsp;<\/p>\n<p>Haben Sie Fragen \u00fcber unser Unternehmen, unseren Standort oder unser Angebot? Unsere Experten stehen f\u00fcr die Beantwortung all Ihrer Fragen bereit. Kl\u00f6sters ist Ihr Spezialist f\u00fcr Beton in Limburg und Umgebung. Sowohl private als auch gewerbliche Abnehmer, die Baurohstoffe, Standardbetone und selbst entwickelte Produkte suchen, sind bei uns an der richtigen Adresse.<\/p>\n<p>[\/vc_column_text][\/vc_column][vc_column width=&#8220;1\/6&#8243;][\/vc_column][\/vc_row]<\/p>\n<\/div>","protected":false},"excerpt":{"rendered":"<p>[vc_row css_animation=&#8220;&#8220; row_type=&#8220;row&#8220; use_row_as_full_screen_section=&#8220;no&#8220; type=&#8220;grid&#8220; angled_section=&#8220;no&#8220; text_align=&#8220;left&#8220; background_image_as_pattern=&#8220;without_pattern&#8220; css=&#8220;.vc_custom_1591951805052{padding-top: 5em !important;padding-bottom: 5em !important;}&#8220; z_index=&#8220;&#8220;][vc_column][vc_row_inner row_type=&#8220;row&#8220; type=&#8220;full_width&#8220; text_align=&#8220;left&#8220; css_animation=&#8220;&#8220;][vc_column_inner width=&#8220;1\/2&#8243;][vc_column_text] BETON LIMBURG\/NORDBRABANT [\/vc_column_text][vc_empty_space height=&#8220;1em&#8220;][vc_column_text] Kl\u00f6sters ist einer der gr\u00f6\u00dften Betonhersteller im Ruhrgebiet. Wir bedienen aber auch den niederl\u00e4ndischen Markt. All unsere Aktivit\u00e4ten in der Betonbranche werden&#8230;<\/p>\n","protected":false},"author":1,"featured_media":0,"parent":0,"menu_order":0,"comment_status":"closed","ping_status":"closed","template":"full_width.php","meta":{"footnotes":""},"class_list":["post-1215","page","type-page","status-publish","hentry"],"yoast_head":"<!-- This site is optimized with the Yoast SEO plugin v27.4 - https:\/\/yoast.com\/product\/yoast-seo-wordpress\/ -->\n<title>Die ideale Adresse f\u00fcr Beton in Limburg - Kl\u00f6sters Beton<\/title>\n<meta name=\"description\" content=\"Wij leveren beton van de allerhoogste kwaliteit aan zowel particulieren als bedrijven.\" \/>\n<meta name=\"robots\" content=\"index, follow, max-snippet:-1, max-image-preview:large, max-video-preview:-1\" \/>\n<link rel=\"canonical\" href=\"https:\/\/www.kloesters.nl\/de\/de-beton-limburg\/\" \/>\n<meta property=\"og:locale\" content=\"de_DE\" \/>\n<meta property=\"og:type\" content=\"article\" \/>\n<meta property=\"og:title\" content=\"Die ideale Adresse f\u00fcr Beton in Limburg - Kl\u00f6sters Beton\" \/>\n<meta property=\"og:description\" content=\"Wij leveren beton van de allerhoogste kwaliteit aan zowel particulieren als bedrijven.\" \/>\n<meta property=\"og:url\" content=\"https:\/\/www.kloesters.nl\/de\/de-beton-limburg\/\" \/>\n<meta property=\"og:site_name\" content=\"Kl\u00f6sters Beton\" \/>\n<meta property=\"article:modified_time\" content=\"2021-05-27T09:10:11+00:00\" \/>\n<meta name=\"twitter:card\" content=\"summary_large_image\" \/>\n<meta name=\"twitter:label1\" content=\"Gesch\u00e4tzte Lesezeit\" \/>\n\t<meta name=\"twitter:data1\" content=\"5\u00a0Minuten\" \/>\n<script type=\"application\/ld+json\" class=\"yoast-schema-graph\">{\"@context\":\"https:\\\/\\\/schema.org\",\"@graph\":[{\"@type\":\"WebPage\",\"@id\":\"https:\\\/\\\/www.kloesters.nl\\\/de\\\/de-beton-limburg\\\/\",\"url\":\"https:\\\/\\\/www.kloesters.nl\\\/de\\\/de-beton-limburg\\\/\",\"name\":\"Die ideale Adresse f\u00fcr Beton in Limburg - Kl\u00f6sters Beton\",\"isPartOf\":{\"@id\":\"https:\\\/\\\/www.kloesters.nl\\\/de\\\/#website\"},\"datePublished\":\"2021-05-27T09:07:57+00:00\",\"dateModified\":\"2021-05-27T09:10:11+00:00\",\"description\":\"Wij leveren beton van de allerhoogste kwaliteit aan zowel particulieren als bedrijven.\",\"breadcrumb\":{\"@id\":\"https:\\\/\\\/www.kloesters.nl\\\/de\\\/de-beton-limburg\\\/#breadcrumb\"},\"inLanguage\":\"de\",\"potentialAction\":[{\"@type\":\"ReadAction\",\"target\":[\"https:\\\/\\\/www.kloesters.nl\\\/de\\\/de-beton-limburg\\\/\"]}]},{\"@type\":\"BreadcrumbList\",\"@id\":\"https:\\\/\\\/www.kloesters.nl\\\/de\\\/de-beton-limburg\\\/#breadcrumb\",\"itemListElement\":[{\"@type\":\"ListItem\",\"position\":1,\"name\":\"Home\",\"item\":\"https:\\\/\\\/www.kloesters.nl\\\/de\\\/\"},{\"@type\":\"ListItem\",\"position\":2,\"name\":\"Die ideale Adresse f\u00fcr Beton in Limburg\"}]},{\"@type\":\"WebSite\",\"@id\":\"https:\\\/\\\/www.kloesters.nl\\\/de\\\/#website\",\"url\":\"https:\\\/\\\/www.kloesters.nl\\\/de\\\/\",\"name\":\"Kl\u00f6sters Beton\",\"description\":\"Welkom bij Kl\u00f6sters Beton\",\"potentialAction\":[{\"@type\":\"SearchAction\",\"target\":{\"@type\":\"EntryPoint\",\"urlTemplate\":\"https:\\\/\\\/www.kloesters.nl\\\/de\\\/?s={search_term_string}\"},\"query-input\":{\"@type\":\"PropertyValueSpecification\",\"valueRequired\":true,\"valueName\":\"search_term_string\"}}],\"inLanguage\":\"de\"}]}<\/script>\n<!-- \/ Yoast SEO plugin. -->","yoast_head_json":{"title":"Die ideale Adresse f\u00fcr Beton in Limburg - Kl\u00f6sters Beton","description":"Wij leveren beton van de allerhoogste kwaliteit aan zowel particulieren als bedrijven.","robots":{"index":"index","follow":"follow","max-snippet":"max-snippet:-1","max-image-preview":"max-image-preview:large","max-video-preview":"max-video-preview:-1"},"canonical":"https:\/\/www.kloesters.nl\/de\/de-beton-limburg\/","og_locale":"de_DE","og_type":"article","og_title":"Die ideale Adresse f\u00fcr Beton in Limburg - Kl\u00f6sters Beton","og_description":"Wij leveren beton van de allerhoogste kwaliteit aan zowel particulieren als bedrijven.","og_url":"https:\/\/www.kloesters.nl\/de\/de-beton-limburg\/","og_site_name":"Kl\u00f6sters Beton","article_modified_time":"2021-05-27T09:10:11+00:00","twitter_card":"summary_large_image","twitter_misc":{"Gesch\u00e4tzte Lesezeit":"5\u00a0Minuten"},"schema":{"@context":"https:\/\/schema.org","@graph":[{"@type":"WebPage","@id":"https:\/\/www.kloesters.nl\/de\/de-beton-limburg\/","url":"https:\/\/www.kloesters.nl\/de\/de-beton-limburg\/","name":"Die ideale Adresse f\u00fcr Beton in Limburg - Kl\u00f6sters Beton","isPartOf":{"@id":"https:\/\/www.kloesters.nl\/de\/#website"},"datePublished":"2021-05-27T09:07:57+00:00","dateModified":"2021-05-27T09:10:11+00:00","description":"Wij leveren beton van de allerhoogste kwaliteit aan zowel particulieren als bedrijven.","breadcrumb":{"@id":"https:\/\/www.kloesters.nl\/de\/de-beton-limburg\/#breadcrumb"},"inLanguage":"de","potentialAction":[{"@type":"ReadAction","target":["https:\/\/www.kloesters.nl\/de\/de-beton-limburg\/"]}]},{"@type":"BreadcrumbList","@id":"https:\/\/www.kloesters.nl\/de\/de-beton-limburg\/#breadcrumb","itemListElement":[{"@type":"ListItem","position":1,"name":"Home","item":"https:\/\/www.kloesters.nl\/de\/"},{"@type":"ListItem","position":2,"name":"Die ideale Adresse f\u00fcr Beton in Limburg"}]},{"@type":"WebSite","@id":"https:\/\/www.kloesters.nl\/de\/#website","url":"https:\/\/www.kloesters.nl\/de\/","name":"Kl\u00f6sters Beton","description":"Welkom bij Kl\u00f6sters Beton","potentialAction":[{"@type":"SearchAction","target":{"@type":"EntryPoint","urlTemplate":"https:\/\/www.kloesters.nl\/de\/?s={search_term_string}"},"query-input":{"@type":"PropertyValueSpecification","valueRequired":true,"valueName":"search_term_string"}}],"inLanguage":"de"}]}},"_links":{"self":[{"href":"https:\/\/www.kloesters.nl\/de\/wp-json\/wp\/v2\/pages\/1215","targetHints":{"allow":["GET"]}}],"collection":[{"href":"https:\/\/www.kloesters.nl\/de\/wp-json\/wp\/v2\/pages"}],"about":[{"href":"https:\/\/www.kloesters.nl\/de\/wp-json\/wp\/v2\/types\/page"}],"author":[{"embeddable":true,"href":"https:\/\/www.kloesters.nl\/de\/wp-json\/wp\/v2\/users\/1"}],"replies":[{"embeddable":true,"href":"https:\/\/www.kloesters.nl\/de\/wp-json\/wp\/v2\/comments?post=1215"}],"version-history":[{"count":5,"href":"https:\/\/www.kloesters.nl\/de\/wp-json\/wp\/v2\/pages\/1215\/revisions"}],"predecessor-version":[{"id":1222,"href":"https:\/\/www.kloesters.nl\/de\/wp-json\/wp\/v2\/pages\/1215\/revisions\/1222"}],"wp:attachment":[{"href":"https:\/\/www.kloesters.nl\/de\/wp-json\/wp\/v2\/media?parent=1215"}],"curies":[{"name":"wp","href":"https:\/\/api.w.org\/{rel}","templated":true}]}}