{"id":1229,"date":"2021-05-27T18:18:27","date_gmt":"2021-05-27T09:33:27","guid":{"rendered":"https:\/\/kloesters.nl\/beton-einbauen-giessen\/"},"modified":"2021-06-01T15:08:02","modified_gmt":"2021-06-01T06:23:02","slug":"beton-einbauen-giessen","status":"publish","type":"page","link":"https:\/\/www.kloesters.nl\/de\/beton-einbauen-giessen\/","title":{"rendered":"Selbst Beton einbauen und gie\u00dfen"},"content":{"rendered":"<div class=\"wpb-content-wrapper\"><p>[vc_row css_animation=&#8220;&#8220; row_type=&#8220;row&#8220; use_row_as_full_screen_section=&#8220;no&#8220; type=&#8220;grid&#8220; angled_section=&#8220;no&#8220; text_align=&#8220;left&#8220; background_image_as_pattern=&#8220;without_pattern&#8220; css=&#8220;.vc_custom_1591951805052{padding-top: 5em !important;padding-bottom: 5em !important;}&#8220; z_index=&#8220;&#8220;][vc_column][vc_row_inner row_type=&#8220;row&#8220; type=&#8220;full_width&#8220; text_align=&#8220;left&#8220; css_animation=&#8220;&#8220;][vc_column_inner width=&#8220;1\/2&#8243;][vc_column_text]<\/p>\n<h2>SELBST BETON EINBAUEN<\/h2>\n<p>[\/vc_column_text][vc_empty_space height=&#8220;1em&#8220;][vc_column_text]<\/p>\n<p><strong>Ob es sich um gebrauchsfertigen Beton f\u00fcr die Gr\u00fcndung eines Anbaus oder um Spezialbeton f\u00fcr Swimmingpools handelt \u2013 bei Josef Kl\u00f6sters Kies &amp; Beton k\u00f6nnen Sie ganz einfach den ben\u00f6tigten Beton bestellen und auf die Baustelle liefern lassen. Ideal, wenn Sie Ihren Beton selbst einbauen oder vergie\u00dfen m\u00f6chten!<\/strong><\/p>\n<p>&nbsp;<\/p>\n<p>Kl\u00f6sters liefert sowohl Beton an private Abnehmer, die beispielsweise Pflanzgef\u00e4\u00dfe aus Beton herstellen m\u00f6chten, als auch an Unternehmen, die komplette Betonfu\u00dfb\u00f6den gie\u00dfen wollen. Und umgekehrt! F\u00fcr welchen Zweck auch immer Sie den Beton brauchen \u2013 Kl\u00f6sters bietet Ihnen immer eine passende L\u00f6sung. In unserem Angebot mit Korngr\u00f6\u00dfen von 8 bis 32 mm und unterschiedlichen Betonzusammensetzungen ist auch die f\u00fcr Ihr Projekt am besten geeignete Betonart zu finden.<\/p>\n<p>[\/vc_column_text][vc_empty_space height=&#8220;2em&#8220;][vc_column_text]<\/p>\n<h2>BETON NACH MASS DIREKT AUF DIE BAUSTELLE<\/h2>\n<p>[\/vc_column_text][vc_empty_space height=&#8220;1em&#8220;][vc_column_text]<\/p>\n<p>Nat\u00fcrlich unterst\u00fctzt Kl\u00f6sters Sie auch bei kundenspezifischen W\u00fcnschen. Au\u00dfer einem breiten Sortiment von Standardbetonen umfasst unser Angebot auch eine umfangreiche Palette von Spezialprodukten und selbst entwickelten Produkten. Muss der Beton, den Sie gie\u00dfen oder einbauen m\u00f6chten, spezielle Anforderungen erf\u00fcllen? Wenn Sie uns Ihre W\u00fcnsche mitteilen, pr\u00fcfen wir gern, was wir f\u00fcr Sie tun k\u00f6nnen.<\/p>\n<p>&nbsp;<\/p>\n<p>Unsere hochqualifizierten Betontechnologen sind in der Praxis zu Hause. Im Labor der Betonconsult GmbH f\u00fchren sie mit modernsten Ger\u00e4ten Betonuntersuchungen durch, unter anderem zu neuen Ausgangstoffen und mit Blick auf die Entwicklung neuer Produkte. Dazu stehen sie in engem Kontakt mit Forschungslabors und Technischen Universit\u00e4ten. In vielen F\u00e4llen werden die Untersuchungen in einem unserer Betonwerke fortgef\u00fchrt, um die Laborergebnisse in die Praxis umzusetzen.<\/p>\n<p>[\/vc_column_text][vc_empty_space height=&#8220;2em&#8220;][\/vc_column_inner][vc_column_inner el_class=&#8220;form-invert&#8220; width=&#8220;1\/2&#8243; css=&#8220;.vc_custom_1592217733929{padding-top: 5% !important;padding-right: 5% !important;padding-bottom: 5% !important;padding-left: 5% !important;background-color: #f7f6f3 !important;}&#8220;][vc_column_text]<\/p>\n<h2>ANGEBOT ANFORDERN<\/h2>\n<p>[\/vc_column_text][vc_empty_space height=&#8220;1em&#8220;][vc_column_text]<\/p>\n<p><strong><em>Fordern Sie gleich ein attraktives Angebot f\u00fcr unseren Qualit\u00e4tsbeton an!<\/em><\/strong><\/p>\n<p>[\/vc_column_text][vc_empty_space height=&#8220;2em&#8220;]\n<div class=\"wpcf7 no-js\" id=\"wpcf7-f1280-o1\" lang=\"de-DE\" dir=\"ltr\" data-wpcf7-id=\"1280\">\n<div class=\"screen-reader-response\"><p role=\"status\" aria-live=\"polite\" aria-atomic=\"true\"><\/p> <ul><\/ul><\/div>\n<form action=\"\/de\/wp-json\/wp\/v2\/pages\/1229#wpcf7-f1280-o1\" method=\"post\" class=\"wpcf7-form init default wpcf7-acceptance-as-validation\" aria-label=\"Kontaktformular\" novalidate=\"novalidate\" data-status=\"init\">\n<fieldset class=\"hidden-fields-container\"><input type=\"hidden\" name=\"_wpcf7\" value=\"1280\" \/><input type=\"hidden\" name=\"_wpcf7_version\" value=\"6.1.5\" \/><input type=\"hidden\" name=\"_wpcf7_locale\" value=\"de_DE\" \/><input type=\"hidden\" name=\"_wpcf7_unit_tag\" value=\"wpcf7-f1280-o1\" \/><input type=\"hidden\" name=\"_wpcf7_container_post\" value=\"0\" \/><input type=\"hidden\" name=\"_wpcf7_posted_data_hash\" value=\"\" \/><input type=\"hidden\" name=\"_wpcf7_recaptcha_response\" value=\"\" \/>\n<\/fieldset>\n<div>\n\t<p><span class=\"wpcf7-form-control-wrap\" data-name=\"naam\"><input size=\"40\" maxlength=\"400\" class=\"wpcf7-form-control wpcf7-text wpcf7-validates-as-required\" aria-required=\"true\" aria-invalid=\"false\" placeholder=\"Name *\" value=\"\" type=\"text\" name=\"naam\" \/><\/span>\n\t<\/p>\n<\/div>\n<div>\n\t<p><span class=\"wpcf7-form-control-wrap\" data-name=\"telefoonnummer\"><input size=\"40\" maxlength=\"400\" class=\"wpcf7-form-control wpcf7-text wpcf7-validates-as-required\" aria-required=\"true\" aria-invalid=\"false\" placeholder=\"Telefonnummer*\" value=\"\" type=\"text\" name=\"telefoonnummer\" \/><\/span>\n\t<\/p>\n<\/div>\n<div>\n\t<p><span class=\"wpcf7-form-control-wrap\" data-name=\"emailadres\"><input size=\"40\" maxlength=\"400\" class=\"wpcf7-form-control wpcf7-email wpcf7-validates-as-required wpcf7-text wpcf7-validates-as-email\" aria-required=\"true\" aria-invalid=\"false\" placeholder=\"E-Mail-Addresse *\" value=\"\" type=\"email\" name=\"emailadres\" \/><\/span>\n\t<\/p>\n<\/div>\n<div>\n\t<p><span class=\"wpcf7-form-control-wrap\" data-name=\"straat\"><input size=\"40\" maxlength=\"400\" class=\"wpcf7-form-control wpcf7-text wpcf7-validates-as-required\" aria-required=\"true\" aria-invalid=\"false\" placeholder=\"Stra\u00dfe *\" value=\"\" type=\"text\" name=\"straat\" \/><\/span>\n\t<\/p>\n<\/div>\n<div>\n\t<p><span class=\"wpcf7-form-control-wrap\" data-name=\"huisnummer\"><input size=\"40\" maxlength=\"400\" class=\"wpcf7-form-control wpcf7-text wpcf7-validates-as-required\" aria-required=\"true\" aria-invalid=\"false\" placeholder=\"Hausnummer *\" value=\"\" type=\"text\" name=\"huisnummer\" \/><\/span>\n\t<\/p>\n<\/div>\n<div>\n\t<p><span class=\"wpcf7-form-control-wrap\" data-name=\"postcode\"><input size=\"40\" maxlength=\"400\" class=\"wpcf7-form-control wpcf7-text wpcf7-validates-as-required\" aria-required=\"true\" aria-invalid=\"false\" placeholder=\"Postleitzahl *\" value=\"\" type=\"text\" name=\"postcode\" \/><\/span>\n\t<\/p>\n<\/div>\n<div>\n\t<p><span class=\"wpcf7-form-control-wrap\" data-name=\"woonplaats\"><input size=\"40\" maxlength=\"400\" class=\"wpcf7-form-control wpcf7-text wpcf7-validates-as-required\" aria-required=\"true\" aria-invalid=\"false\" placeholder=\"Residenz *\" value=\"\" type=\"text\" name=\"woonplaats\" \/><\/span>\n\t<\/p>\n<\/div>\n<div>\n\t<p><span class=\"wpcf7-form-control-wrap\" data-name=\"opmerkingen\"><textarea cols=\"40\" rows=\"10\" maxlength=\"2000\" class=\"wpcf7-form-control wpcf7-textarea wpcf7-validates-as-required\" aria-required=\"true\" aria-invalid=\"false\" placeholder=\"Bemerkungen *\" name=\"opmerkingen\"><\/textarea><\/span>\n\t<\/p>\n<\/div>\n<div>\n\t<p><span class=\"wpcf7-form-control-wrap\" data-name=\"levering\"><span class=\"wpcf7-form-control wpcf7-radio\"><span class=\"wpcf7-list-item first\"><label><input type=\"radio\" name=\"levering\" value=\"Zu Hause geliefert\" checked=\"checked\" \/><span class=\"wpcf7-list-item-label\">Zu Hause geliefert<\/span><\/label><\/span><span class=\"wpcf7-list-item last\"><label><input type=\"radio\" name=\"levering\" value=\"abholen\" \/><span class=\"wpcf7-list-item-label\">abholen<\/span><\/label><\/span><\/span><\/span>\n\t<\/p>\n<\/div>\n<p><span class=\"wpcf7-form-control-wrap\" data-name=\"privacyverklaring\"><span class=\"wpcf7-form-control wpcf7-acceptance\"><span class=\"wpcf7-list-item\"><label><input type=\"checkbox\" name=\"privacyverklaring\" value=\"1\" aria-invalid=\"false\" \/><span class=\"wpcf7-list-item-label\">Ich habe die <b> <a href=\"https:\/\/kloesters.nl\/de\/datenschutzerklaerung\/\" target=\"_blank\"> Datenschutzerkl\u00e4rung <\/a> <\/ b> gelesen und bin damit einverstanden. *<\/span><\/label><\/span><\/span><\/span><br \/>\n<input class=\"wpcf7-form-control wpcf7-submit has-spinner\" type=\"submit\" value=\"Senden\" \/>\n<\/p>\n<p><i><small>Diese Website ist durch reCAPTCHA und die Google <a href=\"https:\/\/policies.google.com\/privacy\" target=\"_blank\">Datenschutzerkl\u00e4rung<\/a> und <a href =\"https:\/\/policies.google.com\/terms\" target=\"_blank\">Nutzungsbedingungen<\/a> gelten.<\/small><\/i>\n<\/p><div class=\"wpcf7-response-output\" aria-hidden=\"true\"><\/div>\n<\/form>\n<\/div>\n[\/vc_column_inner][\/vc_row_inner][\/vc_column][\/vc_row][vc_row css_animation=&#8220;&#8220; row_type=&#8220;row&#8220; use_row_as_full_screen_section=&#8220;no&#8220; type=&#8220;grid&#8220; angled_section=&#8220;no&#8220; text_align=&#8220;left&#8220; background_image_as_pattern=&#8220;without_pattern&#8220; css=&#8220;.vc_custom_1591951811796{padding-top: 5em !important;padding-bottom: 5em !important;background-color: rgba(0,144,181,0.07) !important;*background-color: rgb(0,144,181) !important;}&#8220; z_index=&#8220;&#8220;][vc_column][vc_row_inner row_type=&#8220;row&#8220; type=&#8220;full_width&#8220; text_align=&#8220;left&#8220; css_animation=&#8220;&#8220;][vc_column_inner width=&#8220;1\/3&#8243;][vc_single_image image=&#8220;753&#8243; img_size=&#8220;full&#8220; qode_css_animation=&#8220;&#8220;][vc_empty_space height=&#8220;2em&#8220;][\/vc_column_inner][vc_column_inner width=&#8220;2\/3&#8243;][vc_column_text]<\/p>\n<h2>M\u00d6CHTEN SIE IHREN BETON LIEBER SELBST IN UNSEREM BETONWERK ABHOLEN?<\/h2>\n<p>[\/vc_column_text][vc_empty_space height=&#8220;1em&#8220;][vc_column_text]<\/p>\n<p>Bei Abholung gilt eine Mindestabnahmemenge von 0,5 Kubikmetern. Die Abholung ist in unseren Betonwerken in Limburg und an unseren deutschen Standorten in Wachtendonk, Neukirchen-Vluyn, Kaarst und Essen m\u00f6glich.<\/p>\n<p>[\/vc_column_text][vc_empty_space height=&#8220;2em&#8220;]<a  itemprop=\"url\" href=\"https:\/\/www.google.com\/maps\/place\/Kempener+Str.+100,+47669+Wachtendonk,+Duitsland\/@51.403995,6.353932,16z\/data=!4m5!3m4!1s0x47c75897a2f3c30f:0xfb2f65a005a5906!8m2!3d51.4039945!4d6.353932?hl=nl-NL\" target=\"_blank\"  class=\"qbutton  default\" style=\"\">Anfahrtsbeschreibung <\/a>[\/vc_column_inner][\/vc_row_inner][\/vc_column][\/vc_row][vc_row css_animation=&#8220;&#8220; row_type=&#8220;row&#8220; use_row_as_full_screen_section=&#8220;no&#8220; type=&#8220;grid&#8220; angled_section=&#8220;no&#8220; text_align=&#8220;left&#8220; background_image_as_pattern=&#8220;without_pattern&#8220; css=&#8220;.vc_custom_1592215322933{padding-top: 5em !important;padding-bottom: 5em !important;}&#8220; z_index=&#8220;&#8220;][vc_column width=&#8220;1\/6&#8243;][\/vc_column][vc_column width=&#8220;2\/3&#8243;][vc_gallery type=&#8220;image_grid&#8220; images=&#8220;758,766,746&#8243; img_size=&#8220;medium&#8220; onclick=&#8220;&#8220; column_number=&#8220;3&#8243; grayscale=&#8220;no&#8220; images_space=&#8220;gallery_without_space&#8220;][vc_empty_space height=&#8220;3em&#8220;][vc_column_text]<\/p>\n<h2><strong>Betonanlieferung<\/strong><\/h2>\n<p>[\/vc_column_text][vc_empty_space height=&#8220;1em&#8220;][vc_column_text]<\/p>\n<p>Kl\u00f6sters ist einer der gr\u00f6\u00dften Betonproduzenten im Ruhrgebiet und konzentriert sich auch auf den niederl\u00e4ndischen Markt. Die kaufm\u00e4nnischen Aktivit\u00e4ten werden von Wachtendonk bei Venlo, unserem <a href=\"https:\/\/kloesters.nl\/de\/de-beton-limburg\/\">Betonwerk in Limburg<\/a>, gesteuert. Die Betonwerke, in denen die Betonproduktion stattfindet, sind entlang der Grenzgebiete verteilt mit einer Transportreichweite von Roermond nach Nimwegen und westlich bis Eindhoven. Wenn Sie Beton einbauen oder gie\u00dfen m\u00f6chten, k\u00f6nnen Sie uns aus einem gro\u00dfen Umkreis rund um Venlo kontaktieren, um Ihren Beton liefern zu lassen. <a href=\"https:\/\/kloesters.nl\/de\/beton-bestellen\/\">Bestellen Sie noch heute<\/a> Ihren Beton! Von Wachtendonk aus werden die Logistikaktivit\u00e4ten von einem niederl\u00e4ndischen und deutschen Team verwaltet, sodass wir Ihnen in Ihrer eigenen Sprache helfen k\u00f6nnen. Kl\u00f6sters konzentriert sich neben Beton auf den Handel und die Verwertung von Baumaterialien. Kontaktieren Sie uns gerne f\u00fcr weitere Informationen zu unseren vielf\u00e4ltigen Lieferoptionen bis an die T\u00fcr von Beton und unseren verwandten Produkten.<\/p>\n<p>[\/vc_column_text][vc_empty_space height=&#8220;3em&#8220;][vc_column_text]<\/p>\n<h2>Beratung unserer Spezialisten<\/h2>\n<p>[\/vc_column_text][vc_empty_space height=&#8220;1em&#8220;][vc_column_text]<\/p>\n<p>Werden Sie zum ersten Mal selbst Beton einbauen oder gie\u00dfen? Unsere Spezialisten helfen Ihnen gerne mit praktischen Tipps und Dingen, die Sie unbedingt beachten sollten. Unsere Beratung beginnt bereits bei der Vorbereitung, wenn Sie sich \u00fcber die richtige K\u00f6rnung oder Zusammensetzung des Betons nicht sicher sind. Au\u00dferdem k\u00f6nnen wir Ihnen mehr \u00fcber die f\u00fcnf Basisdaten erz\u00e4hlen, die wir von Ihnen ben\u00f6tigen, wie z. B. Festigkeitsklasse, Umweltklasse und Konsistenzklasse. So k\u00f6nnen Sie sicher sein, dass Sie nach der Betonanlieferung mit den richtigen Materialien arbeiten. Auch nach der Lieferung sind wir f\u00fcr Sie da. Haben Sie irgendwelche Fragen? Sie k\u00f6nnen uns jederzeit kontaktieren. Bitte kontaktieren Sie uns direkt f\u00fcr weitere Informationen oder ein unverbindliches Angebot. Wir machen Ihnen dann innerhalb von 1 bis 2 Werktagen ein attraktives Angebot!<\/p>\n<p>[\/vc_column_text][\/vc_column][vc_column width=&#8220;1\/6&#8243;][\/vc_column][\/vc_row]<\/p>\n<\/div>","protected":false},"excerpt":{"rendered":"<p>[vc_row css_animation=&#8220;&#8220; row_type=&#8220;row&#8220; use_row_as_full_screen_section=&#8220;no&#8220; type=&#8220;grid&#8220; angled_section=&#8220;no&#8220; text_align=&#8220;left&#8220; background_image_as_pattern=&#8220;without_pattern&#8220; css=&#8220;.vc_custom_1591951805052{padding-top: 5em !important;padding-bottom: 5em !important;}&#8220; z_index=&#8220;&#8220;][vc_column][vc_row_inner row_type=&#8220;row&#8220; type=&#8220;full_width&#8220; text_align=&#8220;left&#8220; css_animation=&#8220;&#8220;][vc_column_inner width=&#8220;1\/2&#8243;][vc_column_text] SELBST BETON EINBAUEN [\/vc_column_text][vc_empty_space height=&#8220;1em&#8220;][vc_column_text] Ob es sich um gebrauchsfertigen Beton f\u00fcr die Gr\u00fcndung eines Anbaus oder um Spezialbeton f\u00fcr Swimmingpools handelt \u2013 bei Josef Kl\u00f6sters&#8230;<\/p>\n","protected":false},"author":1,"featured_media":0,"parent":0,"menu_order":0,"comment_status":"closed","ping_status":"closed","template":"full_width.php","meta":{"footnotes":""},"class_list":["post-1229","page","type-page","status-publish","hentry"],"yoast_head":"<!-- This site is optimized with the Yoast SEO plugin v27.4 - https:\/\/yoast.com\/product\/yoast-seo-wordpress\/ -->\n<title>Selbst Beton einbauen und gie\u00dfen - Kl\u00f6sters Beton<\/title>\n<meta name=\"description\" content=\"Bij Josef Kl\u00f6sters Kies &amp; Beton kunt u eenvoudig beton bestellen en het beton aan huis laten bezorgen.\" \/>\n<meta name=\"robots\" content=\"index, follow, max-snippet:-1, max-image-preview:large, max-video-preview:-1\" \/>\n<link rel=\"canonical\" href=\"https:\/\/www.kloesters.nl\/de\/beton-einbauen-giessen\/\" \/>\n<meta property=\"og:locale\" content=\"de_DE\" \/>\n<meta property=\"og:type\" content=\"article\" \/>\n<meta property=\"og:title\" content=\"Selbst Beton einbauen und gie\u00dfen - Kl\u00f6sters Beton\" \/>\n<meta property=\"og:description\" content=\"Bij Josef Kl\u00f6sters Kies &amp; Beton kunt u eenvoudig beton bestellen en het beton aan huis laten bezorgen.\" \/>\n<meta property=\"og:url\" content=\"https:\/\/www.kloesters.nl\/de\/beton-einbauen-giessen\/\" \/>\n<meta property=\"og:site_name\" content=\"Kl\u00f6sters Beton\" \/>\n<meta property=\"article:modified_time\" content=\"2021-06-01T06:23:02+00:00\" \/>\n<meta name=\"twitter:card\" content=\"summary_large_image\" \/>\n<meta name=\"twitter:label1\" content=\"Gesch\u00e4tzte Lesezeit\" \/>\n\t<meta name=\"twitter:data1\" content=\"5\u00a0Minuten\" \/>\n<script type=\"application\/ld+json\" class=\"yoast-schema-graph\">{\"@context\":\"https:\\\/\\\/schema.org\",\"@graph\":[{\"@type\":\"WebPage\",\"@id\":\"https:\\\/\\\/www.kloesters.nl\\\/de\\\/beton-einbauen-giessen\\\/\",\"url\":\"https:\\\/\\\/www.kloesters.nl\\\/de\\\/beton-einbauen-giessen\\\/\",\"name\":\"Selbst Beton einbauen und gie\u00dfen - Kl\u00f6sters Beton\",\"isPartOf\":{\"@id\":\"https:\\\/\\\/www.kloesters.nl\\\/de\\\/#website\"},\"datePublished\":\"2021-05-27T09:33:27+00:00\",\"dateModified\":\"2021-06-01T06:23:02+00:00\",\"description\":\"Bij Josef Kl\u00f6sters Kies & Beton kunt u eenvoudig beton bestellen en het beton aan huis laten bezorgen.\",\"breadcrumb\":{\"@id\":\"https:\\\/\\\/www.kloesters.nl\\\/de\\\/beton-einbauen-giessen\\\/#breadcrumb\"},\"inLanguage\":\"de\",\"potentialAction\":[{\"@type\":\"ReadAction\",\"target\":[\"https:\\\/\\\/www.kloesters.nl\\\/de\\\/beton-einbauen-giessen\\\/\"]}]},{\"@type\":\"BreadcrumbList\",\"@id\":\"https:\\\/\\\/www.kloesters.nl\\\/de\\\/beton-einbauen-giessen\\\/#breadcrumb\",\"itemListElement\":[{\"@type\":\"ListItem\",\"position\":1,\"name\":\"Home\",\"item\":\"https:\\\/\\\/www.kloesters.nl\\\/de\\\/\"},{\"@type\":\"ListItem\",\"position\":2,\"name\":\"Selbst Beton einbauen und gie\u00dfen\"}]},{\"@type\":\"WebSite\",\"@id\":\"https:\\\/\\\/www.kloesters.nl\\\/de\\\/#website\",\"url\":\"https:\\\/\\\/www.kloesters.nl\\\/de\\\/\",\"name\":\"Kl\u00f6sters Beton\",\"description\":\"Welkom bij Kl\u00f6sters Beton\",\"potentialAction\":[{\"@type\":\"SearchAction\",\"target\":{\"@type\":\"EntryPoint\",\"urlTemplate\":\"https:\\\/\\\/www.kloesters.nl\\\/de\\\/?s={search_term_string}\"},\"query-input\":{\"@type\":\"PropertyValueSpecification\",\"valueRequired\":true,\"valueName\":\"search_term_string\"}}],\"inLanguage\":\"de\"}]}<\/script>\n<!-- \/ Yoast SEO plugin. -->","yoast_head_json":{"title":"Selbst Beton einbauen und gie\u00dfen - Kl\u00f6sters Beton","description":"Bij Josef Kl\u00f6sters Kies & Beton kunt u eenvoudig beton bestellen en het beton aan huis laten bezorgen.","robots":{"index":"index","follow":"follow","max-snippet":"max-snippet:-1","max-image-preview":"max-image-preview:large","max-video-preview":"max-video-preview:-1"},"canonical":"https:\/\/www.kloesters.nl\/de\/beton-einbauen-giessen\/","og_locale":"de_DE","og_type":"article","og_title":"Selbst Beton einbauen und gie\u00dfen - Kl\u00f6sters Beton","og_description":"Bij Josef Kl\u00f6sters Kies & Beton kunt u eenvoudig beton bestellen en het beton aan huis laten bezorgen.","og_url":"https:\/\/www.kloesters.nl\/de\/beton-einbauen-giessen\/","og_site_name":"Kl\u00f6sters Beton","article_modified_time":"2021-06-01T06:23:02+00:00","twitter_card":"summary_large_image","twitter_misc":{"Gesch\u00e4tzte Lesezeit":"5\u00a0Minuten"},"schema":{"@context":"https:\/\/schema.org","@graph":[{"@type":"WebPage","@id":"https:\/\/www.kloesters.nl\/de\/beton-einbauen-giessen\/","url":"https:\/\/www.kloesters.nl\/de\/beton-einbauen-giessen\/","name":"Selbst Beton einbauen und gie\u00dfen - Kl\u00f6sters Beton","isPartOf":{"@id":"https:\/\/www.kloesters.nl\/de\/#website"},"datePublished":"2021-05-27T09:33:27+00:00","dateModified":"2021-06-01T06:23:02+00:00","description":"Bij Josef Kl\u00f6sters Kies & Beton kunt u eenvoudig beton bestellen en het beton aan huis laten bezorgen.","breadcrumb":{"@id":"https:\/\/www.kloesters.nl\/de\/beton-einbauen-giessen\/#breadcrumb"},"inLanguage":"de","potentialAction":[{"@type":"ReadAction","target":["https:\/\/www.kloesters.nl\/de\/beton-einbauen-giessen\/"]}]},{"@type":"BreadcrumbList","@id":"https:\/\/www.kloesters.nl\/de\/beton-einbauen-giessen\/#breadcrumb","itemListElement":[{"@type":"ListItem","position":1,"name":"Home","item":"https:\/\/www.kloesters.nl\/de\/"},{"@type":"ListItem","position":2,"name":"Selbst Beton einbauen und gie\u00dfen"}]},{"@type":"WebSite","@id":"https:\/\/www.kloesters.nl\/de\/#website","url":"https:\/\/www.kloesters.nl\/de\/","name":"Kl\u00f6sters Beton","description":"Welkom bij Kl\u00f6sters Beton","potentialAction":[{"@type":"SearchAction","target":{"@type":"EntryPoint","urlTemplate":"https:\/\/www.kloesters.nl\/de\/?s={search_term_string}"},"query-input":{"@type":"PropertyValueSpecification","valueRequired":true,"valueName":"search_term_string"}}],"inLanguage":"de"}]}},"_links":{"self":[{"href":"https:\/\/www.kloesters.nl\/de\/wp-json\/wp\/v2\/pages\/1229","targetHints":{"allow":["GET"]}}],"collection":[{"href":"https:\/\/www.kloesters.nl\/de\/wp-json\/wp\/v2\/pages"}],"about":[{"href":"https:\/\/www.kloesters.nl\/de\/wp-json\/wp\/v2\/types\/page"}],"author":[{"embeddable":true,"href":"https:\/\/www.kloesters.nl\/de\/wp-json\/wp\/v2\/users\/1"}],"replies":[{"embeddable":true,"href":"https:\/\/www.kloesters.nl\/de\/wp-json\/wp\/v2\/comments?post=1229"}],"version-history":[{"count":5,"href":"https:\/\/www.kloesters.nl\/de\/wp-json\/wp\/v2\/pages\/1229\/revisions"}],"predecessor-version":[{"id":1358,"href":"https:\/\/www.kloesters.nl\/de\/wp-json\/wp\/v2\/pages\/1229\/revisions\/1358"}],"wp:attachment":[{"href":"https:\/\/www.kloesters.nl\/de\/wp-json\/wp\/v2\/media?parent=1229"}],"curies":[{"name":"wp","href":"https:\/\/api.w.org\/{rel}","templated":true}]}}