{"id":1233,"date":"2021-05-27T18:23:42","date_gmt":"2021-05-27T09:38:42","guid":{"rendered":"https:\/\/kloesters.nl\/beton-fuer-den-strassenbau\/"},"modified":"2021-06-01T15:31:11","modified_gmt":"2021-06-01T06:46:11","slug":"beton-fuer-den-strassenbau","status":"publish","type":"page","link":"https:\/\/www.kloesters.nl\/de\/beton-fuer-den-strassenbau\/","title":{"rendered":"Beton f\u00fcr den Stra\u00dfenbau"},"content":{"rendered":"<div class=\"wpb-content-wrapper\"><p>[vc_row css_animation=&#8220;&#8220; row_type=&#8220;row&#8220; use_row_as_full_screen_section=&#8220;no&#8220; type=&#8220;grid&#8220; angled_section=&#8220;no&#8220; text_align=&#8220;left&#8220; background_image_as_pattern=&#8220;without_pattern&#8220; css=&#8220;.vc_custom_1591951805052{padding-top: 5em !important;padding-bottom: 5em !important;}&#8220; z_index=&#8220;&#8220;][vc_column][vc_row_inner row_type=&#8220;row&#8220; type=&#8220;full_width&#8220; text_align=&#8220;left&#8220; css_animation=&#8220;&#8220;][vc_column_inner width=&#8220;1\/2&#8243;][vc_column_text]<\/p>\n<p>Im Stra\u00dfenbau wird nachhaltiges, wartungsfreies und strapazierf\u00e4higes Material ben\u00f6tigt. Beton erf\u00fcllt all diese spezifischen Eigenschaften. Er verhindert die Spurrillenbildung, hat nur einen geringen Rollwiderstand und kann viele Jahre lang ohne Verschlei\u00dferscheinungen eingesetzt werden.\u00a0Auch bei schweren Belastungen und hohen Temperaturen beh\u00e4lt Beton seine Form. Wir liefern zertifizierten Beton speziell f\u00fcr den Stra\u00dfenbau, der die Normen NEN-EN 206-1 und NEN 8005 erf\u00fcllt.<\/p>\n<p>[\/vc_column_text][vc_empty_space height=&#8220;2em&#8220;][vc_column_text]<\/p>\n<h2>BETON F\u00dcR STRASSEN UND GEHWEGE<\/h2>\n<p>[\/vc_column_text][vc_empty_space height=&#8220;1em&#8220;][vc_column_text]<\/p>\n<p>Der Beton, den wir speziell f\u00fcr den Stra\u00dfenbau herstellen, eignet sich f\u00fcr zahlreiche Anwendungen. F\u00fcr den Bau von Stra\u00dfen und Radwegen ebenso wie f\u00fcr die Realisierung von Gel\u00e4ndebefestigungen, Bahnh\u00f6fen und Parkpl\u00e4tzen. Moderne Betontechnologien sorgen daf\u00fcr, dass der Beton rasch aush\u00e4rtet und belastet werden kann.<\/p>\n<p>[\/vc_column_text][vc_empty_space height=&#8220;2em&#8220;][\/vc_column_inner][vc_column_inner width=&#8220;1\/2&#8243;][vc_single_image image=&#8220;740&#8243; img_size=&#8220;full&#8220; qode_css_animation=&#8220;&#8220;][\/vc_column_inner][\/vc_row_inner][\/vc_column][\/vc_row][vc_row css_animation=&#8220;&#8220; row_type=&#8220;row&#8220; use_row_as_full_screen_section=&#8220;no&#8220; type=&#8220;grid&#8220; angled_section=&#8220;no&#8220; text_align=&#8220;left&#8220; background_image_as_pattern=&#8220;without_pattern&#8220; css=&#8220;.vc_custom_1591951811796{padding-top: 5em !important;padding-bottom: 5em !important;background-color: rgba(0,144,181,0.07) !important;*background-color: rgb(0,144,181) !important;}&#8220; z_index=&#8220;&#8220;][vc_column][vc_row_inner row_type=&#8220;row&#8220; type=&#8220;full_width&#8220; text_align=&#8220;left&#8220; css_animation=&#8220;&#8220;][vc_column_inner width=&#8220;1\/2&#8243;][vc_single_image image=&#8220;723&#8243; img_size=&#8220;full&#8220; qode_css_animation=&#8220;&#8220;][vc_empty_space height=&#8220;2em&#8220;][\/vc_column_inner][vc_column_inner width=&#8220;1\/2&#8243;][vc_column_text]<\/p>\n<h2>BETON F\u00dcR DEN STRASSENBAU BESTELLEN<\/h2>\n<p>[\/vc_column_text][vc_empty_space height=&#8220;1em&#8220;][vc_column_text]<\/p>\n<p>Wenn Sie mehr \u00fcber Beton f\u00fcr den Stra\u00dfenbau und unsere Preise wissen m\u00f6chten, setzen Sie sich einfach mit uns in <a href=\"https:\/\/kloesters.nl\/de\/kontakt\/\">Verbindung<\/a>. M\u00f6chten Sie sofort Beton f\u00fcr den Stra\u00dfenbau bestellen?\u00a0\u00dcbermitteln Sie uns dann bitte die folgenden Daten:<\/p>\n<p>[\/vc_column_text][vc_empty_space height=&#8220;1em&#8220;][vc_column_text]<\/p>\n<ul>\n<li>Festigkeitsklasse<\/li>\n<li>Expositionsklasse<\/li>\n<li>Konsistenzklasse<\/li>\n<li>Gr\u00f6\u00dftkorn (D<sub>max<\/sub>)<\/li>\n<li>Menge in Kubikmetern<\/li>\n<\/ul>\n<p>[\/vc_column_text][vc_empty_space height=&#8220;1em&#8220;][vc_column_text]<\/p>\n<p>Wir liefern innerhalb von vier Tagen auf die Baustelle.<\/p>\n<p>[\/vc_column_text][vc_empty_space height=&#8220;2em&#8220;]<a  itemprop=\"url\" href=\"\/de\/beton-bestellen\/\" target=\"_self\"  class=\"qbutton  default\" style=\"\">Beton f\u00fcr den Stra\u00dfenbau bestellen <i class=\"qode_icon_font_awesome fa fa-arrow-right qode_button_icon_element\"><\/i><\/a>[\/vc_column_inner][\/vc_row_inner][\/vc_column][\/vc_row]<\/p>\n<\/div>","protected":false},"excerpt":{"rendered":"<p>[vc_row css_animation=&#8220;&#8220; row_type=&#8220;row&#8220; use_row_as_full_screen_section=&#8220;no&#8220; type=&#8220;grid&#8220; angled_section=&#8220;no&#8220; text_align=&#8220;left&#8220; background_image_as_pattern=&#8220;without_pattern&#8220; css=&#8220;.vc_custom_1591951805052{padding-top: 5em !important;padding-bottom: 5em !important;}&#8220; z_index=&#8220;&#8220;][vc_column][vc_row_inner row_type=&#8220;row&#8220; type=&#8220;full_width&#8220; text_align=&#8220;left&#8220; css_animation=&#8220;&#8220;][vc_column_inner width=&#8220;1\/2&#8243;][vc_column_text] Im Stra\u00dfenbau wird nachhaltiges, wartungsfreies und strapazierf\u00e4higes Material ben\u00f6tigt. Beton erf\u00fcllt all diese spezifischen Eigenschaften. Er verhindert die Spurrillenbildung, hat nur einen geringen Rollwiderstand und kann&#8230;<\/p>\n","protected":false},"author":1,"featured_media":0,"parent":0,"menu_order":0,"comment_status":"closed","ping_status":"closed","template":"full_width.php","meta":{"footnotes":""},"class_list":["post-1233","page","type-page","status-publish","hentry"],"yoast_head":"<!-- This site is optimized with the Yoast SEO plugin v27.5 - https:\/\/yoast.com\/product\/yoast-seo-wordpress\/ -->\n<title>Beton f\u00fcr den Stra\u00dfenbau bestellen<\/title>\n<meta name=\"description\" content=\"Im Stra\u00dfenbau wird nachhaltiges, wartungsfreies und strapazierf\u00e4higes Material ben\u00f6tigt. Beton erf\u00fcllt all diese spezifischen Eigenschaften.\" \/>\n<meta name=\"robots\" content=\"index, follow, max-snippet:-1, max-image-preview:large, max-video-preview:-1\" \/>\n<link rel=\"canonical\" href=\"https:\/\/www.kloesters.nl\/de\/beton-fuer-den-strassenbau\/\" \/>\n<meta property=\"og:locale\" content=\"de_DE\" \/>\n<meta property=\"og:type\" content=\"article\" \/>\n<meta property=\"og:title\" content=\"Beton f\u00fcr den Stra\u00dfenbau bestellen\" \/>\n<meta property=\"og:description\" content=\"Im Stra\u00dfenbau wird nachhaltiges, wartungsfreies und strapazierf\u00e4higes Material ben\u00f6tigt. Beton erf\u00fcllt all diese spezifischen Eigenschaften.\" \/>\n<meta property=\"og:url\" content=\"https:\/\/www.kloesters.nl\/de\/beton-fuer-den-strassenbau\/\" \/>\n<meta property=\"og:site_name\" content=\"Kl\u00f6sters Beton\" \/>\n<meta property=\"article:modified_time\" content=\"2021-06-01T06:46:11+00:00\" \/>\n<meta name=\"twitter:card\" content=\"summary_large_image\" \/>\n<meta name=\"twitter:label1\" content=\"Gesch\u00e4tzte Lesezeit\" \/>\n\t<meta name=\"twitter:data1\" content=\"2\u00a0Minuten\" \/>\n<script type=\"application\/ld+json\" class=\"yoast-schema-graph\">{\"@context\":\"https:\\\/\\\/schema.org\",\"@graph\":[{\"@type\":\"WebPage\",\"@id\":\"https:\\\/\\\/www.kloesters.nl\\\/de\\\/beton-fuer-den-strassenbau\\\/\",\"url\":\"https:\\\/\\\/www.kloesters.nl\\\/de\\\/beton-fuer-den-strassenbau\\\/\",\"name\":\"Beton f\u00fcr den Stra\u00dfenbau bestellen\",\"isPartOf\":{\"@id\":\"https:\\\/\\\/www.kloesters.nl\\\/de\\\/#website\"},\"datePublished\":\"2021-05-27T09:38:42+00:00\",\"dateModified\":\"2021-06-01T06:46:11+00:00\",\"description\":\"Im Stra\u00dfenbau wird nachhaltiges, wartungsfreies und strapazierf\u00e4higes Material ben\u00f6tigt. Beton erf\u00fcllt all diese spezifischen Eigenschaften.\",\"breadcrumb\":{\"@id\":\"https:\\\/\\\/www.kloesters.nl\\\/de\\\/beton-fuer-den-strassenbau\\\/#breadcrumb\"},\"inLanguage\":\"de\",\"potentialAction\":[{\"@type\":\"ReadAction\",\"target\":[\"https:\\\/\\\/www.kloesters.nl\\\/de\\\/beton-fuer-den-strassenbau\\\/\"]}]},{\"@type\":\"BreadcrumbList\",\"@id\":\"https:\\\/\\\/www.kloesters.nl\\\/de\\\/beton-fuer-den-strassenbau\\\/#breadcrumb\",\"itemListElement\":[{\"@type\":\"ListItem\",\"position\":1,\"name\":\"Home\",\"item\":\"https:\\\/\\\/www.kloesters.nl\\\/de\\\/\"},{\"@type\":\"ListItem\",\"position\":2,\"name\":\"Beton f\u00fcr den Stra\u00dfenbau\"}]},{\"@type\":\"WebSite\",\"@id\":\"https:\\\/\\\/www.kloesters.nl\\\/de\\\/#website\",\"url\":\"https:\\\/\\\/www.kloesters.nl\\\/de\\\/\",\"name\":\"Kl\u00f6sters Beton\",\"description\":\"Welkom bij Kl\u00f6sters Beton\",\"potentialAction\":[{\"@type\":\"SearchAction\",\"target\":{\"@type\":\"EntryPoint\",\"urlTemplate\":\"https:\\\/\\\/www.kloesters.nl\\\/de\\\/?s={search_term_string}\"},\"query-input\":{\"@type\":\"PropertyValueSpecification\",\"valueRequired\":true,\"valueName\":\"search_term_string\"}}],\"inLanguage\":\"de\"}]}<\/script>\n<!-- \/ Yoast SEO plugin. -->","yoast_head_json":{"title":"Beton f\u00fcr den Stra\u00dfenbau bestellen","description":"Im Stra\u00dfenbau wird nachhaltiges, wartungsfreies und strapazierf\u00e4higes Material ben\u00f6tigt. Beton erf\u00fcllt all diese spezifischen Eigenschaften.","robots":{"index":"index","follow":"follow","max-snippet":"max-snippet:-1","max-image-preview":"max-image-preview:large","max-video-preview":"max-video-preview:-1"},"canonical":"https:\/\/www.kloesters.nl\/de\/beton-fuer-den-strassenbau\/","og_locale":"de_DE","og_type":"article","og_title":"Beton f\u00fcr den Stra\u00dfenbau bestellen","og_description":"Im Stra\u00dfenbau wird nachhaltiges, wartungsfreies und strapazierf\u00e4higes Material ben\u00f6tigt. Beton erf\u00fcllt all diese spezifischen Eigenschaften.","og_url":"https:\/\/www.kloesters.nl\/de\/beton-fuer-den-strassenbau\/","og_site_name":"Kl\u00f6sters Beton","article_modified_time":"2021-06-01T06:46:11+00:00","twitter_card":"summary_large_image","twitter_misc":{"Gesch\u00e4tzte Lesezeit":"2\u00a0Minuten"},"schema":{"@context":"https:\/\/schema.org","@graph":[{"@type":"WebPage","@id":"https:\/\/www.kloesters.nl\/de\/beton-fuer-den-strassenbau\/","url":"https:\/\/www.kloesters.nl\/de\/beton-fuer-den-strassenbau\/","name":"Beton f\u00fcr den Stra\u00dfenbau bestellen","isPartOf":{"@id":"https:\/\/www.kloesters.nl\/de\/#website"},"datePublished":"2021-05-27T09:38:42+00:00","dateModified":"2021-06-01T06:46:11+00:00","description":"Im Stra\u00dfenbau wird nachhaltiges, wartungsfreies und strapazierf\u00e4higes Material ben\u00f6tigt. Beton erf\u00fcllt all diese spezifischen Eigenschaften.","breadcrumb":{"@id":"https:\/\/www.kloesters.nl\/de\/beton-fuer-den-strassenbau\/#breadcrumb"},"inLanguage":"de","potentialAction":[{"@type":"ReadAction","target":["https:\/\/www.kloesters.nl\/de\/beton-fuer-den-strassenbau\/"]}]},{"@type":"BreadcrumbList","@id":"https:\/\/www.kloesters.nl\/de\/beton-fuer-den-strassenbau\/#breadcrumb","itemListElement":[{"@type":"ListItem","position":1,"name":"Home","item":"https:\/\/www.kloesters.nl\/de\/"},{"@type":"ListItem","position":2,"name":"Beton f\u00fcr den Stra\u00dfenbau"}]},{"@type":"WebSite","@id":"https:\/\/www.kloesters.nl\/de\/#website","url":"https:\/\/www.kloesters.nl\/de\/","name":"Kl\u00f6sters Beton","description":"Welkom bij Kl\u00f6sters Beton","potentialAction":[{"@type":"SearchAction","target":{"@type":"EntryPoint","urlTemplate":"https:\/\/www.kloesters.nl\/de\/?s={search_term_string}"},"query-input":{"@type":"PropertyValueSpecification","valueRequired":true,"valueName":"search_term_string"}}],"inLanguage":"de"}]}},"_links":{"self":[{"href":"https:\/\/www.kloesters.nl\/de\/wp-json\/wp\/v2\/pages\/1233","targetHints":{"allow":["GET"]}}],"collection":[{"href":"https:\/\/www.kloesters.nl\/de\/wp-json\/wp\/v2\/pages"}],"about":[{"href":"https:\/\/www.kloesters.nl\/de\/wp-json\/wp\/v2\/types\/page"}],"author":[{"embeddable":true,"href":"https:\/\/www.kloesters.nl\/de\/wp-json\/wp\/v2\/users\/1"}],"replies":[{"embeddable":true,"href":"https:\/\/www.kloesters.nl\/de\/wp-json\/wp\/v2\/comments?post=1233"}],"version-history":[{"count":5,"href":"https:\/\/www.kloesters.nl\/de\/wp-json\/wp\/v2\/pages\/1233\/revisions"}],"predecessor-version":[{"id":1363,"href":"https:\/\/www.kloesters.nl\/de\/wp-json\/wp\/v2\/pages\/1233\/revisions\/1363"}],"wp:attachment":[{"href":"https:\/\/www.kloesters.nl\/de\/wp-json\/wp\/v2\/media?parent=1233"}],"curies":[{"name":"wp","href":"https:\/\/api.w.org\/{rel}","templated":true}]}}