{"id":1237,"date":"2021-05-27T18:28:09","date_gmt":"2021-05-27T09:43:09","guid":{"rendered":"https:\/\/kloesters.nl\/beton-fuer-unternehmen\/"},"modified":"2021-06-01T15:28:10","modified_gmt":"2021-06-01T06:43:10","slug":"beton-fuer-unternehmen","status":"publish","type":"page","link":"https:\/\/www.kloesters.nl\/de\/beton-fuer-unternehmen\/","title":{"rendered":"Beton f\u00fcr Unternehmen"},"content":{"rendered":"<div class=\"wpb-content-wrapper\"><p>[vc_row css_animation=&#8220;&#8220; row_type=&#8220;row&#8220; use_row_as_full_screen_section=&#8220;no&#8220; type=&#8220;grid&#8220; angled_section=&#8220;no&#8220; text_align=&#8220;left&#8220; background_image_as_pattern=&#8220;without_pattern&#8220; css=&#8220;.vc_custom_1591951805052{padding-top: 5em !important;padding-bottom: 5em !important;}&#8220; z_index=&#8220;&#8220;][vc_column][vc_row_inner row_type=&#8220;row&#8220; type=&#8220;full_width&#8220; text_align=&#8220;left&#8220; css_animation=&#8220;&#8220;][vc_column_inner width=&#8220;1\/2&#8243;][vc_column_text]<\/p>\n<p>Brauchen Sie Beton f\u00fcr ein Neubau-, Renovierungs- oder Restaurierungsprojekt? Bei uns finden Sie gebrauchsfertigen Frischbeton zum g\u00fcnstigen Kubikmeterpreis. Wir liefern zertifizierten Beton h\u00f6chster Qualit\u00e4t. Beton, der alle aktuellen Normen und Richtlinien erf\u00fcllt und auf der Grundlage der neuesten Technologien hergestellt wurde.<\/p>\n<p>[\/vc_column_text][vc_empty_space height=&#8220;2em&#8220;][vc_column_text]<\/p>\n<h2>NACHHALTIGER, ZERTIFIZIERTER BETON<\/h2>\n<p>[\/vc_column_text][vc_empty_space height=&#8220;1em&#8220;][vc_column_text]<\/p>\n<p>Wir untersuchen fortw\u00e4hrend die mechanischen, plastischen und \u00e4sthetischen Eigenschaften unserer Betonprodukte. Dadurch sind wir in der Lage, f\u00fcr jede Anwendung einen nachhaltigen Beton zusammenzustellen. Wir liefern haupts\u00e4chlich Transportbeton, Faserbeton und Beton f\u00fcr den Stra\u00dfenbau.<\/p>\n<p>[\/vc_column_text][vc_empty_space height=&#8220;2em&#8220;][vc_column_text]<\/p>\n<h2>LIEFERUNG AUF DIE BAUSTELLE<\/h2>\n<p>[\/vc_column_text][vc_empty_space height=&#8220;1em&#8220;][vc_column_text]<\/p>\n<p>Sie k\u00f6nnen den Beton bei einem unserer Betonwerke in Deutschland abholen; auf Wunsch liefern wir Ihnen den Beton aber auch innerhalb von vier bis f\u00fcnf Werktagen auf die Baustelle. Wir entladen den Beton standardm\u00e4\u00dfig \u00fcber eine Rinne am Heck des Lastkraftwagens, mit der wir Stellen bis einige Meter hinter und neben dem Lkw erreichen k\u00f6nnen. Wenn sich auf diese Weise der Einbauort des Betons doch nicht erreichen l\u00e4sst, kann der Beton gegen Aufpreis mit Schubkarren weiterbef\u00f6rdert werden.<\/p>\n<p>[\/vc_column_text][vc_empty_space height=&#8220;2em&#8220;][\/vc_column_inner][vc_column_inner width=&#8220;1\/2&#8243;][vc_single_image image=&#8220;743&#8243; img_size=&#8220;full&#8220; qode_css_animation=&#8220;&#8220;][\/vc_column_inner][\/vc_row_inner][\/vc_column][\/vc_row][vc_row css_animation=&#8220;&#8220; row_type=&#8220;row&#8220; use_row_as_full_screen_section=&#8220;no&#8220; type=&#8220;grid&#8220; angled_section=&#8220;no&#8220; text_align=&#8220;left&#8220; background_image_as_pattern=&#8220;without_pattern&#8220; css=&#8220;.vc_custom_1591951811796{padding-top: 5em !important;padding-bottom: 5em !important;background-color: rgba(0,144,181,0.07) !important;*background-color: rgb(0,144,181) !important;}&#8220; z_index=&#8220;&#8220;][vc_column][vc_row_inner row_type=&#8220;row&#8220; type=&#8220;full_width&#8220; text_align=&#8220;left&#8220; css_animation=&#8220;&#8220;][vc_column_inner width=&#8220;1\/2&#8243;][vc_single_image image=&#8220;746&#8243; img_size=&#8220;full&#8220; qode_css_animation=&#8220;&#8220;][vc_empty_space height=&#8220;2em&#8220;][\/vc_column_inner][vc_column_inner width=&#8220;1\/2&#8243;][vc_column_text]<\/p>\n<h2>WETTBEWERBSF\u00c4HIGE PREISE<\/h2>\n<p>[\/vc_column_text][vc_empty_space height=&#8220;1em&#8220;][vc_column_text]<\/p>\n<p>Die Ausgangsstoffe f\u00fcr unseren Beton gewinnen wir in unserer eigenen Sand- und Kiesgrube. Dadurch sparen wir Transportwege, was es uns erm\u00f6glicht, wettbewerbsf\u00e4hige Preise anzubieten. Da die Betonpreise Schwankungen unterliegen, empfehlen wir Ihnen, sich unverbindlich mit uns in Verbindung zu setzen, um die aktuellen Preise zu erfragen. F\u00fcr die folgenden Leistungen berechnen wir einen Aufpreis:<\/p>\n<p>[\/vc_column_text][vc_empty_space height=&#8220;2em&#8220;][vc_column_text]<\/p>\n<ul>\n<li>Bestellungen unter 7 m\u00b3 (Kleinladungszuschlag);<\/li>\n<li>plastifizierte Verpackungen;<\/li>\n<li>Verwendung einer andere Zementart;<\/li>\n<li>Entladen per Schubkarre;<\/li>\n<li>Herstellung von Warmbeton (bei Temperaturen unter 0 \u00b0C um 6.00 Uhr morgens);<\/li>\n<li>l\u00e4ngere Entladezeiten.<\/li>\n<\/ul>\n<p>[\/vc_column_text][vc_empty_space height=&#8220;2em&#8220;][vc_column_text]<\/p>\n<h2>WIR HABEN DEN GESAMTEN BETON F\u00dcR DIE FLORIADE VENLO GELIEFERT<\/h2>\n<p>[\/vc_column_text][vc_empty_space height=&#8220;1em&#8220;][vc_column_text]<\/p>\n<p>2010 und 2011 haben wir den Beton f\u00fcr den Bau der Villa Flora geliefert, des einzigartigen niederl\u00e4ndischen Pavillons f\u00fcr die internationale Gartenschau \u201eFloriade\u201c in Venlo im Jahr 2012. Realisiert wurde das Geb\u00e4ude von BAM Utiliteitsbouw und Pellikaan Bouw. Die Gr\u00fcndung der Villa Flora wurde von CFE Nederland angelegt. Die Villa Flora ist ein Cradle-to-Cradle-Geb\u00e4ude h\u00f6chster Qualit\u00e4t und damit ein Projekt, auf das wir stolz sind.<\/p>\n<p>[\/vc_column_text][vc_empty_space height=&#8220;2em&#8220;]<a  itemprop=\"url\" href=\"https:\/\/kloesters.nl\/de\/verweise\/\" target=\"_self\"  class=\"qbutton  default\" style=\"\">Weitere Referenzen<i class=\"qode_icon_font_awesome fa fa-arrow-right qode_button_icon_element\"><\/i><\/a>[\/vc_column_inner][\/vc_row_inner][\/vc_column][\/vc_row]<\/p>\n<\/div>","protected":false},"excerpt":{"rendered":"<p>[vc_row css_animation=&#8220;&#8220; row_type=&#8220;row&#8220; use_row_as_full_screen_section=&#8220;no&#8220; type=&#8220;grid&#8220; angled_section=&#8220;no&#8220; text_align=&#8220;left&#8220; background_image_as_pattern=&#8220;without_pattern&#8220; css=&#8220;.vc_custom_1591951805052{padding-top: 5em !important;padding-bottom: 5em !important;}&#8220; z_index=&#8220;&#8220;][vc_column][vc_row_inner row_type=&#8220;row&#8220; type=&#8220;full_width&#8220; text_align=&#8220;left&#8220; css_animation=&#8220;&#8220;][vc_column_inner width=&#8220;1\/2&#8243;][vc_column_text] Brauchen Sie Beton f\u00fcr ein Neubau-, Renovierungs- oder Restaurierungsprojekt? Bei uns finden Sie gebrauchsfertigen Frischbeton zum g\u00fcnstigen Kubikmeterpreis. Wir liefern zertifizierten Beton h\u00f6chster Qualit\u00e4t. Beton, der&#8230;<\/p>\n","protected":false},"author":1,"featured_media":0,"parent":0,"menu_order":0,"comment_status":"closed","ping_status":"closed","template":"full_width.php","meta":{"footnotes":""},"class_list":["post-1237","page","type-page","status-publish","hentry"],"yoast_head":"<!-- This site is optimized with the Yoast SEO plugin v27.5 - https:\/\/yoast.com\/product\/yoast-seo-wordpress\/ -->\n<title>Beton f\u00fcr Unternehmen<\/title>\n<meta name=\"description\" content=\"Bei uns finden Sie gebrauchsfertigen Frischbeton zum g\u00fcnstigen Kubikmeterpreis. Wir liefern zertifizierten Beton h\u00f6chster Qualit\u00e4t.\" \/>\n<meta name=\"robots\" content=\"index, follow, max-snippet:-1, max-image-preview:large, max-video-preview:-1\" \/>\n<link rel=\"canonical\" href=\"https:\/\/www.kloesters.nl\/de\/beton-fuer-unternehmen\/\" \/>\n<meta property=\"og:locale\" content=\"de_DE\" \/>\n<meta property=\"og:type\" content=\"article\" \/>\n<meta property=\"og:title\" content=\"Beton f\u00fcr Unternehmen\" \/>\n<meta property=\"og:description\" content=\"Bei uns finden Sie gebrauchsfertigen Frischbeton zum g\u00fcnstigen Kubikmeterpreis. Wir liefern zertifizierten Beton h\u00f6chster Qualit\u00e4t.\" \/>\n<meta property=\"og:url\" content=\"https:\/\/www.kloesters.nl\/de\/beton-fuer-unternehmen\/\" \/>\n<meta property=\"og:site_name\" content=\"Kl\u00f6sters Beton\" \/>\n<meta property=\"article:modified_time\" content=\"2021-06-01T06:43:10+00:00\" \/>\n<meta name=\"twitter:card\" content=\"summary_large_image\" \/>\n<meta name=\"twitter:label1\" content=\"Gesch\u00e4tzte Lesezeit\" \/>\n\t<meta name=\"twitter:data1\" content=\"3\u00a0Minuten\" \/>\n<script type=\"application\/ld+json\" class=\"yoast-schema-graph\">{\"@context\":\"https:\\\/\\\/schema.org\",\"@graph\":[{\"@type\":\"WebPage\",\"@id\":\"https:\\\/\\\/www.kloesters.nl\\\/de\\\/beton-fuer-unternehmen\\\/\",\"url\":\"https:\\\/\\\/www.kloesters.nl\\\/de\\\/beton-fuer-unternehmen\\\/\",\"name\":\"Beton f\u00fcr Unternehmen\",\"isPartOf\":{\"@id\":\"https:\\\/\\\/www.kloesters.nl\\\/de\\\/#website\"},\"datePublished\":\"2021-05-27T09:43:09+00:00\",\"dateModified\":\"2021-06-01T06:43:10+00:00\",\"description\":\"Bei uns finden Sie gebrauchsfertigen Frischbeton zum g\u00fcnstigen Kubikmeterpreis. Wir liefern zertifizierten Beton h\u00f6chster Qualit\u00e4t.\",\"breadcrumb\":{\"@id\":\"https:\\\/\\\/www.kloesters.nl\\\/de\\\/beton-fuer-unternehmen\\\/#breadcrumb\"},\"inLanguage\":\"de\",\"potentialAction\":[{\"@type\":\"ReadAction\",\"target\":[\"https:\\\/\\\/www.kloesters.nl\\\/de\\\/beton-fuer-unternehmen\\\/\"]}]},{\"@type\":\"BreadcrumbList\",\"@id\":\"https:\\\/\\\/www.kloesters.nl\\\/de\\\/beton-fuer-unternehmen\\\/#breadcrumb\",\"itemListElement\":[{\"@type\":\"ListItem\",\"position\":1,\"name\":\"Home\",\"item\":\"https:\\\/\\\/www.kloesters.nl\\\/de\\\/\"},{\"@type\":\"ListItem\",\"position\":2,\"name\":\"Beton f\u00fcr Unternehmen\"}]},{\"@type\":\"WebSite\",\"@id\":\"https:\\\/\\\/www.kloesters.nl\\\/de\\\/#website\",\"url\":\"https:\\\/\\\/www.kloesters.nl\\\/de\\\/\",\"name\":\"Kl\u00f6sters Beton\",\"description\":\"Welkom bij Kl\u00f6sters Beton\",\"potentialAction\":[{\"@type\":\"SearchAction\",\"target\":{\"@type\":\"EntryPoint\",\"urlTemplate\":\"https:\\\/\\\/www.kloesters.nl\\\/de\\\/?s={search_term_string}\"},\"query-input\":{\"@type\":\"PropertyValueSpecification\",\"valueRequired\":true,\"valueName\":\"search_term_string\"}}],\"inLanguage\":\"de\"}]}<\/script>\n<!-- \/ Yoast SEO plugin. -->","yoast_head_json":{"title":"Beton f\u00fcr Unternehmen","description":"Bei uns finden Sie gebrauchsfertigen Frischbeton zum g\u00fcnstigen Kubikmeterpreis. Wir liefern zertifizierten Beton h\u00f6chster Qualit\u00e4t.","robots":{"index":"index","follow":"follow","max-snippet":"max-snippet:-1","max-image-preview":"max-image-preview:large","max-video-preview":"max-video-preview:-1"},"canonical":"https:\/\/www.kloesters.nl\/de\/beton-fuer-unternehmen\/","og_locale":"de_DE","og_type":"article","og_title":"Beton f\u00fcr Unternehmen","og_description":"Bei uns finden Sie gebrauchsfertigen Frischbeton zum g\u00fcnstigen Kubikmeterpreis. Wir liefern zertifizierten Beton h\u00f6chster Qualit\u00e4t.","og_url":"https:\/\/www.kloesters.nl\/de\/beton-fuer-unternehmen\/","og_site_name":"Kl\u00f6sters Beton","article_modified_time":"2021-06-01T06:43:10+00:00","twitter_card":"summary_large_image","twitter_misc":{"Gesch\u00e4tzte Lesezeit":"3\u00a0Minuten"},"schema":{"@context":"https:\/\/schema.org","@graph":[{"@type":"WebPage","@id":"https:\/\/www.kloesters.nl\/de\/beton-fuer-unternehmen\/","url":"https:\/\/www.kloesters.nl\/de\/beton-fuer-unternehmen\/","name":"Beton f\u00fcr Unternehmen","isPartOf":{"@id":"https:\/\/www.kloesters.nl\/de\/#website"},"datePublished":"2021-05-27T09:43:09+00:00","dateModified":"2021-06-01T06:43:10+00:00","description":"Bei uns finden Sie gebrauchsfertigen Frischbeton zum g\u00fcnstigen Kubikmeterpreis. Wir liefern zertifizierten Beton h\u00f6chster Qualit\u00e4t.","breadcrumb":{"@id":"https:\/\/www.kloesters.nl\/de\/beton-fuer-unternehmen\/#breadcrumb"},"inLanguage":"de","potentialAction":[{"@type":"ReadAction","target":["https:\/\/www.kloesters.nl\/de\/beton-fuer-unternehmen\/"]}]},{"@type":"BreadcrumbList","@id":"https:\/\/www.kloesters.nl\/de\/beton-fuer-unternehmen\/#breadcrumb","itemListElement":[{"@type":"ListItem","position":1,"name":"Home","item":"https:\/\/www.kloesters.nl\/de\/"},{"@type":"ListItem","position":2,"name":"Beton f\u00fcr Unternehmen"}]},{"@type":"WebSite","@id":"https:\/\/www.kloesters.nl\/de\/#website","url":"https:\/\/www.kloesters.nl\/de\/","name":"Kl\u00f6sters Beton","description":"Welkom bij Kl\u00f6sters Beton","potentialAction":[{"@type":"SearchAction","target":{"@type":"EntryPoint","urlTemplate":"https:\/\/www.kloesters.nl\/de\/?s={search_term_string}"},"query-input":{"@type":"PropertyValueSpecification","valueRequired":true,"valueName":"search_term_string"}}],"inLanguage":"de"}]}},"_links":{"self":[{"href":"https:\/\/www.kloesters.nl\/de\/wp-json\/wp\/v2\/pages\/1237","targetHints":{"allow":["GET"]}}],"collection":[{"href":"https:\/\/www.kloesters.nl\/de\/wp-json\/wp\/v2\/pages"}],"about":[{"href":"https:\/\/www.kloesters.nl\/de\/wp-json\/wp\/v2\/types\/page"}],"author":[{"embeddable":true,"href":"https:\/\/www.kloesters.nl\/de\/wp-json\/wp\/v2\/users\/1"}],"replies":[{"embeddable":true,"href":"https:\/\/www.kloesters.nl\/de\/wp-json\/wp\/v2\/comments?post=1237"}],"version-history":[{"count":5,"href":"https:\/\/www.kloesters.nl\/de\/wp-json\/wp\/v2\/pages\/1237\/revisions"}],"predecessor-version":[{"id":1360,"href":"https:\/\/www.kloesters.nl\/de\/wp-json\/wp\/v2\/pages\/1237\/revisions\/1360"}],"wp:attachment":[{"href":"https:\/\/www.kloesters.nl\/de\/wp-json\/wp\/v2\/media?parent=1237"}],"curies":[{"name":"wp","href":"https:\/\/api.w.org\/{rel}","templated":true}]}}