{"id":1241,"date":"2021-05-27T18:31:37","date_gmt":"2021-05-27T09:46:37","guid":{"rendered":"https:\/\/kloesters.nl\/beton-fuer-private-abnehmer\/"},"modified":"2025-01-16T18:41:37","modified_gmt":"2025-01-16T09:56:37","slug":"beton-fuer-private-abnehmer","status":"publish","type":"page","link":"https:\/\/www.kloesters.nl\/de\/beton-fuer-private-abnehmer\/","title":{"rendered":"Beton f\u00fcr private Abnehmer"},"content":{"rendered":"<div class=\"wpb-content-wrapper\"><p>[vc_row css_animation=&#8220;&#8220; row_type=&#8220;row&#8220; use_row_as_full_screen_section=&#8220;no&#8220; type=&#8220;grid&#8220; angled_section=&#8220;no&#8220; text_align=&#8220;left&#8220; background_image_as_pattern=&#8220;without_pattern&#8220; css=&#8220;.vc_custom_1591951805052{padding-top: 5em !important;padding-bottom: 5em !important;}&#8220; z_index=&#8220;&#8220;][vc_column][vc_row_inner row_type=&#8220;row&#8220; type=&#8220;full_width&#8220; text_align=&#8220;left&#8220; css_animation=&#8220;&#8220;][vc_column_inner width=&#8220;1\/2&#8243;][vc_column_text]Brauchen Sie Beton, beispielsweise f\u00fcr die Gr\u00fcndung eines Anbaus oder eines Schuppens, eines Carports oder einer Garage? M\u00f6chten Sie eine Auffahrt oder einen Swimmingpool anlegen?\u00a0Ein Tor verankern?\u00a0Oder einen Estrich gie\u00dfen?\u00a0Bei uns finden Sie Beton f\u00fcr jede Anwendung.\u00a0Gebrauchsfertig geliefert.[\/vc_column_text][vc_empty_space height=&#8220;2em&#8220;][vc_column_text]<\/p>\n<h2>SCHNELLE LIEFERUNG<\/h2>\n<p>[\/vc_column_text][vc_empty_space height=&#8220;1em&#8220;][vc_column_text]Wir liefern Beton montags bis samstags innerhalb von vier bis f\u00fcnf Werktagen. Nat\u00fcrlich k\u00f6nnen Sie Ihren bestellten Beton auch per Lkw oder mit einem Pkw-Anh\u00e4nger in unseren Betonwerken in Wachtendonk nahe der deutsch-niederl\u00e4ndischen Grenze bei Venlo oder in einem unserer deutschen Betonwerke in Neukirchen-Vluyn und Kaarst bei D\u00fcsseldorf selbst abholen.[\/vc_column_text][vc_empty_space height=&#8220;2em&#8220;][vc_column_text]<\/p>\n<h2>LIEFERUNG AUF DIE BAUSTELLE<\/h2>\n<p>[\/vc_column_text][vc_empty_space height=&#8220;1em&#8220;][vc_column_text]M\u00f6chten Sie Beton auf die Baustelle liefern lassen? Stellen Sie sicher, dass die Baustelle gut erreichbar ist und gen\u00fcgend Platz f\u00fcr einen Betonmischer bietet.\u00a0Wir entladen den Beton standardm\u00e4\u00dfig \u00fcber eine Rinne am Heck des Lastkraftwagens, mit der wir Stellen bis einige Meter hinter und neben dem Lkw erreichen k\u00f6nnen. Wenn sich auf diese Weise der Einbauort des Betons doch nicht erreichen l\u00e4sst, kann der Beton gegen Aufpreis mit Schubkarren weiterbef\u00f6rdert werden.[\/vc_column_text][vc_empty_space height=&#8220;2em&#8220;][vc_column_text css=&#8220;.vc_custom_1737021077728{padding-top: 30px !important;padding-right: 30px !important;padding-bottom: 30px !important;padding-left: 30px !important;background-color: #f7f6f3 !important;}&#8220;]<strong>Achtung:\u00a0<\/strong><\/p>\n<p>Wenn Sie den Beton auf die Baustelle liefern lassen m\u00f6chten, betr\u00e4gt die Mindestbestellmenge 4 Kubikmeter.<\/p>\n<p>Bei Abholung gilt eine Mindestabnahmemenge von 0,5 Kubikmetern.[\/vc_column_text][\/vc_column_inner][vc_column_inner width=&#8220;1\/2&#8243;][vc_single_image image=&#8220;746&#8243; img_size=&#8220;full&#8220; qode_css_animation=&#8220;&#8220;][\/vc_column_inner][\/vc_row_inner][\/vc_column][\/vc_row][vc_row css_animation=&#8220;&#8220; row_type=&#8220;row&#8220; use_row_as_full_screen_section=&#8220;no&#8220; type=&#8220;grid&#8220; angled_section=&#8220;no&#8220; text_align=&#8220;left&#8220; background_image_as_pattern=&#8220;without_pattern&#8220; css=&#8220;.vc_custom_1591951811796{padding-top: 5em !important;padding-bottom: 5em !important;background-color: rgba(0,144,181,0.07) !important;*background-color: rgb(0,144,181) !important;}&#8220; z_index=&#8220;&#8220;][vc_column][vc_row_inner row_type=&#8220;row&#8220; type=&#8220;full_width&#8220; text_align=&#8220;left&#8220; css_animation=&#8220;&#8220;][vc_column_inner width=&#8220;1\/2&#8243;][vc_single_image image=&#8220;753&#8243; img_size=&#8220;full&#8220; qode_css_animation=&#8220;&#8220;][vc_empty_space height=&#8220;2em&#8220;][\/vc_column_inner][vc_column_inner width=&#8220;1\/2&#8243;][vc_column_text]<\/p>\n<h2>BETON BESTELLEN<\/h2>\n<p>[\/vc_column_text][vc_empty_space height=&#8220;1em&#8220;][vc_column_text]Unsere Betonpreise h\u00e4ngen unter anderem von der gew\u00fcnschten Betonart ab, aber auch von der Zusammensetzung und Korngr\u00f6\u00dfe und der ben\u00f6tigten Menge. Wir berechnen einen Aufpreis f\u00fcr eventuelle besondere Liefertage und Lieferzeiten sowie Frachtkosten.\u00a0Fordern Sie ein unverbindliches Angebot an! Wir senden Ihnen dann innerhalb von 1 bis 2 Tagen ein Preisangebot zu.[\/vc_column_text][vc_empty_space height=&#8220;2em&#8220;][vc_column_text]<\/p>\n<h2>WELCHE BETONART SOLL ICH BESTELLEN?<\/h2>\n<p>[\/vc_column_text][vc_empty_space height=&#8220;1em&#8220;][vc_column_text]Voor particulieren leveren wij hoofdzakelijk <a href=\"https:\/\/kloesters.nl\/transportbeton\/\">transportbeton<\/a> en <a href=\"https:\/\/kloesters.nl\/vezelbeton\/\">vezelbeton<\/a>. Je kunt kiezen uit korrelgroottes van 8, 16 en 32 mm. Ook kun je aangeven welke sterkteklasse, milieuklasse en consistentieklasse je wenst. Twijfel je over welk soort beton je het beste kunt gebruiken? Of de hoeveelheid beton die je nodig hebt? Neem gerust <a href=\"https:\/\/kloesters.nl\/contact\/\">contact<\/a> met ons op voor meer informatie.[\/vc_column_text][vc_empty_space height=&#8220;2em&#8220;]<a  itemprop=\"url\" href=\"\/de\/beton-bestellen\/\" target=\"_self\"  class=\"qbutton  default\" style=\"\">Angebot anfordern<i class=\"qode_icon_font_awesome fa fa-arrow-right qode_button_icon_element\"><\/i><\/a>[\/vc_column_inner][\/vc_row_inner][\/vc_column][\/vc_row]<\/p>\n<\/div>","protected":false},"excerpt":{"rendered":"<p>[vc_row css_animation=&#8220;&#8220; row_type=&#8220;row&#8220; use_row_as_full_screen_section=&#8220;no&#8220; type=&#8220;grid&#8220; angled_section=&#8220;no&#8220; text_align=&#8220;left&#8220; background_image_as_pattern=&#8220;without_pattern&#8220; css=&#8220;.vc_custom_1591951805052{padding-top: 5em !important;padding-bottom: 5em !important;}&#8220; z_index=&#8220;&#8220;][vc_column][vc_row_inner row_type=&#8220;row&#8220; type=&#8220;full_width&#8220; text_align=&#8220;left&#8220; css_animation=&#8220;&#8220;][vc_column_inner width=&#8220;1\/2&#8243;][vc_column_text]Brauchen Sie Beton, beispielsweise f\u00fcr die Gr\u00fcndung eines Anbaus oder eines Schuppens, eines Carports oder einer Garage? M\u00f6chten Sie eine Auffahrt oder einen Swimmingpool anlegen?\u00a0Ein Tor verankern?\u00a0Oder&#8230;<\/p>\n","protected":false},"author":1,"featured_media":0,"parent":0,"menu_order":0,"comment_status":"closed","ping_status":"closed","template":"full_width.php","meta":{"footnotes":""},"class_list":["post-1241","page","type-page","status-publish","hentry"],"yoast_head":"<!-- This site is optimized with the Yoast SEO plugin v27.5 - https:\/\/yoast.com\/product\/yoast-seo-wordpress\/ -->\n<title>Beton voor fundering, oprit of vloer<\/title>\n<meta name=\"description\" content=\"Wij leveren beton binnen vier tot vijf werkdagen, van maandag tot en met zaterdag. Beton afhalen kan bij een van onze betoncentrales in Duitsland en Limburg.\" \/>\n<meta name=\"robots\" content=\"index, follow, max-snippet:-1, max-image-preview:large, max-video-preview:-1\" \/>\n<link rel=\"canonical\" href=\"https:\/\/www.kloesters.nl\/de\/beton-fuer-private-abnehmer\/\" \/>\n<meta property=\"og:locale\" content=\"de_DE\" \/>\n<meta property=\"og:type\" content=\"article\" \/>\n<meta property=\"og:title\" content=\"Beton voor fundering, oprit of vloer\" \/>\n<meta property=\"og:description\" content=\"Wij leveren beton binnen vier tot vijf werkdagen, van maandag tot en met zaterdag. Beton afhalen kan bij een van onze betoncentrales in Duitsland en Limburg.\" \/>\n<meta property=\"og:url\" content=\"https:\/\/www.kloesters.nl\/de\/beton-fuer-private-abnehmer\/\" \/>\n<meta property=\"og:site_name\" content=\"Kl\u00f6sters Beton\" \/>\n<meta property=\"article:modified_time\" content=\"2025-01-16T09:56:37+00:00\" \/>\n<meta name=\"twitter:card\" content=\"summary_large_image\" \/>\n<meta name=\"twitter:label1\" content=\"Gesch\u00e4tzte Lesezeit\" \/>\n\t<meta name=\"twitter:data1\" content=\"3\u00a0Minuten\" \/>\n<script type=\"application\/ld+json\" class=\"yoast-schema-graph\">{\"@context\":\"https:\\\/\\\/schema.org\",\"@graph\":[{\"@type\":\"WebPage\",\"@id\":\"https:\\\/\\\/www.kloesters.nl\\\/de\\\/beton-fuer-private-abnehmer\\\/\",\"url\":\"https:\\\/\\\/www.kloesters.nl\\\/de\\\/beton-fuer-private-abnehmer\\\/\",\"name\":\"Beton voor fundering, oprit of vloer\",\"isPartOf\":{\"@id\":\"https:\\\/\\\/www.kloesters.nl\\\/de\\\/#website\"},\"datePublished\":\"2021-05-27T09:46:37+00:00\",\"dateModified\":\"2025-01-16T09:56:37+00:00\",\"description\":\"Wij leveren beton binnen vier tot vijf werkdagen, van maandag tot en met zaterdag. Beton afhalen kan bij een van onze betoncentrales in Duitsland en Limburg.\",\"breadcrumb\":{\"@id\":\"https:\\\/\\\/www.kloesters.nl\\\/de\\\/beton-fuer-private-abnehmer\\\/#breadcrumb\"},\"inLanguage\":\"de\",\"potentialAction\":[{\"@type\":\"ReadAction\",\"target\":[\"https:\\\/\\\/www.kloesters.nl\\\/de\\\/beton-fuer-private-abnehmer\\\/\"]}]},{\"@type\":\"BreadcrumbList\",\"@id\":\"https:\\\/\\\/www.kloesters.nl\\\/de\\\/beton-fuer-private-abnehmer\\\/#breadcrumb\",\"itemListElement\":[{\"@type\":\"ListItem\",\"position\":1,\"name\":\"Home\",\"item\":\"https:\\\/\\\/www.kloesters.nl\\\/de\\\/\"},{\"@type\":\"ListItem\",\"position\":2,\"name\":\"Beton f\u00fcr private Abnehmer\"}]},{\"@type\":\"WebSite\",\"@id\":\"https:\\\/\\\/www.kloesters.nl\\\/de\\\/#website\",\"url\":\"https:\\\/\\\/www.kloesters.nl\\\/de\\\/\",\"name\":\"Kl\u00f6sters Beton\",\"description\":\"Welkom bij Kl\u00f6sters Beton\",\"potentialAction\":[{\"@type\":\"SearchAction\",\"target\":{\"@type\":\"EntryPoint\",\"urlTemplate\":\"https:\\\/\\\/www.kloesters.nl\\\/de\\\/?s={search_term_string}\"},\"query-input\":{\"@type\":\"PropertyValueSpecification\",\"valueRequired\":true,\"valueName\":\"search_term_string\"}}],\"inLanguage\":\"de\"}]}<\/script>\n<!-- \/ Yoast SEO plugin. -->","yoast_head_json":{"title":"Beton voor fundering, oprit of vloer","description":"Wij leveren beton binnen vier tot vijf werkdagen, van maandag tot en met zaterdag. Beton afhalen kan bij een van onze betoncentrales in Duitsland en Limburg.","robots":{"index":"index","follow":"follow","max-snippet":"max-snippet:-1","max-image-preview":"max-image-preview:large","max-video-preview":"max-video-preview:-1"},"canonical":"https:\/\/www.kloesters.nl\/de\/beton-fuer-private-abnehmer\/","og_locale":"de_DE","og_type":"article","og_title":"Beton voor fundering, oprit of vloer","og_description":"Wij leveren beton binnen vier tot vijf werkdagen, van maandag tot en met zaterdag. Beton afhalen kan bij een van onze betoncentrales in Duitsland en Limburg.","og_url":"https:\/\/www.kloesters.nl\/de\/beton-fuer-private-abnehmer\/","og_site_name":"Kl\u00f6sters Beton","article_modified_time":"2025-01-16T09:56:37+00:00","twitter_card":"summary_large_image","twitter_misc":{"Gesch\u00e4tzte Lesezeit":"3\u00a0Minuten"},"schema":{"@context":"https:\/\/schema.org","@graph":[{"@type":"WebPage","@id":"https:\/\/www.kloesters.nl\/de\/beton-fuer-private-abnehmer\/","url":"https:\/\/www.kloesters.nl\/de\/beton-fuer-private-abnehmer\/","name":"Beton voor fundering, oprit of vloer","isPartOf":{"@id":"https:\/\/www.kloesters.nl\/de\/#website"},"datePublished":"2021-05-27T09:46:37+00:00","dateModified":"2025-01-16T09:56:37+00:00","description":"Wij leveren beton binnen vier tot vijf werkdagen, van maandag tot en met zaterdag. Beton afhalen kan bij een van onze betoncentrales in Duitsland en Limburg.","breadcrumb":{"@id":"https:\/\/www.kloesters.nl\/de\/beton-fuer-private-abnehmer\/#breadcrumb"},"inLanguage":"de","potentialAction":[{"@type":"ReadAction","target":["https:\/\/www.kloesters.nl\/de\/beton-fuer-private-abnehmer\/"]}]},{"@type":"BreadcrumbList","@id":"https:\/\/www.kloesters.nl\/de\/beton-fuer-private-abnehmer\/#breadcrumb","itemListElement":[{"@type":"ListItem","position":1,"name":"Home","item":"https:\/\/www.kloesters.nl\/de\/"},{"@type":"ListItem","position":2,"name":"Beton f\u00fcr private Abnehmer"}]},{"@type":"WebSite","@id":"https:\/\/www.kloesters.nl\/de\/#website","url":"https:\/\/www.kloesters.nl\/de\/","name":"Kl\u00f6sters Beton","description":"Welkom bij Kl\u00f6sters Beton","potentialAction":[{"@type":"SearchAction","target":{"@type":"EntryPoint","urlTemplate":"https:\/\/www.kloesters.nl\/de\/?s={search_term_string}"},"query-input":{"@type":"PropertyValueSpecification","valueRequired":true,"valueName":"search_term_string"}}],"inLanguage":"de"}]}},"_links":{"self":[{"href":"https:\/\/www.kloesters.nl\/de\/wp-json\/wp\/v2\/pages\/1241","targetHints":{"allow":["GET"]}}],"collection":[{"href":"https:\/\/www.kloesters.nl\/de\/wp-json\/wp\/v2\/pages"}],"about":[{"href":"https:\/\/www.kloesters.nl\/de\/wp-json\/wp\/v2\/types\/page"}],"author":[{"embeddable":true,"href":"https:\/\/www.kloesters.nl\/de\/wp-json\/wp\/v2\/users\/1"}],"replies":[{"embeddable":true,"href":"https:\/\/www.kloesters.nl\/de\/wp-json\/wp\/v2\/comments?post=1241"}],"version-history":[{"count":5,"href":"https:\/\/www.kloesters.nl\/de\/wp-json\/wp\/v2\/pages\/1241\/revisions"}],"predecessor-version":[{"id":5995,"href":"https:\/\/www.kloesters.nl\/de\/wp-json\/wp\/v2\/pages\/1241\/revisions\/5995"}],"wp:attachment":[{"href":"https:\/\/www.kloesters.nl\/de\/wp-json\/wp\/v2\/media?parent=1241"}],"curies":[{"name":"wp","href":"https:\/\/api.w.org\/{rel}","templated":true}]}}