{"id":569,"date":"2020-06-24T23:05:14","date_gmt":"2020-06-24T14:20:14","guid":{"rendered":"https:\/\/nlkloe-kayafungu.savviihq.com\/home\/"},"modified":"2021-05-27T20:12:13","modified_gmt":"2021-05-27T11:27:13","slug":"home","status":"publish","type":"page","link":"https:\/\/www.kloesters.nl\/de\/","title":{"rendered":"Home"},"content":{"rendered":"<div class=\"wpb-content-wrapper\"><p>[vc_row css_animation=&#8220;&#8220; row_type=&#8220;row&#8220; use_row_as_full_screen_section=&#8220;no&#8220; type=&#8220;full_width&#8220; angled_section=&#8220;no&#8220; text_align=&#8220;left&#8220; background_image_as_pattern=&#8220;without_pattern&#8220;][vc_column][rev_slider_vc alias=&#8220;home-de&#8220;][\/vc_column][\/vc_row][vc_row css_animation=&#8220;&#8220; row_type=&#8220;row&#8220; use_row_as_full_screen_section=&#8220;no&#8220; type=&#8220;grid&#8220; angled_section=&#8220;no&#8220; text_align=&#8220;left&#8220; background_image_as_pattern=&#8220;without_pattern&#8220; z_index=&#8220;&#8220; css=&#8220;.vc_custom_1522410083870{padding-top: 123px !important;padding-bottom: 53px !important;}&#8220;][vc_column width=&#8220;2\/3&#8243; offset=&#8220;vc_col-lg-6 vc_col-md-12&#8243; css=&#8220;.vc_custom_1591948677175{padding-right: 10% !important;}&#8220;][vc_single_image image=&#8220;701&#8243; img_size=&#8220;full&#8220; qode_css_animation=&#8220;&#8220;][vc_empty_space height=&#8220;50px&#8220;][\/vc_column][vc_column width=&#8220;1\/3&#8243; offset=&#8220;vc_col-lg-6 vc_col-md-12&#8243;][qode_elements_holder number_of_columns=&#8220;one_column&#8220;][qode_elements_holder_item advanced_animations=&#8220;no&#8220; item_padding=&#8220;0 50px 0 0&#8243;]<div class='q_icon_with_title small normal_icon '><div class=\"icon_holder \" style=\" \"><span data-icon-type=\"normal\" class=\"qode_iwt_icon_holder q_font_awsome_icon fa-2x  \"><i class=\"qode_icon_font_awesome fa fa-check qode_iwt_icon_element\"><\/i><\/span><\/div><div class=\"icon_text_holder\" style=\"\"><div class=\"icon_text_inner\" style=\"\"><h3 class=\"icon_title\" style=\"\">FRISCHBETON<\/h3><p style=''><\/p><\/div><\/div><\/div><div class='q_icon_with_title small normal_icon '><div class=\"icon_holder \" style=\" \"><span data-icon-type=\"normal\" class=\"qode_iwt_icon_holder q_font_awsome_icon fa-2x  \"><i class=\"qode_icon_font_awesome fa fa-check qode_iwt_icon_element\"><\/i><\/span><\/div><div class=\"icon_text_holder\" style=\"\"><div class=\"icon_text_inner\" style=\"\"><h3 class=\"icon_title\" style=\"\">GEM\u00c4SS EN 206-1 UND NEN 8005<\/h3><p style=''><\/p><\/div><\/div><\/div><div class='q_icon_with_title small normal_icon '><div class=\"icon_holder \" style=\" \"><span data-icon-type=\"normal\" class=\"qode_iwt_icon_holder q_font_awsome_icon fa-2x  \"><i class=\"qode_icon_font_awesome fa fa-check qode_iwt_icon_element\"><\/i><\/span><\/div><div class=\"icon_text_holder\" style=\"\"><div class=\"icon_text_inner\" style=\"\"><h3 class=\"icon_title\" style=\"\">GELIEFERT INNERHALB VON F\u00dcNF WERKTAGEN<\/h3><p style=''><\/p><\/div><\/div><\/div><div class='q_icon_with_title small normal_icon '><div class=\"icon_holder \" style=\" \"><span data-icon-type=\"normal\" class=\"qode_iwt_icon_holder q_font_awsome_icon fa-2x  \"><i class=\"qode_icon_font_awesome fa fa-check qode_iwt_icon_element\"><\/i><\/span><\/div><div class=\"icon_text_holder\" style=\"\"><div class=\"icon_text_inner\" style=\"\"><h3 class=\"icon_title\" style=\"\">KOMO-ZERTIFIZIERT<\/h3><p style=''><\/p><\/div><\/div><\/div><div class='q_icon_with_title small normal_icon '><div class=\"icon_holder \" style=\" \"><span data-icon-type=\"normal\" class=\"qode_iwt_icon_holder q_font_awsome_icon fa-2x  \"><i class=\"qode_icon_font_awesome fa fa-check qode_iwt_icon_element\"><\/i><\/span><\/div><div class=\"icon_text_holder\" style=\"\"><div class=\"icon_text_inner\" style=\"\"><h3 class=\"icon_title\" style=\"\">F\u00dcR UNTERNEHMEN UND PRIVATPERSONEN<\/h3><p style=''><\/p><\/div><\/div><\/div>[\/qode_elements_holder_item][\/qode_elements_holder][vc_empty_space height=&#8220;20px&#8220;]<a  itemprop=\"url\" href=\"\/de\/ueber-uns\/\" target=\"_self\"  class=\"qbutton  default\" style=\"\">Weitere Informationen \u00fcber Kl\u00f6sters<i class=\"qode_icon_font_awesome fa fa-arrow-right qode_button_icon_element\"><\/i><\/a>[\/vc_column][\/vc_row][vc_row css_animation=&#8220;&#8220; row_type=&#8220;row&#8220; use_row_as_full_screen_section=&#8220;no&#8220; type=&#8220;full_width&#8220; angled_section=&#8220;no&#8220; text_align=&#8220;center&#8220; background_image_as_pattern=&#8220;without_pattern&#8220; css=&#8220;.vc_custom_1591953284513{padding-top: 110px !important;background-color: #f0f7fa !important;}&#8220; z_index=&#8220;&#8220;][vc_column][qode_elements_holder number_of_columns=&#8220;one_column&#8220;][qode_elements_holder_item advanced_animations=&#8220;no&#8220; item_padding=&#8220;0 27%&#8220; item_padding_600_768=&#8220;0 9%&#8220; item_padding_480=&#8220;0 0 0 0&#8243;][vc_column_text]<\/p>\n<h2>EINER DER GRO\u00dfEN BETONHERSTELLER<\/h2>\n<p>[\/vc_column_text][vc_empty_space height=&#8220;18px&#8220;][vc_column_text]Kl\u00f6sters ist einer der gro\u00dfen Transportbetonhersteller im Ruhrgebiet. Wir beliefern auch den niederl\u00e4ndischen Markt, insbesondere in der Provinz Limburg.<\/p>\n<p>[\/vc_column_text][\/qode_elements_holder_item][\/qode_elements_holder][vc_row_inner row_type=&#8220;row&#8220; type=&#8220;grid&#8220; text_align=&#8220;left&#8220; css_animation=&#8220;&#8220; css=&#8220;.vc_custom_1522330694680{padding-top: 92px !important;padding-bottom: 100px !important;}&#8220;][vc_column_inner offset=&#8220;vc_col-lg-4 vc_col-md-4&#8243;][vc_single_image image=&#8220;743&#8243; img_size=&#8220;full&#8220; alignment=&#8220;center&#8220; onclick=&#8220;custom_link&#8220; qode_css_animation=&#8220;&#8220; link=&#8220;\/transportbeton&#8220;]<a  itemprop=\"url\" href=\"\/transportbeton\" target=\"_self\" data-hover-background-color=\"#ffffff\" data-hover-border-color=\"#ffffff\" data-hover-color=\"#3090b7\" class=\"qbutton  big_large_full_width center default\" style=\"color: #171717; border-color: #ffffff; background-color:#ffffff;\">Transportbeton<i class=\"qode_icon_font_awesome fa fa-arrow-right qode_button_icon_element\"><\/i><\/a>[\/vc_column_inner][vc_column_inner offset=&#8220;vc_col-lg-4 vc_col-md-4&#8243;][vc_single_image image=&#8220;715&#8243; img_size=&#8220;full&#8220; alignment=&#8220;center&#8220; onclick=&#8220;custom_link&#8220; qode_css_animation=&#8220;&#8220; link=&#8220;\/beton-voor-wegenbouw&#8220;]<a  itemprop=\"url\" href=\"\/beton-voor-wegenbouw\" target=\"_self\" data-hover-background-color=\"#ffffff\" data-hover-border-color=\"#ffffff\" data-hover-color=\"#3090b7\" class=\"qbutton  big_large_full_width center default\" style=\"color: #171717; border-color: #ffffff; background-color:#ffffff;\">Stra\u00dfenbau<i class=\"qode_icon_font_awesome fa fa-arrow-right qode_button_icon_element\"><\/i><\/a>[\/vc_column_inner][\/vc_row_inner][\/vc_column][\/vc_row]<\/p>\n<\/div>","protected":false},"excerpt":{"rendered":"<p>[vc_row css_animation=&#8220;&#8220; row_type=&#8220;row&#8220; use_row_as_full_screen_section=&#8220;no&#8220; type=&#8220;full_width&#8220; angled_section=&#8220;no&#8220; text_align=&#8220;left&#8220; background_image_as_pattern=&#8220;without_pattern&#8220;][vc_column][rev_slider_vc alias=&#8220;home-de&#8220;][\/vc_column][\/vc_row][vc_row css_animation=&#8220;&#8220; row_type=&#8220;row&#8220; use_row_as_full_screen_section=&#8220;no&#8220; type=&#8220;grid&#8220; angled_section=&#8220;no&#8220; text_align=&#8220;left&#8220; background_image_as_pattern=&#8220;without_pattern&#8220; z_index=&#8220;&#8220; css=&#8220;.vc_custom_1522410083870{padding-top: 123px !important;padding-bottom: 53px !important;}&#8220;][vc_column width=&#8220;2\/3&#8243; offset=&#8220;vc_col-lg-6 vc_col-md-12&#8243; css=&#8220;.vc_custom_1591948677175{padding-right: 10% !important;}&#8220;][vc_single_image image=&#8220;701&#8243; img_size=&#8220;full&#8220; qode_css_animation=&#8220;&#8220;][vc_empty_space height=&#8220;50px&#8220;][\/vc_column][vc_column width=&#8220;1\/3&#8243; offset=&#8220;vc_col-lg-6 vc_col-md-12&#8243;][qode_elements_holder number_of_columns=&#8220;one_column&#8220;][qode_elements_holder_item advanced_animations=&#8220;no&#8220; item_padding=&#8220;0 50px 0 0&#8243;][\/qode_elements_holder_item][\/qode_elements_holder][vc_empty_space height=&#8220;20px&#8220;][\/vc_column][\/vc_row][vc_row css_animation=&#8220;&#8220; row_type=&#8220;row&#8220; use_row_as_full_screen_section=&#8220;no&#8220;&#8230;<\/p>\n","protected":false},"author":1,"featured_media":0,"parent":0,"menu_order":0,"comment_status":"closed","ping_status":"closed","template":"full_width.php","meta":{"footnotes":""},"class_list":["post-569","page","type-page","status-publish","hentry"],"yoast_head":"<!-- This site is optimized with the Yoast SEO plugin v27.4 - https:\/\/yoast.com\/product\/yoast-seo-wordpress\/ -->\n<title>Kl\u00f6sters, betoncentrale Duitsland \u2013 Limburg<\/title>\n<meta name=\"description\" content=\"Kl\u00f6sters is een van de grootste producenten van beton in het Ruhrgebied (Duitsland). Ook leveren wij aan de Nederlandse markt.\" \/>\n<meta name=\"robots\" content=\"index, follow, max-snippet:-1, max-image-preview:large, max-video-preview:-1\" \/>\n<link rel=\"canonical\" href=\"https:\/\/www.kloesters.nl\/de\/\" \/>\n<meta property=\"og:locale\" content=\"de_DE\" \/>\n<meta property=\"og:type\" content=\"article\" \/>\n<meta property=\"og:title\" content=\"Kl\u00f6sters, betoncentrale Duitsland \u2013 Limburg\" \/>\n<meta property=\"og:description\" content=\"Kl\u00f6sters is een van de grootste producenten van beton in het Ruhrgebied (Duitsland). Ook leveren wij aan de Nederlandse markt.\" \/>\n<meta property=\"og:url\" content=\"https:\/\/www.kloesters.nl\/de\/\" \/>\n<meta property=\"og:site_name\" content=\"Kl\u00f6sters Beton\" \/>\n<meta property=\"article:modified_time\" content=\"2021-05-27T11:27:13+00:00\" \/>\n<meta name=\"twitter:card\" content=\"summary_large_image\" \/>\n<meta name=\"twitter:label1\" content=\"Gesch\u00e4tzte Lesezeit\" \/>\n\t<meta name=\"twitter:data1\" content=\"3\u00a0Minuten\" \/>\n<script type=\"application\/ld+json\" class=\"yoast-schema-graph\">{\"@context\":\"https:\\\/\\\/schema.org\",\"@graph\":[{\"@type\":\"WebPage\",\"@id\":\"https:\\\/\\\/www.kloesters.nl\\\/de\\\/\",\"url\":\"https:\\\/\\\/www.kloesters.nl\\\/de\\\/\",\"name\":\"Kl\u00f6sters, betoncentrale Duitsland \u2013 Limburg\",\"isPartOf\":{\"@id\":\"https:\\\/\\\/www.kloesters.nl\\\/de\\\/#website\"},\"datePublished\":\"2020-06-24T14:20:14+00:00\",\"dateModified\":\"2021-05-27T11:27:13+00:00\",\"description\":\"Kl\u00f6sters is een van de grootste producenten van beton in het Ruhrgebied (Duitsland). Ook leveren wij aan de Nederlandse markt.\",\"breadcrumb\":{\"@id\":\"https:\\\/\\\/www.kloesters.nl\\\/de\\\/#breadcrumb\"},\"inLanguage\":\"de\",\"potentialAction\":[{\"@type\":\"ReadAction\",\"target\":[\"https:\\\/\\\/www.kloesters.nl\\\/de\\\/\"]}]},{\"@type\":\"BreadcrumbList\",\"@id\":\"https:\\\/\\\/www.kloesters.nl\\\/de\\\/#breadcrumb\",\"itemListElement\":[{\"@type\":\"ListItem\",\"position\":1,\"name\":\"Home\",\"item\":\"https:\\\/\\\/www.kloesters.nl\\\/de\\\/\"},{\"@type\":\"ListItem\",\"position\":2,\"name\":\"Home\"}]},{\"@type\":\"WebSite\",\"@id\":\"https:\\\/\\\/www.kloesters.nl\\\/de\\\/#website\",\"url\":\"https:\\\/\\\/www.kloesters.nl\\\/de\\\/\",\"name\":\"Kl\u00f6sters Beton\",\"description\":\"Welkom bij Kl\u00f6sters Beton\",\"potentialAction\":[{\"@type\":\"SearchAction\",\"target\":{\"@type\":\"EntryPoint\",\"urlTemplate\":\"https:\\\/\\\/www.kloesters.nl\\\/de\\\/?s={search_term_string}\"},\"query-input\":{\"@type\":\"PropertyValueSpecification\",\"valueRequired\":true,\"valueName\":\"search_term_string\"}}],\"inLanguage\":\"de\"}]}<\/script>\n<!-- \/ Yoast SEO plugin. -->","yoast_head_json":{"title":"Kl\u00f6sters, betoncentrale Duitsland \u2013 Limburg","description":"Kl\u00f6sters is een van de grootste producenten van beton in het Ruhrgebied (Duitsland). Ook leveren wij aan de Nederlandse markt.","robots":{"index":"index","follow":"follow","max-snippet":"max-snippet:-1","max-image-preview":"max-image-preview:large","max-video-preview":"max-video-preview:-1"},"canonical":"https:\/\/www.kloesters.nl\/de\/","og_locale":"de_DE","og_type":"article","og_title":"Kl\u00f6sters, betoncentrale Duitsland \u2013 Limburg","og_description":"Kl\u00f6sters is een van de grootste producenten van beton in het Ruhrgebied (Duitsland). Ook leveren wij aan de Nederlandse markt.","og_url":"https:\/\/www.kloesters.nl\/de\/","og_site_name":"Kl\u00f6sters Beton","article_modified_time":"2021-05-27T11:27:13+00:00","twitter_card":"summary_large_image","twitter_misc":{"Gesch\u00e4tzte Lesezeit":"3\u00a0Minuten"},"schema":{"@context":"https:\/\/schema.org","@graph":[{"@type":"WebPage","@id":"https:\/\/www.kloesters.nl\/de\/","url":"https:\/\/www.kloesters.nl\/de\/","name":"Kl\u00f6sters, betoncentrale Duitsland \u2013 Limburg","isPartOf":{"@id":"https:\/\/www.kloesters.nl\/de\/#website"},"datePublished":"2020-06-24T14:20:14+00:00","dateModified":"2021-05-27T11:27:13+00:00","description":"Kl\u00f6sters is een van de grootste producenten van beton in het Ruhrgebied (Duitsland). Ook leveren wij aan de Nederlandse markt.","breadcrumb":{"@id":"https:\/\/www.kloesters.nl\/de\/#breadcrumb"},"inLanguage":"de","potentialAction":[{"@type":"ReadAction","target":["https:\/\/www.kloesters.nl\/de\/"]}]},{"@type":"BreadcrumbList","@id":"https:\/\/www.kloesters.nl\/de\/#breadcrumb","itemListElement":[{"@type":"ListItem","position":1,"name":"Home","item":"https:\/\/www.kloesters.nl\/de\/"},{"@type":"ListItem","position":2,"name":"Home"}]},{"@type":"WebSite","@id":"https:\/\/www.kloesters.nl\/de\/#website","url":"https:\/\/www.kloesters.nl\/de\/","name":"Kl\u00f6sters Beton","description":"Welkom bij Kl\u00f6sters Beton","potentialAction":[{"@type":"SearchAction","target":{"@type":"EntryPoint","urlTemplate":"https:\/\/www.kloesters.nl\/de\/?s={search_term_string}"},"query-input":{"@type":"PropertyValueSpecification","valueRequired":true,"valueName":"search_term_string"}}],"inLanguage":"de"}]}},"_links":{"self":[{"href":"https:\/\/www.kloesters.nl\/de\/wp-json\/wp\/v2\/pages\/569","targetHints":{"allow":["GET"]}}],"collection":[{"href":"https:\/\/www.kloesters.nl\/de\/wp-json\/wp\/v2\/pages"}],"about":[{"href":"https:\/\/www.kloesters.nl\/de\/wp-json\/wp\/v2\/types\/page"}],"author":[{"embeddable":true,"href":"https:\/\/www.kloesters.nl\/de\/wp-json\/wp\/v2\/users\/1"}],"replies":[{"embeddable":true,"href":"https:\/\/www.kloesters.nl\/de\/wp-json\/wp\/v2\/comments?post=569"}],"version-history":[{"count":5,"href":"https:\/\/www.kloesters.nl\/de\/wp-json\/wp\/v2\/pages\/569\/revisions"}],"predecessor-version":[{"id":1301,"href":"https:\/\/www.kloesters.nl\/de\/wp-json\/wp\/v2\/pages\/569\/revisions\/1301"}],"wp:attachment":[{"href":"https:\/\/www.kloesters.nl\/de\/wp-json\/wp\/v2\/media?parent=569"}],"curies":[{"name":"wp","href":"https:\/\/api.w.org\/{rel}","templated":true}]}}