{"id":637,"date":"2020-07-07T19:37:23","date_gmt":"2020-07-07T10:52:23","guid":{"rendered":"https:\/\/nlkloe-kayafungu.savviihq.com\/gebrauchsfertiger-beton\/"},"modified":"2021-06-01T15:25:08","modified_gmt":"2021-06-01T06:40:08","slug":"gebrauchsfertiger-beton","status":"publish","type":"page","link":"https:\/\/www.kloesters.nl\/de\/gebrauchsfertiger-beton\/","title":{"rendered":"Gebrauchsfertiger Beton"},"content":{"rendered":"<div class=\"wpb-content-wrapper\"><p>[vc_row css_animation=&#8220;&#8220; row_type=&#8220;row&#8220; use_row_as_full_screen_section=&#8220;no&#8220; type=&#8220;grid&#8220; angled_section=&#8220;no&#8220; text_align=&#8220;left&#8220; background_image_as_pattern=&#8220;without_pattern&#8220; css=&#8220;.vc_custom_1591951805052{padding-top: 5em !important;padding-bottom: 5em !important;}&#8220; z_index=&#8220;&#8220;][vc_column][vc_row_inner row_type=&#8220;row&#8220; type=&#8220;full_width&#8220; text_align=&#8220;left&#8220; css_animation=&#8220;&#8220;][vc_column_inner width=&#8220;1\/2&#8243;][vc_column_text]<\/p>\n<h2>AUS UNSERER EIGENEN GRUBE<\/h2>\n<p>[\/vc_column_text][vc_empty_space height=&#8220;1em&#8220;][vc_column_text]Wir liefern gebrauchsfertigen Frischbeton je Kubikmeter, sowohl an gewerbliche als auch an\u00a0<a href=\"\/de\/beton-fuer-private-abnehmer\/\">private Abnehmer<\/a>. Sand und Kies stammen aus unserer eigenen Grube. So sparen wir Transportkosten, wodurch wir g\u00fcnstige Preise anbieten k\u00f6nnen. F\u00fcr jedes Geb\u00e4ude, gro\u00df oder klein, k\u00f6nnen wir den richtigen, qualitativ hochwertigen Beton liefern. Standard-Frischbeton, aber auch eine breite Palette von Spezialprodukten und selbstentwickelten Betonprodukten. F\u00fcr eine Vielzahl von Anwendungen.[\/vc_column_text][vc_empty_space height=&#8220;2em&#8220;][\/vc_column_inner][vc_column_inner width=&#8220;1\/2&#8243;][vc_column_text]<\/p>\n<h2>ZERTIFIZIERTER FRISCHBETON<\/h2>\n<p>[\/vc_column_text][vc_empty_space height=&#8220;1em&#8220;][vc_column_text]Alle Ausgangsstoffe f\u00fcr unseren Frischbeton \u2013 Sand, Kies und Zement \u2013 sind KIWA-zertifiziert. Wir k\u00f6nnen Sand und Kies auch separat liefern, soweit vorr\u00e4tig. Der Beton, den wir in unserem eigenen Trockenbetonwerk herstellen, erf\u00fcllt die Bestimmungen der europ\u00e4ischen Norm NEN-EN 206-1 und der niederl\u00e4ndischen Erg\u00e4nzung NEN 8005.<\/p>\n<p>[\/vc_column_text][\/vc_column_inner][\/vc_row_inner][\/vc_column][\/vc_row][vc_row css_animation=&#8220;&#8220; row_type=&#8220;row&#8220; use_row_as_full_screen_section=&#8220;no&#8220; type=&#8220;grid&#8220; angled_section=&#8220;no&#8220; text_align=&#8220;left&#8220; background_image_as_pattern=&#8220;without_pattern&#8220; css=&#8220;.vc_custom_1591951811796{padding-top: 5em !important;padding-bottom: 5em !important;background-color: rgba(0,144,181,0.07) !important;*background-color: rgb(0,144,181) !important;}&#8220; z_index=&#8220;&#8220;][vc_column][vc_row_inner row_type=&#8220;row&#8220; type=&#8220;full_width&#8220; text_align=&#8220;left&#8220; css_animation=&#8220;&#8220;][vc_column_inner width=&#8220;1\/2&#8243;][vc_column_text]<\/p>\n<h2>PREISE F\u00dcR FRISCHBETON<\/h2>\n<p>[\/vc_column_text][vc_empty_space height=&#8220;1em&#8220;][vc_column_text]Dank unserer intelligenten Transportpraxis sparen wir Kosten, wodurch wir g\u00fcnstige Preise anbieten k\u00f6nnen. Die Preise f\u00fcr Frischbeton h\u00e4ngen von mehreren Faktoren ab, etwa der Zusammensetzung und Anwendung, der Korngr\u00f6\u00dfe, ben\u00f6tigten Menge und eventuellen speziellen Liefertagen oder -zeiten. F\u00fcr die Lieferung von Beton berechnen wir Frachtkosten. Dar\u00fcber hinaus h\u00e4ngt der Frischbetonpreis von der Betonart ab:<\/p>\n<p>[\/vc_column_text][vc_empty_space height=&#8220;2em&#8220;]<a  itemprop=\"url\" href=\"\/de\/transportbeton\" target=\"_self\"  class=\"qbutton  default\" style=\"\">Transportbeton<i class=\"qode_icon_font_awesome fa fa-arrow-right qode_button_icon_element\"><\/i><\/a>[vc_empty_space height=&#8220;1em&#8220;]<a  itemprop=\"url\" href=\"\/de\/beton-fuer-den-strassenbau\/\" target=\"_self\"  class=\"qbutton  default\" style=\"\">Beton f\u00fcr den Stra\u00dfenbau<i class=\"qode_icon_font_awesome fa fa-arrow-right qode_button_icon_element\"><\/i><\/a>[vc_empty_space height=&#8220;2em&#8220;][\/vc_column_inner][vc_column_inner width=&#8220;1\/2&#8243;][vc_single_image image=&#8220;695&#8243; img_size=&#8220;full&#8220; qode_css_animation=&#8220;&#8220;][vc_empty_space height=&#8220;1em&#8220;][\/vc_column_inner][\/vc_row_inner][\/vc_column][\/vc_row][vc_row css_animation=&#8220;&#8220; row_type=&#8220;row&#8220; use_row_as_full_screen_section=&#8220;no&#8220; type=&#8220;grid&#8220; angled_section=&#8220;no&#8220; text_align=&#8220;left&#8220; background_image_as_pattern=&#8220;without_pattern&#8220; css=&#8220;.vc_custom_1591951600613{padding-top: 5em !important;padding-bottom: 5em !important;}&#8220; z_index=&#8220;&#8220;][vc_column][vc_row_inner row_type=&#8220;row&#8220; type=&#8220;full_width&#8220; text_align=&#8220;left&#8220; css_animation=&#8220;&#8220;][vc_column_inner width=&#8220;1\/6&#8243;][\/vc_column_inner][vc_column_inner width=&#8220;2\/3&#8243;][vc_column_text]<\/p>\n<h2>MODERNE BETONTECHNOLOGIE<\/h2>\n<p>[\/vc_column_text][vc_empty_space height=&#8220;1em&#8220;][vc_column_text]Unsere hochqualifizierten Betontechnologen sind in der Praxis zu Hause. Sie stehen in engem Kontakt mit Forschungslabors und Technischen Universit\u00e4ten. Im Labor der Betonconsult GmbH f\u00fchren sie mit modernsten Ger\u00e4ten Betonuntersuchungen durch, unter anderem zu:<\/p>\n<p>[\/vc_column_text][vc_empty_space height=&#8220;1em&#8220;][vc_column_text]<\/p>\n<ul>\n<li>mechanischen Eigenschaften;<\/li>\n<li>Nachhaltigkeit (des Produkts Beton);<\/li>\n<li>plastischen Eigenschaften;<\/li>\n<li>\u00e4sthetischen Eigenschaften<\/li>\n<li>neuen Ausgangsstoffen;<\/li>\n<li>Produktentwicklung;<\/li>\n<li>nachhaltiger Betonproduktion (Senkung der Umweltbelastung).<\/li>\n<li><\/li>\n<\/ul>\n<p>[\/vc_column_text][vc_empty_space height=&#8220;1em&#8220;][vc_column_text]In vielen F\u00e4llen werden die Untersuchungen in einem unserer Betonwerke fortgef\u00fchrt, um die Laborergebnisse in die Praxis umzusetzen.<\/p>\n<p>[\/vc_column_text][\/vc_column_inner][vc_column_inner width=&#8220;1\/6&#8243;][\/vc_column_inner][\/vc_row_inner][\/vc_column][\/vc_row]<\/p>\n<\/div>","protected":false},"excerpt":{"rendered":"<p>[vc_row css_animation=&#8220;&#8220; row_type=&#8220;row&#8220; use_row_as_full_screen_section=&#8220;no&#8220; type=&#8220;grid&#8220; angled_section=&#8220;no&#8220; text_align=&#8220;left&#8220; background_image_as_pattern=&#8220;without_pattern&#8220; css=&#8220;.vc_custom_1591951805052{padding-top: 5em !important;padding-bottom: 5em !important;}&#8220; z_index=&#8220;&#8220;][vc_column][vc_row_inner row_type=&#8220;row&#8220; type=&#8220;full_width&#8220; text_align=&#8220;left&#8220; css_animation=&#8220;&#8220;][vc_column_inner width=&#8220;1\/2&#8243;][vc_column_text] AUS UNSERER EIGENEN GRUBE [\/vc_column_text][vc_empty_space height=&#8220;1em&#8220;][vc_column_text]Wir liefern gebrauchsfertigen Frischbeton je Kubikmeter, sowohl an gewerbliche als auch an\u00a0private Abnehmer. Sand und Kies stammen aus unserer eigenen Grube&#8230;.<\/p>\n","protected":false},"author":1,"featured_media":0,"parent":0,"menu_order":0,"comment_status":"closed","ping_status":"closed","template":"full_width.php","meta":{"footnotes":""},"class_list":["post-637","page","type-page","status-publish","hentry"],"yoast_head":"<!-- This site is optimized with the Yoast SEO plugin v27.5 - https:\/\/yoast.com\/product\/yoast-seo-wordpress\/ -->\n<title>Kant-en-klaar beton per kuub, vloeibaar geleverd<\/title>\n<meta name=\"description\" content=\"Wij leveren gecertificeerd kant-en-klaar beton aan bedrijven en particulieren. Dankzij slimme transportoplossingen houden we de tarieven laag.\" \/>\n<meta name=\"robots\" content=\"index, follow, max-snippet:-1, max-image-preview:large, max-video-preview:-1\" \/>\n<link rel=\"canonical\" href=\"https:\/\/www.kloesters.nl\/de\/gebrauchsfertiger-beton\/\" \/>\n<meta property=\"og:locale\" content=\"de_DE\" \/>\n<meta property=\"og:type\" content=\"article\" \/>\n<meta property=\"og:title\" content=\"Kant-en-klaar beton per kuub, vloeibaar geleverd\" \/>\n<meta property=\"og:description\" content=\"Wij leveren gecertificeerd kant-en-klaar beton aan bedrijven en particulieren. Dankzij slimme transportoplossingen houden we de tarieven laag.\" \/>\n<meta property=\"og:url\" content=\"https:\/\/www.kloesters.nl\/de\/gebrauchsfertiger-beton\/\" \/>\n<meta property=\"og:site_name\" content=\"Kl\u00f6sters Beton\" \/>\n<meta property=\"article:modified_time\" content=\"2021-06-01T06:40:08+00:00\" \/>\n<meta name=\"twitter:card\" content=\"summary_large_image\" \/>\n<meta name=\"twitter:label1\" content=\"Gesch\u00e4tzte Lesezeit\" \/>\n\t<meta name=\"twitter:data1\" content=\"3\u00a0Minuten\" \/>\n<script type=\"application\/ld+json\" class=\"yoast-schema-graph\">{\"@context\":\"https:\\\/\\\/schema.org\",\"@graph\":[{\"@type\":\"WebPage\",\"@id\":\"https:\\\/\\\/www.kloesters.nl\\\/de\\\/gebrauchsfertiger-beton\\\/\",\"url\":\"https:\\\/\\\/www.kloesters.nl\\\/de\\\/gebrauchsfertiger-beton\\\/\",\"name\":\"Kant-en-klaar beton per kuub, vloeibaar geleverd\",\"isPartOf\":{\"@id\":\"https:\\\/\\\/www.kloesters.nl\\\/de\\\/#website\"},\"datePublished\":\"2020-07-07T10:52:23+00:00\",\"dateModified\":\"2021-06-01T06:40:08+00:00\",\"description\":\"Wij leveren gecertificeerd kant-en-klaar beton aan bedrijven en particulieren. Dankzij slimme transportoplossingen houden we de tarieven laag.\",\"breadcrumb\":{\"@id\":\"https:\\\/\\\/www.kloesters.nl\\\/de\\\/gebrauchsfertiger-beton\\\/#breadcrumb\"},\"inLanguage\":\"de\",\"potentialAction\":[{\"@type\":\"ReadAction\",\"target\":[\"https:\\\/\\\/www.kloesters.nl\\\/de\\\/gebrauchsfertiger-beton\\\/\"]}]},{\"@type\":\"BreadcrumbList\",\"@id\":\"https:\\\/\\\/www.kloesters.nl\\\/de\\\/gebrauchsfertiger-beton\\\/#breadcrumb\",\"itemListElement\":[{\"@type\":\"ListItem\",\"position\":1,\"name\":\"Home\",\"item\":\"https:\\\/\\\/www.kloesters.nl\\\/de\\\/\"},{\"@type\":\"ListItem\",\"position\":2,\"name\":\"Gebrauchsfertiger Beton\"}]},{\"@type\":\"WebSite\",\"@id\":\"https:\\\/\\\/www.kloesters.nl\\\/de\\\/#website\",\"url\":\"https:\\\/\\\/www.kloesters.nl\\\/de\\\/\",\"name\":\"Kl\u00f6sters Beton\",\"description\":\"Welkom bij Kl\u00f6sters Beton\",\"potentialAction\":[{\"@type\":\"SearchAction\",\"target\":{\"@type\":\"EntryPoint\",\"urlTemplate\":\"https:\\\/\\\/www.kloesters.nl\\\/de\\\/?s={search_term_string}\"},\"query-input\":{\"@type\":\"PropertyValueSpecification\",\"valueRequired\":true,\"valueName\":\"search_term_string\"}}],\"inLanguage\":\"de\"}]}<\/script>\n<!-- \/ Yoast SEO plugin. -->","yoast_head_json":{"title":"Kant-en-klaar beton per kuub, vloeibaar geleverd","description":"Wij leveren gecertificeerd kant-en-klaar beton aan bedrijven en particulieren. Dankzij slimme transportoplossingen houden we de tarieven laag.","robots":{"index":"index","follow":"follow","max-snippet":"max-snippet:-1","max-image-preview":"max-image-preview:large","max-video-preview":"max-video-preview:-1"},"canonical":"https:\/\/www.kloesters.nl\/de\/gebrauchsfertiger-beton\/","og_locale":"de_DE","og_type":"article","og_title":"Kant-en-klaar beton per kuub, vloeibaar geleverd","og_description":"Wij leveren gecertificeerd kant-en-klaar beton aan bedrijven en particulieren. Dankzij slimme transportoplossingen houden we de tarieven laag.","og_url":"https:\/\/www.kloesters.nl\/de\/gebrauchsfertiger-beton\/","og_site_name":"Kl\u00f6sters Beton","article_modified_time":"2021-06-01T06:40:08+00:00","twitter_card":"summary_large_image","twitter_misc":{"Gesch\u00e4tzte Lesezeit":"3\u00a0Minuten"},"schema":{"@context":"https:\/\/schema.org","@graph":[{"@type":"WebPage","@id":"https:\/\/www.kloesters.nl\/de\/gebrauchsfertiger-beton\/","url":"https:\/\/www.kloesters.nl\/de\/gebrauchsfertiger-beton\/","name":"Kant-en-klaar beton per kuub, vloeibaar geleverd","isPartOf":{"@id":"https:\/\/www.kloesters.nl\/de\/#website"},"datePublished":"2020-07-07T10:52:23+00:00","dateModified":"2021-06-01T06:40:08+00:00","description":"Wij leveren gecertificeerd kant-en-klaar beton aan bedrijven en particulieren. Dankzij slimme transportoplossingen houden we de tarieven laag.","breadcrumb":{"@id":"https:\/\/www.kloesters.nl\/de\/gebrauchsfertiger-beton\/#breadcrumb"},"inLanguage":"de","potentialAction":[{"@type":"ReadAction","target":["https:\/\/www.kloesters.nl\/de\/gebrauchsfertiger-beton\/"]}]},{"@type":"BreadcrumbList","@id":"https:\/\/www.kloesters.nl\/de\/gebrauchsfertiger-beton\/#breadcrumb","itemListElement":[{"@type":"ListItem","position":1,"name":"Home","item":"https:\/\/www.kloesters.nl\/de\/"},{"@type":"ListItem","position":2,"name":"Gebrauchsfertiger Beton"}]},{"@type":"WebSite","@id":"https:\/\/www.kloesters.nl\/de\/#website","url":"https:\/\/www.kloesters.nl\/de\/","name":"Kl\u00f6sters Beton","description":"Welkom bij Kl\u00f6sters Beton","potentialAction":[{"@type":"SearchAction","target":{"@type":"EntryPoint","urlTemplate":"https:\/\/www.kloesters.nl\/de\/?s={search_term_string}"},"query-input":{"@type":"PropertyValueSpecification","valueRequired":true,"valueName":"search_term_string"}}],"inLanguage":"de"}]}},"_links":{"self":[{"href":"https:\/\/www.kloesters.nl\/de\/wp-json\/wp\/v2\/pages\/637","targetHints":{"allow":["GET"]}}],"collection":[{"href":"https:\/\/www.kloesters.nl\/de\/wp-json\/wp\/v2\/pages"}],"about":[{"href":"https:\/\/www.kloesters.nl\/de\/wp-json\/wp\/v2\/types\/page"}],"author":[{"embeddable":true,"href":"https:\/\/www.kloesters.nl\/de\/wp-json\/wp\/v2\/users\/1"}],"replies":[{"embeddable":true,"href":"https:\/\/www.kloesters.nl\/de\/wp-json\/wp\/v2\/comments?post=637"}],"version-history":[{"count":5,"href":"https:\/\/www.kloesters.nl\/de\/wp-json\/wp\/v2\/pages\/637\/revisions"}],"predecessor-version":[{"id":1359,"href":"https:\/\/www.kloesters.nl\/de\/wp-json\/wp\/v2\/pages\/637\/revisions\/1359"}],"wp:attachment":[{"href":"https:\/\/www.kloesters.nl\/de\/wp-json\/wp\/v2\/media?parent=637"}],"curies":[{"name":"wp","href":"https:\/\/api.w.org\/{rel}","templated":true}]}}