{"id":646,"date":"2020-07-07T19:41:28","date_gmt":"2020-07-07T10:56:28","guid":{"rendered":"https:\/\/nlkloe-kayafungu.savviihq.com\/ueber-uns\/"},"modified":"2021-05-27T20:16:25","modified_gmt":"2021-05-27T11:31:25","slug":"ueber-uns","status":"publish","type":"page","link":"https:\/\/www.kloesters.nl\/de\/ueber-uns\/","title":{"rendered":"\u00dcber uns"},"content":{"rendered":"<div class=\"wpb-content-wrapper\"><p>[vc_row css_animation=&#8220;&#8220; row_type=&#8220;row&#8220; use_row_as_full_screen_section=&#8220;no&#8220; type=&#8220;grid&#8220; angled_section=&#8220;no&#8220; text_align=&#8220;left&#8220; background_image_as_pattern=&#8220;without_pattern&#8220; css=&#8220;.vc_custom_1591951805052{padding-top: 5em !important;padding-bottom: 5em !important;}&#8220; z_index=&#8220;&#8220;][vc_column][vc_row_inner row_type=&#8220;row&#8220; type=&#8220;full_width&#8220; text_align=&#8220;left&#8220; css_animation=&#8220;&#8220;][vc_column_inner width=&#8220;1\/2&#8243;][vc_column_text]<\/p>\n<h2>BETONHERSTELLER F\u00dcR DIE REGION ZWISCHEN ROERMOND, EINDHOVEN UND NIMWEGEN.<\/h2>\n<p>[\/vc_column_text][vc_empty_space height=&#8220;1em&#8220;][vc_column_text]<\/p>\n<p>Kl\u00f6sters ist einer der gr\u00f6\u00dften Hersteller von gebrauchsfertigem Beton im Ruhrgebiet. Wir beliefern aber auch den niederl\u00e4ndischen Markt. So sind wir Betonhersteller f\u00fcr die Region zwischen Roermond, Eindhoven und Nimwegen.\u00a0Wir liefern Beton gem\u00e4\u00df der europ\u00e4ischen Norm NEN-EN 206-1 und der niederl\u00e4ndischen Norm NEN 8005.\u00a0<\/p>\n<p>[\/vc_column_text][vc_empty_space height=&#8220;2em&#8220;]<a  itemprop=\"url\" href=\"\/de\/gebrauchsfertiger-beton\/\" target=\"_self\"  class=\"qbutton  default\" style=\"\">Mehr \u00fcber unsere Betonprodukte <i class=\"qode_icon_font_awesome fa fa-arrow-right qode_button_icon_element\"><\/i><\/a>[vc_empty_space height=&#8220;1em&#8220;][\/vc_column_inner][vc_column_inner width=&#8220;1\/2&#8243;][vc_single_image image=&#8220;701&#8243; img_size=&#8220;full&#8220; qode_css_animation=&#8220;&#8220;][\/vc_column_inner][\/vc_row_inner][\/vc_column][\/vc_row][vc_row css_animation=&#8220;&#8220; row_type=&#8220;row&#8220; use_row_as_full_screen_section=&#8220;no&#8220; type=&#8220;grid&#8220; angled_section=&#8220;no&#8220; text_align=&#8220;left&#8220; background_image_as_pattern=&#8220;without_pattern&#8220; css=&#8220;.vc_custom_1591951811796{padding-top: 5em !important;padding-bottom: 5em !important;background-color: rgba(0,144,181,0.07) !important;*background-color: rgb(0,144,181) !important;}&#8220; z_index=&#8220;&#8220;][vc_column][vc_row_inner row_type=&#8220;row&#8220; type=&#8220;full_width&#8220; text_align=&#8220;left&#8220; css_animation=&#8220;&#8220;][vc_column_inner width=&#8220;1\/2&#8243;][vc_single_image image=&#8220;703&#8243; img_size=&#8220;full&#8220; qode_css_animation=&#8220;&#8220;][vc_empty_space height=&#8220;1em&#8220;][\/vc_column_inner][vc_column_inner width=&#8220;1\/2&#8243;][vc_column_text]<\/p>\n<h2>NIEDERLASSUNGEN IN DEUTSCHLAND UND DEN NIEDERLANDEN<\/h2>\n<p>[\/vc_column_text][vc_empty_space height=&#8220;1em&#8220;][vc_column_text]<\/p>\n<p>Unser Firmensitz befindet sich beim Betonwerk im deutschen Wachtendonk unweit der deutsch-niederl\u00e4ndischen Grenze bei Venlo. Von dort aus werden alle logistischen Aktivit\u00e4ten in Deutschland und den Niederlanden koordiniert. Au\u00dferdem betreiben wir Betonwerke in Neukirchen-Vluyn bei Duisburg und in Kaarst bei D\u00fcsseldorf.<\/p>\n<p>[\/vc_column_text][vc_empty_space height=&#8220;2em&#8220;]<a  itemprop=\"url\" href=\"\/de\/kontakt\" target=\"_self\"  class=\"qbutton  default\" style=\"\">Setzen Sie sich mit uns in Verbindung <i class=\"qode_icon_font_awesome fa fa-arrow-right qode_button_icon_element\"><\/i><\/a>[\/vc_column_inner][\/vc_row_inner][\/vc_column][\/vc_row][vc_row css_animation=&#8220;&#8220; row_type=&#8220;row&#8220; use_row_as_full_screen_section=&#8220;no&#8220; type=&#8220;grid&#8220; angled_section=&#8220;no&#8220; text_align=&#8220;left&#8220; background_image_as_pattern=&#8220;without_pattern&#8220; css=&#8220;.vc_custom_1591951600613{padding-top: 5em !important;padding-bottom: 5em !important;}&#8220; z_index=&#8220;&#8220;][vc_column][vc_row_inner row_type=&#8220;row&#8220; type=&#8220;full_width&#8220; text_align=&#8220;left&#8220; css_animation=&#8220;&#8220;][vc_column_inner width=&#8220;1\/6&#8243;][\/vc_column_inner][vc_column_inner width=&#8220;2\/3&#8243;][vc_column_text]<\/p>\n<h2>BETONTECHNOLOGISCHE ENTWICKLUNGEN<\/h2>\n<p>[\/vc_column_text][vc_empty_space height=&#8220;1em&#8220;][vc_column_text]<\/p>\n<p>Kl\u00f6sters wurde von Josef Kl\u00f6sters gegr\u00fcndet. In den 1970er-Jahren begann er mit der Bewirtschaftung mehrerer Sand- und Kiesgruben. Das erste Betonwerk der Firma stand in Berlin. Durch Nutzung des Potenzials dieser Region konnte Kl\u00f6sters sein Dienstleistungsangebot rasch erweitern. Auch heute noch befassen wir uns vollauf mit der Entwicklung. Die Betontechnologie spielt in unserem Dienstleistungsangebot eine wichtige Rolle. Wir untersuchen und testen beispielsweise die mechanischen Eigenschaften, neue Ausgangsstoffe und die M\u00f6glichkeiten f\u00fcr die Reduzierung der Umweltbelastung.<\/p>\n<p>[\/vc_column_text][\/vc_column_inner][vc_column_inner width=&#8220;1\/6&#8243;][\/vc_column_inner][\/vc_row_inner][\/vc_column][\/vc_row]<\/p>\n<\/div>","protected":false},"excerpt":{"rendered":"<p>[vc_row css_animation=&#8220;&#8220; row_type=&#8220;row&#8220; use_row_as_full_screen_section=&#8220;no&#8220; type=&#8220;grid&#8220; angled_section=&#8220;no&#8220; text_align=&#8220;left&#8220; background_image_as_pattern=&#8220;without_pattern&#8220; css=&#8220;.vc_custom_1591951805052{padding-top: 5em !important;padding-bottom: 5em !important;}&#8220; z_index=&#8220;&#8220;][vc_column][vc_row_inner row_type=&#8220;row&#8220; type=&#8220;full_width&#8220; text_align=&#8220;left&#8220; css_animation=&#8220;&#8220;][vc_column_inner width=&#8220;1\/2&#8243;][vc_column_text] BETONHERSTELLER F\u00dcR DIE REGION ZWISCHEN ROERMOND, EINDHOVEN UND NIMWEGEN. [\/vc_column_text][vc_empty_space height=&#8220;1em&#8220;][vc_column_text] Kl\u00f6sters ist einer der gr\u00f6\u00dften Hersteller von gebrauchsfertigem Beton im Ruhrgebiet. Wir beliefern aber auch&#8230;<\/p>\n","protected":false},"author":1,"featured_media":0,"parent":0,"menu_order":0,"comment_status":"closed","ping_status":"closed","template":"full_width.php","meta":{"footnotes":""},"class_list":["post-646","page","type-page","status-publish","hentry"],"yoast_head":"<!-- This site is optimized with the Yoast SEO plugin v27.5 - https:\/\/yoast.com\/product\/yoast-seo-wordpress\/ -->\n<title>Kl\u00f6sters is betonproducent voor Duitsland en Nederland<\/title>\n<meta name=\"description\" content=\"We leveren beton in het Ruhrgebied en de driehoek Roermond, Eindhoven, Nijmegen. Volgens de NEN-EN 206-1 en in Nederland volgens de NEN 8005.\" \/>\n<meta name=\"robots\" content=\"index, follow, max-snippet:-1, max-image-preview:large, max-video-preview:-1\" \/>\n<link rel=\"canonical\" href=\"https:\/\/www.kloesters.nl\/de\/ueber-uns\/\" \/>\n<meta property=\"og:locale\" content=\"de_DE\" \/>\n<meta property=\"og:type\" content=\"article\" \/>\n<meta property=\"og:title\" content=\"Kl\u00f6sters is betonproducent voor Duitsland en Nederland\" \/>\n<meta property=\"og:description\" content=\"We leveren beton in het Ruhrgebied en de driehoek Roermond, Eindhoven, Nijmegen. Volgens de NEN-EN 206-1 en in Nederland volgens de NEN 8005.\" \/>\n<meta property=\"og:url\" content=\"https:\/\/www.kloesters.nl\/de\/ueber-uns\/\" \/>\n<meta property=\"og:site_name\" content=\"Kl\u00f6sters Beton\" \/>\n<meta property=\"article:modified_time\" content=\"2021-05-27T11:31:25+00:00\" \/>\n<meta name=\"twitter:card\" content=\"summary_large_image\" \/>\n<meta name=\"twitter:label1\" content=\"Gesch\u00e4tzte Lesezeit\" \/>\n\t<meta name=\"twitter:data1\" content=\"3\u00a0Minuten\" \/>\n<script type=\"application\/ld+json\" class=\"yoast-schema-graph\">{\"@context\":\"https:\\\/\\\/schema.org\",\"@graph\":[{\"@type\":\"WebPage\",\"@id\":\"https:\\\/\\\/www.kloesters.nl\\\/de\\\/ueber-uns\\\/\",\"url\":\"https:\\\/\\\/www.kloesters.nl\\\/de\\\/ueber-uns\\\/\",\"name\":\"Kl\u00f6sters is betonproducent voor Duitsland en Nederland\",\"isPartOf\":{\"@id\":\"https:\\\/\\\/www.kloesters.nl\\\/de\\\/#website\"},\"datePublished\":\"2020-07-07T10:56:28+00:00\",\"dateModified\":\"2021-05-27T11:31:25+00:00\",\"description\":\"We leveren beton in het Ruhrgebied en de driehoek Roermond, Eindhoven, Nijmegen. Volgens de NEN-EN 206-1 en in Nederland volgens de NEN 8005.\",\"breadcrumb\":{\"@id\":\"https:\\\/\\\/www.kloesters.nl\\\/de\\\/ueber-uns\\\/#breadcrumb\"},\"inLanguage\":\"de\",\"potentialAction\":[{\"@type\":\"ReadAction\",\"target\":[\"https:\\\/\\\/www.kloesters.nl\\\/de\\\/ueber-uns\\\/\"]}]},{\"@type\":\"BreadcrumbList\",\"@id\":\"https:\\\/\\\/www.kloesters.nl\\\/de\\\/ueber-uns\\\/#breadcrumb\",\"itemListElement\":[{\"@type\":\"ListItem\",\"position\":1,\"name\":\"Home\",\"item\":\"https:\\\/\\\/www.kloesters.nl\\\/de\\\/\"},{\"@type\":\"ListItem\",\"position\":2,\"name\":\"\u00dcber uns\"}]},{\"@type\":\"WebSite\",\"@id\":\"https:\\\/\\\/www.kloesters.nl\\\/de\\\/#website\",\"url\":\"https:\\\/\\\/www.kloesters.nl\\\/de\\\/\",\"name\":\"Kl\u00f6sters Beton\",\"description\":\"Welkom bij Kl\u00f6sters Beton\",\"potentialAction\":[{\"@type\":\"SearchAction\",\"target\":{\"@type\":\"EntryPoint\",\"urlTemplate\":\"https:\\\/\\\/www.kloesters.nl\\\/de\\\/?s={search_term_string}\"},\"query-input\":{\"@type\":\"PropertyValueSpecification\",\"valueRequired\":true,\"valueName\":\"search_term_string\"}}],\"inLanguage\":\"de\"}]}<\/script>\n<!-- \/ Yoast SEO plugin. -->","yoast_head_json":{"title":"Kl\u00f6sters is betonproducent voor Duitsland en Nederland","description":"We leveren beton in het Ruhrgebied en de driehoek Roermond, Eindhoven, Nijmegen. Volgens de NEN-EN 206-1 en in Nederland volgens de NEN 8005.","robots":{"index":"index","follow":"follow","max-snippet":"max-snippet:-1","max-image-preview":"max-image-preview:large","max-video-preview":"max-video-preview:-1"},"canonical":"https:\/\/www.kloesters.nl\/de\/ueber-uns\/","og_locale":"de_DE","og_type":"article","og_title":"Kl\u00f6sters is betonproducent voor Duitsland en Nederland","og_description":"We leveren beton in het Ruhrgebied en de driehoek Roermond, Eindhoven, Nijmegen. Volgens de NEN-EN 206-1 en in Nederland volgens de NEN 8005.","og_url":"https:\/\/www.kloesters.nl\/de\/ueber-uns\/","og_site_name":"Kl\u00f6sters Beton","article_modified_time":"2021-05-27T11:31:25+00:00","twitter_card":"summary_large_image","twitter_misc":{"Gesch\u00e4tzte Lesezeit":"3\u00a0Minuten"},"schema":{"@context":"https:\/\/schema.org","@graph":[{"@type":"WebPage","@id":"https:\/\/www.kloesters.nl\/de\/ueber-uns\/","url":"https:\/\/www.kloesters.nl\/de\/ueber-uns\/","name":"Kl\u00f6sters is betonproducent voor Duitsland en Nederland","isPartOf":{"@id":"https:\/\/www.kloesters.nl\/de\/#website"},"datePublished":"2020-07-07T10:56:28+00:00","dateModified":"2021-05-27T11:31:25+00:00","description":"We leveren beton in het Ruhrgebied en de driehoek Roermond, Eindhoven, Nijmegen. Volgens de NEN-EN 206-1 en in Nederland volgens de NEN 8005.","breadcrumb":{"@id":"https:\/\/www.kloesters.nl\/de\/ueber-uns\/#breadcrumb"},"inLanguage":"de","potentialAction":[{"@type":"ReadAction","target":["https:\/\/www.kloesters.nl\/de\/ueber-uns\/"]}]},{"@type":"BreadcrumbList","@id":"https:\/\/www.kloesters.nl\/de\/ueber-uns\/#breadcrumb","itemListElement":[{"@type":"ListItem","position":1,"name":"Home","item":"https:\/\/www.kloesters.nl\/de\/"},{"@type":"ListItem","position":2,"name":"\u00dcber uns"}]},{"@type":"WebSite","@id":"https:\/\/www.kloesters.nl\/de\/#website","url":"https:\/\/www.kloesters.nl\/de\/","name":"Kl\u00f6sters Beton","description":"Welkom bij Kl\u00f6sters Beton","potentialAction":[{"@type":"SearchAction","target":{"@type":"EntryPoint","urlTemplate":"https:\/\/www.kloesters.nl\/de\/?s={search_term_string}"},"query-input":{"@type":"PropertyValueSpecification","valueRequired":true,"valueName":"search_term_string"}}],"inLanguage":"de"}]}},"_links":{"self":[{"href":"https:\/\/www.kloesters.nl\/de\/wp-json\/wp\/v2\/pages\/646","targetHints":{"allow":["GET"]}}],"collection":[{"href":"https:\/\/www.kloesters.nl\/de\/wp-json\/wp\/v2\/pages"}],"about":[{"href":"https:\/\/www.kloesters.nl\/de\/wp-json\/wp\/v2\/types\/page"}],"author":[{"embeddable":true,"href":"https:\/\/www.kloesters.nl\/de\/wp-json\/wp\/v2\/users\/1"}],"replies":[{"embeddable":true,"href":"https:\/\/www.kloesters.nl\/de\/wp-json\/wp\/v2\/comments?post=646"}],"version-history":[{"count":5,"href":"https:\/\/www.kloesters.nl\/de\/wp-json\/wp\/v2\/pages\/646\/revisions"}],"predecessor-version":[{"id":1306,"href":"https:\/\/www.kloesters.nl\/de\/wp-json\/wp\/v2\/pages\/646\/revisions\/1306"}],"wp:attachment":[{"href":"https:\/\/www.kloesters.nl\/de\/wp-json\/wp\/v2\/media?parent=646"}],"curies":[{"name":"wp","href":"https:\/\/api.w.org\/{rel}","templated":true}]}}