{"id":6507,"date":"2026-02-25T19:22:38","date_gmt":"2026-02-25T10:37:38","guid":{"rendered":"https:\/\/www.kloesters.nl\/zertifizierungen-2\/"},"modified":"2026-02-25T19:23:22","modified_gmt":"2026-02-25T10:38:22","slug":"zertifizierungen","status":"publish","type":"page","link":"https:\/\/www.kloesters.nl\/de\/zertifizierungen\/","title":{"rendered":"Zertifizierungen"},"content":{"rendered":"<div class=\"wpb-content-wrapper\"><p>[vc_row css_animation=&#8220;&#8220; row_type=&#8220;row&#8220; use_row_as_full_screen_section=&#8220;no&#8220; type=&#8220;grid&#8220; angled_section=&#8220;no&#8220; text_align=&#8220;left&#8220; background_image_as_pattern=&#8220;without_pattern&#8220; css=&#8220;.vc_custom_1624263323772{padding-top: 5em !important;padding-bottom: 5em !important;}&#8220; z_index=&#8220;&#8220;][vc_column][vc_column_text css=&#8220;&#8220;]<\/p>\n<h2>Zertifizierungen<\/h2>\n<p>[\/vc_column_text][vc_empty_space height=&#8220;1em&#8220;][vc_empty_space height=&#8220;1em&#8220;][vc_column_text css=&#8220;&#8220;]<a href=\"https:\/\/www.kloesters.nl\/wp-content\/uploads\/2026\/01\/KOMO-certificaat-2025.pdf\"><strong>KOMO<\/strong><\/a><\/p>\n<p><a href=\"https:\/\/www.kloesters.nl\/wp-content\/uploads\/2025\/04\/ISO-50001.pdf\"><strong>ISO-50001<\/strong><\/a><\/p>\n<p><a href=\"https:\/\/www.kloesters.nl\/wp-content\/uploads\/2025\/04\/Grundsatzerklarung-Klosters-2025.pdf\"><strong><a href=\"https:\/\/www.kloesters.nl\/wp-content\/uploads\/2025\/04\/Grundsatzerklarung-Klosters-2025.pdf\">Grundsatzerkl\u00e4rung Kl\u00f6sters 2025<\/a><\/strong><\/a><\/p>\n<p><a href=\"https:\/\/www.kloesters.nl\/wp-content\/uploads\/2025\/04\/721-CSC24-2025-Zertifikat-Wachtendonk-AGG.pdf\"><strong>CSC Gesteinsk\u00f6rnung<\/strong><\/a><\/p>\n<p><a href=\"https:\/\/www.kloesters.nl\/wp-content\/uploads\/2025\/04\/846-CSC24-2025-Zertifikat-Kaarst-Beton.pdf\"><strong>CSC Beton Kaarst<\/strong><\/a><\/p>\n<p><a href=\"https:\/\/www.kloesters.nl\/wp-content\/uploads\/2025\/04\/788-CSC24-2025-Zertifikat-Wachtendonk-Beton.pdf\"><strong>CSC Beton Wachtendonk<\/strong><\/a><\/p>\n<p><a href=\"https:\/\/www.kloesters.nl\/wp-content\/uploads\/2025\/04\/845-CSC24-2025-Zertifikat-Neukirchen-Vluyn-Beton.pdf\"><strong>CSC Beton Neukirchen-Vluyn<\/strong><\/a>[\/vc_column_text][\/vc_column][\/vc_row]<\/p>\n<\/div>","protected":false},"excerpt":{"rendered":"<p>[vc_row css_animation=&#8220;&#8220; row_type=&#8220;row&#8220; use_row_as_full_screen_section=&#8220;no&#8220; type=&#8220;grid&#8220; angled_section=&#8220;no&#8220; text_align=&#8220;left&#8220; background_image_as_pattern=&#8220;without_pattern&#8220; css=&#8220;.vc_custom_1624263323772{padding-top: 5em !important;padding-bottom: 5em !important;}&#8220; z_index=&#8220;&#8220;][vc_column][vc_column_text css=&#8220;&#8220;] Zertifizierungen [\/vc_column_text][vc_empty_space height=&#8220;1em&#8220;][vc_empty_space height=&#8220;1em&#8220;][vc_column_text css=&#8220;&#8220;]KOMO ISO-50001 Grundsatzerkl\u00e4rung Kl\u00f6sters 2025 CSC Gesteinsk\u00f6rnung CSC Beton Kaarst CSC Beton Wachtendonk CSC Beton Neukirchen-Vluyn[\/vc_column_text][\/vc_column][\/vc_row]<\/p>\n","protected":false},"author":1,"featured_media":0,"parent":0,"menu_order":0,"comment_status":"closed","ping_status":"closed","template":"full_width.php","meta":{"footnotes":""},"class_list":["post-6507","page","type-page","status-publish","hentry"],"yoast_head":"<!-- This site is optimized with the Yoast SEO plugin v27.4 - https:\/\/yoast.com\/product\/yoast-seo-wordpress\/ -->\n<title>Zertifizierungen - Kl\u00f6sters Beton<\/title>\n<meta name=\"robots\" content=\"index, follow, max-snippet:-1, max-image-preview:large, max-video-preview:-1\" \/>\n<link rel=\"canonical\" href=\"https:\/\/www.kloesters.nl\/de\/zertifizierungen\/\" \/>\n<meta property=\"og:locale\" content=\"de_DE\" \/>\n<meta property=\"og:type\" content=\"article\" \/>\n<meta property=\"og:title\" content=\"Zertifizierungen - Kl\u00f6sters Beton\" \/>\n<meta property=\"og:description\" content=\"[vc_row css_animation=&#8220;&#8220; row_type=&#8220;row&#8220; use_row_as_full_screen_section=&#8220;no&#8220; type=&#8220;grid&#8220; angled_section=&#8220;no&#8220; text_align=&#8220;left&#8220; background_image_as_pattern=&#8220;without_pattern&#8220; css=&#8220;.vc_custom_1624263323772{padding-top: 5em !important;padding-bottom: 5em !important;}&#8220; z_index=&#8220;&#8220;][vc_column][vc_column_text css=&#8220;&#8220;] Zertifizierungen [\/vc_column_text][vc_empty_space height=&#8220;1em&#8220;][vc_empty_space height=&#8220;1em&#8220;][vc_column_text css=&#8220;&#8220;]KOMO ISO-50001 Grundsatzerkl\u00e4rung Kl\u00f6sters 2025 CSC Gesteinsk\u00f6rnung CSC Beton Kaarst CSC Beton Wachtendonk CSC Beton Neukirchen-Vluyn[\/vc_column_text][\/vc_column][\/vc_row]\" \/>\n<meta property=\"og:url\" content=\"https:\/\/www.kloesters.nl\/de\/zertifizierungen\/\" \/>\n<meta property=\"og:site_name\" content=\"Kl\u00f6sters Beton\" \/>\n<meta property=\"article:modified_time\" content=\"2026-02-25T10:38:22+00:00\" \/>\n<meta name=\"twitter:card\" content=\"summary_large_image\" \/>\n<script type=\"application\/ld+json\" class=\"yoast-schema-graph\">{\"@context\":\"https:\\\/\\\/schema.org\",\"@graph\":[{\"@type\":\"WebPage\",\"@id\":\"https:\\\/\\\/www.kloesters.nl\\\/de\\\/zertifizierungen\\\/\",\"url\":\"https:\\\/\\\/www.kloesters.nl\\\/de\\\/zertifizierungen\\\/\",\"name\":\"Zertifizierungen - Kl\u00f6sters Beton\",\"isPartOf\":{\"@id\":\"https:\\\/\\\/www.kloesters.nl\\\/de\\\/#website\"},\"datePublished\":\"2026-02-25T10:37:38+00:00\",\"dateModified\":\"2026-02-25T10:38:22+00:00\",\"breadcrumb\":{\"@id\":\"https:\\\/\\\/www.kloesters.nl\\\/de\\\/zertifizierungen\\\/#breadcrumb\"},\"inLanguage\":\"de\",\"potentialAction\":[{\"@type\":\"ReadAction\",\"target\":[\"https:\\\/\\\/www.kloesters.nl\\\/de\\\/zertifizierungen\\\/\"]}]},{\"@type\":\"BreadcrumbList\",\"@id\":\"https:\\\/\\\/www.kloesters.nl\\\/de\\\/zertifizierungen\\\/#breadcrumb\",\"itemListElement\":[{\"@type\":\"ListItem\",\"position\":1,\"name\":\"Home\",\"item\":\"https:\\\/\\\/www.kloesters.nl\\\/de\\\/\"},{\"@type\":\"ListItem\",\"position\":2,\"name\":\"Zertifizierungen\"}]},{\"@type\":\"WebSite\",\"@id\":\"https:\\\/\\\/www.kloesters.nl\\\/de\\\/#website\",\"url\":\"https:\\\/\\\/www.kloesters.nl\\\/de\\\/\",\"name\":\"Kl\u00f6sters Beton\",\"description\":\"Welkom bij Kl\u00f6sters Beton\",\"potentialAction\":[{\"@type\":\"SearchAction\",\"target\":{\"@type\":\"EntryPoint\",\"urlTemplate\":\"https:\\\/\\\/www.kloesters.nl\\\/de\\\/?s={search_term_string}\"},\"query-input\":{\"@type\":\"PropertyValueSpecification\",\"valueRequired\":true,\"valueName\":\"search_term_string\"}}],\"inLanguage\":\"de\"}]}<\/script>\n<!-- \/ Yoast SEO plugin. -->","yoast_head_json":{"title":"Zertifizierungen - Kl\u00f6sters Beton","robots":{"index":"index","follow":"follow","max-snippet":"max-snippet:-1","max-image-preview":"max-image-preview:large","max-video-preview":"max-video-preview:-1"},"canonical":"https:\/\/www.kloesters.nl\/de\/zertifizierungen\/","og_locale":"de_DE","og_type":"article","og_title":"Zertifizierungen - Kl\u00f6sters Beton","og_description":"[vc_row css_animation=&#8220;&#8220; row_type=&#8220;row&#8220; use_row_as_full_screen_section=&#8220;no&#8220; type=&#8220;grid&#8220; angled_section=&#8220;no&#8220; text_align=&#8220;left&#8220; background_image_as_pattern=&#8220;without_pattern&#8220; css=&#8220;.vc_custom_1624263323772{padding-top: 5em !important;padding-bottom: 5em !important;}&#8220; z_index=&#8220;&#8220;][vc_column][vc_column_text css=&#8220;&#8220;] Zertifizierungen [\/vc_column_text][vc_empty_space height=&#8220;1em&#8220;][vc_empty_space height=&#8220;1em&#8220;][vc_column_text css=&#8220;&#8220;]KOMO ISO-50001 Grundsatzerkl\u00e4rung Kl\u00f6sters 2025 CSC Gesteinsk\u00f6rnung CSC Beton Kaarst CSC Beton Wachtendonk CSC Beton Neukirchen-Vluyn[\/vc_column_text][\/vc_column][\/vc_row]","og_url":"https:\/\/www.kloesters.nl\/de\/zertifizierungen\/","og_site_name":"Kl\u00f6sters Beton","article_modified_time":"2026-02-25T10:38:22+00:00","twitter_card":"summary_large_image","schema":{"@context":"https:\/\/schema.org","@graph":[{"@type":"WebPage","@id":"https:\/\/www.kloesters.nl\/de\/zertifizierungen\/","url":"https:\/\/www.kloesters.nl\/de\/zertifizierungen\/","name":"Zertifizierungen - Kl\u00f6sters Beton","isPartOf":{"@id":"https:\/\/www.kloesters.nl\/de\/#website"},"datePublished":"2026-02-25T10:37:38+00:00","dateModified":"2026-02-25T10:38:22+00:00","breadcrumb":{"@id":"https:\/\/www.kloesters.nl\/de\/zertifizierungen\/#breadcrumb"},"inLanguage":"de","potentialAction":[{"@type":"ReadAction","target":["https:\/\/www.kloesters.nl\/de\/zertifizierungen\/"]}]},{"@type":"BreadcrumbList","@id":"https:\/\/www.kloesters.nl\/de\/zertifizierungen\/#breadcrumb","itemListElement":[{"@type":"ListItem","position":1,"name":"Home","item":"https:\/\/www.kloesters.nl\/de\/"},{"@type":"ListItem","position":2,"name":"Zertifizierungen"}]},{"@type":"WebSite","@id":"https:\/\/www.kloesters.nl\/de\/#website","url":"https:\/\/www.kloesters.nl\/de\/","name":"Kl\u00f6sters Beton","description":"Welkom bij Kl\u00f6sters Beton","potentialAction":[{"@type":"SearchAction","target":{"@type":"EntryPoint","urlTemplate":"https:\/\/www.kloesters.nl\/de\/?s={search_term_string}"},"query-input":{"@type":"PropertyValueSpecification","valueRequired":true,"valueName":"search_term_string"}}],"inLanguage":"de"}]}},"_links":{"self":[{"href":"https:\/\/www.kloesters.nl\/de\/wp-json\/wp\/v2\/pages\/6507","targetHints":{"allow":["GET"]}}],"collection":[{"href":"https:\/\/www.kloesters.nl\/de\/wp-json\/wp\/v2\/pages"}],"about":[{"href":"https:\/\/www.kloesters.nl\/de\/wp-json\/wp\/v2\/types\/page"}],"author":[{"embeddable":true,"href":"https:\/\/www.kloesters.nl\/de\/wp-json\/wp\/v2\/users\/1"}],"replies":[{"embeddable":true,"href":"https:\/\/www.kloesters.nl\/de\/wp-json\/wp\/v2\/comments?post=6507"}],"version-history":[{"count":8,"href":"https:\/\/www.kloesters.nl\/de\/wp-json\/wp\/v2\/pages\/6507\/revisions"}],"predecessor-version":[{"id":6515,"href":"https:\/\/www.kloesters.nl\/de\/wp-json\/wp\/v2\/pages\/6507\/revisions\/6515"}],"wp:attachment":[{"href":"https:\/\/www.kloesters.nl\/de\/wp-json\/wp\/v2\/media?parent=6507"}],"curies":[{"name":"wp","href":"https:\/\/api.w.org\/{rel}","templated":true}]}}